{"id":59272,"date":"2024-03-04T15:47:11","date_gmt":"2024-03-04T13:47:11","guid":{"rendered":"https:\/\/www.nautical.store\/toode\/w-loft-fleece\/"},"modified":"2025-11-11T12:48:40","modified_gmt":"2025-11-11T10:48:40","slug":"w-loft-fleece","status":"publish","type":"product","link":"https:\/\/nautical.store\/fi\/tuote\/w-loft-fleece\/","title":{"rendered":"PelleP Naisten Loft-fleece"},"content":{"rendered":"<p>Monik\u00e4ytt\u00f6inen ja l\u00e4mmitt\u00e4v\u00e4 v\u00e4likerros pehme\u00e4st\u00e4, joustavasta fleecest\u00e4. T\u00e4m\u00e4 vaate on suunniteltu huolella kest\u00e4vyytt\u00e4 silm\u00e4ll\u00e4 pit\u00e4en \u2013 valmistettu 100 % kierr\u00e4tetyst\u00e4 polyesterist\u00e4. Loft-fleecess\u00e4 on k\u00e4yt\u00e4nn\u00f6lliset ominaisuudet: kaksi vetoketjullista sivutaskua k\u00e4sien l\u00e4mmitt\u00e4miseen, pieni rintatasku henkil\u00f6kohtaisille tavaroille kontrastiv\u00e4risest\u00e4 twill-kankaasta sek\u00e4 puolivetoketju edess\u00e4. Mukavan korkea kaulus pit\u00e4\u00e4 l\u00e4mpim\u00e4n\u00e4 ja tuo lis\u00e4mukavuutta koko p\u00e4iv\u00e4n ajan. Sulje vetoketju ja nauti t\u00e4m\u00e4n eritt\u00e4in mukavan vaatteen l\u00e4mm\u00f6st\u00e4 viilein\u00e4 iltoina.<\/p>\n<ul>\n<li>100 % kierr\u00e4tetty\u00e4 polyesteri\u00e4<\/li>\n<li>Pehme\u00e4 fleeceneule kontrastiv\u00e4risell\u00e4 twill-rintataskulla<\/li>\n<li>Vislonin puolivetoketju edess\u00e4<\/li>\n<li>Vislon-vetoketjut taskuissa<\/li>\n<li>Joustava reunaviimeistely helmassa ja hihansuissa<\/li>\n<li>Mukavan korkea kaulus<\/li>\n<li>Brodeerattu P-logo rintataskussa ja niskassa<\/li>\n<\/ul>\n","protected":false},"excerpt":{"rendered":"<p>Mukava fleece naisille<\/p>\n","protected":false},"featured_media":61933,"template":"","meta":{"_acf_changed":false},"pwb-brand":[838],"product_brand":[],"product_cat":[688,827],"product_tag":[],"woo-feed-brand":[],"class_list":{"0":"post-59272","1":"product","2":"type-product","3":"status-publish","4":"has-post-thumbnail","6":"pwb-brand-pelle-petterson-fi","7":"product_cat-hupparit-ja-fleecet","8":"product_cat-naiset","10":"first","11":"instock","12":"taxable","13":"shipping-taxable","14":"purchasable","15":"product-type-variable","16":"wvs-archive-product-wrapper"},"acf":[],"brands":[{"id":838,"name":"Pelle Petterson","slug":"pelle-petterson-fi"}],"_links":{"self":[{"href":"https:\/\/nautical.store\/fi\/wp-json\/wp\/v2\/product\/59272","targetHints":{"allow":["GET"]}}],"collection":[{"href":"https:\/\/nautical.store\/fi\/wp-json\/wp\/v2\/product"}],"about":[{"href":"https:\/\/nautical.store\/fi\/wp-json\/wp\/v2\/types\/product"}],"wp:featuredmedia":[{"embeddable":true,"href":"https:\/\/nautical.store\/fi\/wp-json\/wp\/v2\/media\/61933"}],"wp:attachment":[{"href":"https:\/\/nautical.store\/fi\/wp-json\/wp\/v2\/media?parent=59272"}],"wp:term":[{"taxonomy":"pwb-brand","embeddable":true,"href":"https:\/\/nautical.store\/fi\/wp-json\/wp\/v2\/pwb-brand?post=59272"},{"taxonomy":"product_brand","embeddable":true,"href":"https:\/\/nautical.store\/fi\/wp-json\/wp\/v2\/product_brand?post=59272"},{"taxonomy":"product_cat","embeddable":true,"href":"https:\/\/nautical.store\/fi\/wp-json\/wp\/v2\/product_cat?post=59272"},{"taxonomy":"product_tag","embeddable":true,"href":"https:\/\/nautical.store\/fi\/wp-json\/wp\/v2\/product_tag?post=59272"},{"taxonomy":"woo-feed-brand","embeddable":true,"href":"https:\/\/nautical.store\/fi\/wp-json\/wp\/v2\/woo-feed-brand?post=59272"}],"curies":[{"name":"wp","href":"https:\/\/api.w.org\/{rel}","templated":true}]}}