{"id":59278,"date":"2024-03-04T15:11:55","date_gmt":"2024-03-04T13:11:55","guid":{"rendered":"https:\/\/www.nautical.store\/toode\/w-loft-liivi\/"},"modified":"2024-10-19T20:47:12","modified_gmt":"2024-10-19T17:47:12","slug":"w-loft-liivi","status":"publish","type":"product","link":"https:\/\/nautical.store\/fi\/tuote\/w-loft-liivi\/","title":{"rendered":"W Loft Liivi"},"content":{"rendered":"<p>Mukava fleece on k\u00e4yt\u00e4nn\u00f6llinen ja tyylik\u00e4s vaate, joka antaa lis\u00e4l\u00e4mp\u00f6\u00e4.<\/p>\n<ul>\n<li>Kaksi vetoketjullista sivutaskua<\/li>\n<li>Rintatasku<\/li>\n<li>100 % kierr\u00e4tetty\u00e4 polyesteri\u00e4<\/li>\n<li>Korkea kaulus<\/li>\n<li>P-logo vetoketjut<\/li>\n<li>P-logo rintataskussa ja takakaula-aukossa<\/li>\n<li>Ihanteellinen paidan p\u00e4\u00e4lle tai lis\u00e4kerrokseksi takin alle<\/li>\n<\/ul>\n","protected":false},"excerpt":{"rendered":"<p>Mukava fleece on k\u00e4yt\u00e4nn\u00f6llinen ja tyylik\u00e4s vaate, joka antaa lis\u00e4l\u00e4mp\u00f6\u00e4. Kaksi vetoketjullista sivutaskua Rintatasku 100 % kierr\u00e4tetty\u00e4 polyesteri\u00e4 Korkea kaulus P-logo vetoketjut P-logo rintataskussa ja takakaula-aukossa Ihanteellinen paidan p\u00e4\u00e4lle tai lis\u00e4kerrokseksi takin alle<\/p>\n","protected":false},"featured_media":62526,"template":"","meta":{"_acf_changed":false},"pwb-brand":[838],"product_brand":[],"product_cat":[688,827],"product_tag":[],"woo-feed-brand":[],"class_list":{"0":"post-59278","1":"product","2":"type-product","3":"status-publish","4":"has-post-thumbnail","6":"pwb-brand-pelle-petterson-fi","7":"product_cat-hupparit-ja-fleecet","8":"product_cat-naiset","10":"first","11":"instock","12":"taxable","13":"shipping-taxable","14":"purchasable","15":"product-type-variable","16":"wvs-archive-product-wrapper"},"acf":[],"brands":[{"id":838,"name":"Pelle Petterson","slug":"pelle-petterson-fi"}],"_links":{"self":[{"href":"https:\/\/nautical.store\/fi\/wp-json\/wp\/v2\/product\/59278","targetHints":{"allow":["GET"]}}],"collection":[{"href":"https:\/\/nautical.store\/fi\/wp-json\/wp\/v2\/product"}],"about":[{"href":"https:\/\/nautical.store\/fi\/wp-json\/wp\/v2\/types\/product"}],"wp:featuredmedia":[{"embeddable":true,"href":"https:\/\/nautical.store\/fi\/wp-json\/wp\/v2\/media\/62526"}],"wp:attachment":[{"href":"https:\/\/nautical.store\/fi\/wp-json\/wp\/v2\/media?parent=59278"}],"wp:term":[{"taxonomy":"pwb-brand","embeddable":true,"href":"https:\/\/nautical.store\/fi\/wp-json\/wp\/v2\/pwb-brand?post=59278"},{"taxonomy":"product_brand","embeddable":true,"href":"https:\/\/nautical.store\/fi\/wp-json\/wp\/v2\/product_brand?post=59278"},{"taxonomy":"product_cat","embeddable":true,"href":"https:\/\/nautical.store\/fi\/wp-json\/wp\/v2\/product_cat?post=59278"},{"taxonomy":"product_tag","embeddable":true,"href":"https:\/\/nautical.store\/fi\/wp-json\/wp\/v2\/product_tag?post=59278"},{"taxonomy":"woo-feed-brand","embeddable":true,"href":"https:\/\/nautical.store\/fi\/wp-json\/wp\/v2\/woo-feed-brand?post=59278"}],"curies":[{"name":"wp","href":"https:\/\/api.w.org\/{rel}","templated":true}]}}