{"id":59287,"date":"2024-03-04T13:34:09","date_gmt":"2024-03-04T11:34:09","guid":{"rendered":"https:\/\/www.nautical.store\/toode\/carina-valikausitakki\/"},"modified":"2026-01-22T21:49:06","modified_gmt":"2026-01-22T19:49:06","slug":"carina-valikausitakki","status":"publish","type":"product","link":"https:\/\/nautical.store\/fi\/tuote\/carina-valikausitakki\/","title":{"rendered":"Carina Kevyttoppatakki"},"content":{"rendered":"<p><!--StartFragment --><\/p>\n<p>Kevyt, tikattu naisten takki tai jakku. Lyhyt malli<\/p>\n<ul>\n<li>Vetoketjulliset taskut sivuilla<\/li>\n<li>Suora ja kapea leikkaus<\/li>\n<li>Py\u00f6re\u00e4 p\u00e4\u00e4ntie<\/li>\n<li>Vedenkest\u00e4v\u00e4<\/li>\n<li>Koko S: hihan pituus 60 cm, sel\u00e4n leveys 38 cm, pituus 53 cm<\/li>\n<li>Mukana pussi (26 \u00d7 20 cm), johon takki mahtuu<\/li>\n<li>Mallin mitat: pituus 178 cm, rinta 85 cm, vy\u00f6t\u00e4r\u00f6 60 cm, lantio 88 cm \u2013 k\u00e4ytt\u00e4\u00e4 kokoa 1\/S<\/li>\n<\/ul>\n<p><!--EndFragment --><\/p>\n","protected":false},"excerpt":{"rendered":"<p>Naisten kevyt lyhyt vetoketjullinen takki<\/p>\n","protected":false},"featured_media":90843,"template":"","meta":{"_acf_changed":false},"pwb-brand":[1744],"product_brand":[],"product_cat":[877,827,617],"product_tag":[],"woo-feed-brand":[],"class_list":{"0":"post-59287","1":"product","2":"type-product","3":"status-publish","4":"has-post-thumbnail","6":"pwb-brand-save-the-duck-fi","7":"product_cat-edullinen-hinta-naiset","8":"product_cat-naiset","9":"product_cat-paallysvaatteet","11":"first","12":"instock","13":"sale","14":"taxable","15":"shipping-taxable","16":"purchasable","17":"product-type-variable","18":"wvs-archive-product-wrapper"},"acf":[],"brands":[{"id":1744,"name":"Save the Duck","slug":"save-the-duck-fi"}],"_links":{"self":[{"href":"https:\/\/nautical.store\/fi\/wp-json\/wp\/v2\/product\/59287","targetHints":{"allow":["GET"]}}],"collection":[{"href":"https:\/\/nautical.store\/fi\/wp-json\/wp\/v2\/product"}],"about":[{"href":"https:\/\/nautical.store\/fi\/wp-json\/wp\/v2\/types\/product"}],"wp:featuredmedia":[{"embeddable":true,"href":"https:\/\/nautical.store\/fi\/wp-json\/wp\/v2\/media\/90843"}],"wp:attachment":[{"href":"https:\/\/nautical.store\/fi\/wp-json\/wp\/v2\/media?parent=59287"}],"wp:term":[{"taxonomy":"pwb-brand","embeddable":true,"href":"https:\/\/nautical.store\/fi\/wp-json\/wp\/v2\/pwb-brand?post=59287"},{"taxonomy":"product_brand","embeddable":true,"href":"https:\/\/nautical.store\/fi\/wp-json\/wp\/v2\/product_brand?post=59287"},{"taxonomy":"product_cat","embeddable":true,"href":"https:\/\/nautical.store\/fi\/wp-json\/wp\/v2\/product_cat?post=59287"},{"taxonomy":"product_tag","embeddable":true,"href":"https:\/\/nautical.store\/fi\/wp-json\/wp\/v2\/product_tag?post=59287"},{"taxonomy":"woo-feed-brand","embeddable":true,"href":"https:\/\/nautical.store\/fi\/wp-json\/wp\/v2\/woo-feed-brand?post=59287"}],"curies":[{"name":"wp","href":"https:\/\/api.w.org\/{rel}","templated":true}]}}