{"id":59306,"date":"2024-03-01T14:09:17","date_gmt":"2024-03-01T12:09:17","guid":{"rendered":"https:\/\/www.nautical.store\/toode\/oakland-ladies-navy\/"},"modified":"2025-11-06T14:00:09","modified_gmt":"2025-11-06T12:00:09","slug":"oakland-ladies-navy","status":"publish","type":"product","link":"https:\/\/nautical.store\/fi\/tuote\/oakland-ladies-navy\/","title":{"rendered":"Oakland Ladies Navy"},"content":{"rendered":"<p>Klassiset, kes\u00e4iset naisten purjehduskeng\u00e4t. Valmistettu k\u00e4sity\u00f6n\u00e4 korkealaatuisista materiaaleista.<\/p>\n<ul>\n<li>Perinteinen purjehduskenk\u00e4malli<\/li>\n<li>Luistamaton ja ei-j\u00e4lki\u00e4 j\u00e4tt\u00e4v\u00e4 kumipohja<\/li>\n<li>\u00d6ljytty nubuknahka<\/li>\n<li>T\u00e4ysmokkasiinirakenne<\/li>\n<li>Raakanahkaiset nauhat<\/li>\n<li>Ruostumattomat nauhanrei\u00e4t<\/li>\n<\/ul>\n","protected":false},"excerpt":{"rendered":"<p>Klassiset, kes\u00e4iset naisten purjehduskeng\u00e4t. Valmistettu k\u00e4sity\u00f6n\u00e4 korkealaatuisista materiaaleista. Perinteinen purjehduskenk\u00e4malli Luistamaton ja ei-j\u00e4lki\u00e4 j\u00e4tt\u00e4v\u00e4 kumipohja \u00d6ljytty nubuknahka T\u00e4ysmokkasiinirakenne Raakanahkaiset nauhat Ruostumattomat nauhanrei\u00e4t<\/p>\n","protected":false},"featured_media":58248,"template":"","meta":{"_acf_changed":false},"pwb-brand":[1178],"product_brand":[],"product_cat":[818,827,1269],"product_tag":[],"woo-feed-brand":[],"class_list":{"0":"post-59306","1":"product","2":"type-product","3":"status-publish","4":"has-post-thumbnail","6":"pwb-brand-orca-bay-fi","7":"product_cat-jalkineet-naiset","8":"product_cat-naiset","9":"product_cat-purjehdus","11":"first","12":"instock","13":"taxable","14":"shipping-taxable","15":"purchasable","16":"product-type-variable","17":"wvs-archive-product-wrapper"},"acf":[],"brands":[{"id":1178,"name":"Orca Bay","slug":"orca-bay-fi"}],"_links":{"self":[{"href":"https:\/\/nautical.store\/fi\/wp-json\/wp\/v2\/product\/59306","targetHints":{"allow":["GET"]}}],"collection":[{"href":"https:\/\/nautical.store\/fi\/wp-json\/wp\/v2\/product"}],"about":[{"href":"https:\/\/nautical.store\/fi\/wp-json\/wp\/v2\/types\/product"}],"wp:featuredmedia":[{"embeddable":true,"href":"https:\/\/nautical.store\/fi\/wp-json\/wp\/v2\/media\/58248"}],"wp:attachment":[{"href":"https:\/\/nautical.store\/fi\/wp-json\/wp\/v2\/media?parent=59306"}],"wp:term":[{"taxonomy":"pwb-brand","embeddable":true,"href":"https:\/\/nautical.store\/fi\/wp-json\/wp\/v2\/pwb-brand?post=59306"},{"taxonomy":"product_brand","embeddable":true,"href":"https:\/\/nautical.store\/fi\/wp-json\/wp\/v2\/product_brand?post=59306"},{"taxonomy":"product_cat","embeddable":true,"href":"https:\/\/nautical.store\/fi\/wp-json\/wp\/v2\/product_cat?post=59306"},{"taxonomy":"product_tag","embeddable":true,"href":"https:\/\/nautical.store\/fi\/wp-json\/wp\/v2\/product_tag?post=59306"},{"taxonomy":"woo-feed-brand","embeddable":true,"href":"https:\/\/nautical.store\/fi\/wp-json\/wp\/v2\/woo-feed-brand?post=59306"}],"curies":[{"name":"wp","href":"https:\/\/api.w.org\/{rel}","templated":true}]}}