{"id":59312,"date":"2024-02-29T15:18:34","date_gmt":"2024-02-29T13:18:34","guid":{"rendered":"https:\/\/www.nautical.store\/toode\/oakland-mens-navy\/"},"modified":"2026-03-21T12:24:23","modified_gmt":"2026-03-21T10:24:23","slug":"oakland-mens-navy","status":"publish","type":"product","link":"https:\/\/nautical.store\/fi\/tuote\/oakland-mens-navy\/","title":{"rendered":"Oakland Mens Navy"},"content":{"rendered":"<p>Klassiset miesten purjehduskeng\u00e4t. K\u00e4sintehty korkealaatuisista materiaaleista.<\/p>\n<ul>\n<li>perinteinen purjehduskenk\u00e4<\/li>\n<li>liukumaton ja hankaamaton kumipohja<\/li>\n<li>\u00f6ljytty nupukkinahka<\/li>\n<li>t\u00e4ysmokkasiini<\/li>\n<li>raakanahkaiset nauhat<\/li>\n<li>ruostumattomasta ter\u00e4ksest\u00e4 valmistetut rei\u00e4t<\/li>\n<\/ul>\n","protected":false},"excerpt":{"rendered":"<p>Klassiset miesten purjehduskeng\u00e4t. K\u00e4sintehty korkealaatuisista materiaaleista. perinteinen purjehduskenk\u00e4 liukumaton ja hankaamaton kumipohja \u00f6ljytty nupukkinahka t\u00e4ysmokkasiini raakanahkaiset nauhat ruostumattomasta ter\u00e4ksest\u00e4 valmistetut rei\u00e4t<\/p>\n","protected":false},"featured_media":58251,"template":"","meta":{"_acf_changed":false},"pwb-brand":[1178],"product_brand":[],"product_cat":[817,777,1269],"product_tag":[],"woo-feed-brand":[],"class_list":{"0":"post-59312","1":"product","2":"type-product","3":"status-publish","4":"has-post-thumbnail","6":"pwb-brand-orca-bay-fi","7":"product_cat-jalkineet","8":"product_cat-miehet","9":"product_cat-purjehdus","11":"first","12":"instock","13":"taxable","14":"shipping-taxable","15":"purchasable","16":"product-type-variable","17":"wvs-archive-product-wrapper"},"acf":[],"brands":[{"id":1178,"name":"Orca Bay","slug":"orca-bay-fi"}],"_links":{"self":[{"href":"https:\/\/nautical.store\/fi\/wp-json\/wp\/v2\/product\/59312","targetHints":{"allow":["GET"]}}],"collection":[{"href":"https:\/\/nautical.store\/fi\/wp-json\/wp\/v2\/product"}],"about":[{"href":"https:\/\/nautical.store\/fi\/wp-json\/wp\/v2\/types\/product"}],"wp:featuredmedia":[{"embeddable":true,"href":"https:\/\/nautical.store\/fi\/wp-json\/wp\/v2\/media\/58251"}],"wp:attachment":[{"href":"https:\/\/nautical.store\/fi\/wp-json\/wp\/v2\/media?parent=59312"}],"wp:term":[{"taxonomy":"pwb-brand","embeddable":true,"href":"https:\/\/nautical.store\/fi\/wp-json\/wp\/v2\/pwb-brand?post=59312"},{"taxonomy":"product_brand","embeddable":true,"href":"https:\/\/nautical.store\/fi\/wp-json\/wp\/v2\/product_brand?post=59312"},{"taxonomy":"product_cat","embeddable":true,"href":"https:\/\/nautical.store\/fi\/wp-json\/wp\/v2\/product_cat?post=59312"},{"taxonomy":"product_tag","embeddable":true,"href":"https:\/\/nautical.store\/fi\/wp-json\/wp\/v2\/product_tag?post=59312"},{"taxonomy":"woo-feed-brand","embeddable":true,"href":"https:\/\/nautical.store\/fi\/wp-json\/wp\/v2\/woo-feed-brand?post=59312"}],"curies":[{"name":"wp","href":"https:\/\/api.w.org\/{rel}","templated":true}]}}