{"id":59319,"date":"2024-02-29T14:53:19","date_gmt":"2024-02-29T12:53:19","guid":{"rendered":"https:\/\/www.nautical.store\/toode\/storm-boot-carbon\/"},"modified":"2026-03-21T11:31:45","modified_gmt":"2026-03-21T09:31:45","slug":"storm-boot-carbon","status":"publish","type":"product","link":"https:\/\/nautical.store\/fi\/tuote\/storm-boot-carbon\/","title":{"rendered":"STORM BOOT CARBON"},"content":{"rendered":"<p><!--StartFragment --><\/p>\n<p>Orca Bay Storm \u2011purjehdussaappaat on suunniteltu kest\u00e4m\u00e4\u00e4n \u00e4\u00e4rimm\u00e4isi\u00e4 s\u00e4\u00e4olosuhteita. T\u00e4m\u00e4 p\u00e4ivitetty malli on valmistettu kolmesta vedenpit\u00e4v\u00e4st\u00e4 nahasta, joita t\u00e4ydent\u00e4v\u00e4t vedenpit\u00e4v\u00e4 kalvo ja Aquastop\u2011vuori, tarjoten poikkeuksellisen mukavan ja l\u00e4mpim\u00e4n purjehdussaappaan. Luistamaton ja j\u00e4lki\u00e4 j\u00e4tt\u00e4m\u00e4t\u00f6n kumipohja takaa erinomaisen pidon m\u00e4rill\u00e4 pinnoilla.<\/p>\n<ul>\n<li>Vedenpit\u00e4v\u00e4 ja hengitt\u00e4v\u00e4 t\u00e4ydellist\u00e4 suojaa varten<\/li>\n<li>Kolme vedenpit\u00e4v\u00e4\u00e4 nahkaa paremman vedenpit\u00e4vyyden ja l\u00e4mm\u00f6n takaamiseksi<\/li>\n<li>Vedenpit\u00e4v\u00e4 kalvo<\/li>\n<li>Vuorattu lis\u00e4mukavuuden vuoksi<\/li>\n<li>Kumiset, luistamattomat ja j\u00e4lki\u00e4 j\u00e4tt\u00e4m\u00e4tt\u00f6m\u00e4t pohjat hyv\u00e4n pidon takaamiseksi liukkailla kansilla<\/li>\n<\/ul>\n<p><!--EndFragment --><\/p>\n","protected":false},"excerpt":{"rendered":"<p>Purjehdussaappaat<\/p>\n","protected":false},"featured_media":58227,"template":"","meta":{"_acf_changed":false},"pwb-brand":[1178],"product_brand":[],"product_cat":[817,818,777,827,1269],"product_tag":[],"woo-feed-brand":[],"class_list":{"0":"post-59319","1":"product","2":"type-product","3":"status-publish","4":"has-post-thumbnail","6":"pwb-brand-orca-bay-fi","7":"product_cat-jalkineet","8":"product_cat-jalkineet-naiset","9":"product_cat-miehet","10":"product_cat-naiset","11":"product_cat-purjehdus","13":"first","14":"instock","15":"taxable","16":"shipping-taxable","17":"purchasable","18":"product-type-variable","19":"wvs-archive-product-wrapper"},"acf":[],"brands":[{"id":1178,"name":"Orca Bay","slug":"orca-bay-fi"}],"_links":{"self":[{"href":"https:\/\/nautical.store\/fi\/wp-json\/wp\/v2\/product\/59319","targetHints":{"allow":["GET"]}}],"collection":[{"href":"https:\/\/nautical.store\/fi\/wp-json\/wp\/v2\/product"}],"about":[{"href":"https:\/\/nautical.store\/fi\/wp-json\/wp\/v2\/types\/product"}],"wp:featuredmedia":[{"embeddable":true,"href":"https:\/\/nautical.store\/fi\/wp-json\/wp\/v2\/media\/58227"}],"wp:attachment":[{"href":"https:\/\/nautical.store\/fi\/wp-json\/wp\/v2\/media?parent=59319"}],"wp:term":[{"taxonomy":"pwb-brand","embeddable":true,"href":"https:\/\/nautical.store\/fi\/wp-json\/wp\/v2\/pwb-brand?post=59319"},{"taxonomy":"product_brand","embeddable":true,"href":"https:\/\/nautical.store\/fi\/wp-json\/wp\/v2\/product_brand?post=59319"},{"taxonomy":"product_cat","embeddable":true,"href":"https:\/\/nautical.store\/fi\/wp-json\/wp\/v2\/product_cat?post=59319"},{"taxonomy":"product_tag","embeddable":true,"href":"https:\/\/nautical.store\/fi\/wp-json\/wp\/v2\/product_tag?post=59319"},{"taxonomy":"woo-feed-brand","embeddable":true,"href":"https:\/\/nautical.store\/fi\/wp-json\/wp\/v2\/woo-feed-brand?post=59319"}],"curies":[{"name":"wp","href":"https:\/\/api.w.org\/{rel}","templated":true}]}}