{"id":59331,"date":"2024-02-29T14:14:14","date_gmt":"2024-02-29T12:14:14","guid":{"rendered":"https:\/\/www.nautical.store\/toode\/angelika-tuulenpitava\/"},"modified":"2025-04-10T22:25:01","modified_gmt":"2025-04-10T19:25:01","slug":"angelika-tuulenpitava","status":"publish","type":"product","link":"https:\/\/nautical.store\/fi\/tuote\/angelika-tuulenpitava\/","title":{"rendered":"Angelika Tuulenpit\u00e4v\u00e4 Neule"},"content":{"rendered":"<p>Holebrook Angeliga windproof neule on jatkumoa merkin alkuajoista asti mukana olleelle ajatukselle; luoda vaatteita, erityisesti neuleita, jotka suojaavat saariston tuuliselta ilmastolta.<\/p>\n<ul>\n<li>Korkean v\u00e4lj\u00e4 kaulus, jossa kiritysny\u00f6ri<\/li>\n<li>Raglan-hihat<\/li>\n<li>\n<div class=\"qMOFyE\">P\u00e4\u00e4llikankaan materiaali:\u00a080% villa, 20% polyamidi<\/div>\n<\/li>\n<li>\n<div class=\"qMOFyE\">Vuori:\u00a096% polyesteri, 4% elastaani<\/div>\n<\/li>\n<li>Normaali istuvuus<\/li>\n<\/ul>\n","protected":false},"excerpt":{"rendered":"<p>Holebrook Angeliga windproof neule on jatkumoa merkin alkuajoista asti mukana olleelle ajatukselle; luoda vaatteita, erityisesti neuleita, jotka suojaavat saariston tuuliselta ilmastolta. Korkean v\u00e4lj\u00e4 kaulus, jossa kiritysny\u00f6ri Raglan-hihat P\u00e4\u00e4llikankaan materiaali:\u00a080% villa, 20% polyamidi Vuori:\u00a096% polyesteri, 4% elastaani Normaali istuvuus<\/p>\n","protected":false},"featured_media":58207,"template":"","meta":{"_acf_changed":false},"pwb-brand":[836],"product_brand":[],"product_cat":[877,827,1263,1187,710],"product_tag":[],"woo-feed-brand":[],"class_list":{"0":"post-59331","1":"product","2":"type-product","3":"status-publish","4":"has-post-thumbnail","6":"pwb-brand-holebrook-fi","7":"product_cat-edullinen-hinta-naiset","8":"product_cat-naiset","9":"product_cat-naisten-tuulenkestava-takki","10":"product_cat-tuulenpitavat-fi","11":"product_cat-tuulenpitavat-naiset","13":"first","14":"instock","15":"sale","16":"taxable","17":"shipping-taxable","18":"purchasable","19":"product-type-variable","20":"wvs-archive-product-wrapper"},"acf":[],"brands":[{"id":836,"name":"Holebrook","slug":"holebrook-fi"}],"_links":{"self":[{"href":"https:\/\/nautical.store\/fi\/wp-json\/wp\/v2\/product\/59331","targetHints":{"allow":["GET"]}}],"collection":[{"href":"https:\/\/nautical.store\/fi\/wp-json\/wp\/v2\/product"}],"about":[{"href":"https:\/\/nautical.store\/fi\/wp-json\/wp\/v2\/types\/product"}],"wp:featuredmedia":[{"embeddable":true,"href":"https:\/\/nautical.store\/fi\/wp-json\/wp\/v2\/media\/58207"}],"wp:attachment":[{"href":"https:\/\/nautical.store\/fi\/wp-json\/wp\/v2\/media?parent=59331"}],"wp:term":[{"taxonomy":"pwb-brand","embeddable":true,"href":"https:\/\/nautical.store\/fi\/wp-json\/wp\/v2\/pwb-brand?post=59331"},{"taxonomy":"product_brand","embeddable":true,"href":"https:\/\/nautical.store\/fi\/wp-json\/wp\/v2\/product_brand?post=59331"},{"taxonomy":"product_cat","embeddable":true,"href":"https:\/\/nautical.store\/fi\/wp-json\/wp\/v2\/product_cat?post=59331"},{"taxonomy":"product_tag","embeddable":true,"href":"https:\/\/nautical.store\/fi\/wp-json\/wp\/v2\/product_tag?post=59331"},{"taxonomy":"woo-feed-brand","embeddable":true,"href":"https:\/\/nautical.store\/fi\/wp-json\/wp\/v2\/woo-feed-brand?post=59331"}],"curies":[{"name":"wp","href":"https:\/\/api.w.org\/{rel}","templated":true}]}}