{"id":59341,"date":"2024-02-28T17:23:37","date_gmt":"2024-02-28T15:23:37","guid":{"rendered":"https:\/\/www.nautical.store\/toode\/engla-boatneck\/"},"modified":"2026-04-03T19:21:20","modified_gmt":"2026-04-03T16:21:20","slug":"engla-boatneck","status":"publish","type":"product","link":"https:\/\/nautical.store\/fi\/tuote\/engla-boatneck\/","title":{"rendered":"Engla Boatneck"},"content":{"rendered":"<p>Raidallinen 100 % puuvillainen neule klassisella venep\u00e4\u00e4ntiell\u00e4. Valmistettu \u201cheavy weight\u201d \u2011puuvillasta, joka on hieman paksumpaa, mutta silti viile\u00e4\u00e4 ja hengitt\u00e4v\u00e4\u00e4 materiaalia. Regular\u2011mitoitus ja pienet halkiot sivuilla. Valmistettu vastuullisesti Euroopassa.<\/p>\n<ul>\n<li>Regular\u2011istuvuus<\/li>\n<li>Venep\u00e4\u00e4ntie<\/li>\n<li>Pienet halkiot sivuilla<\/li>\n<li>Valmistettu raskaammasta puuvillakankaasta (heavy cotton jersey)<\/li>\n<li>Valmistettu Euroopassa<\/li>\n<li>Materiaali: 100 % puuvilla<\/li>\n<\/ul>\n","protected":false},"excerpt":{"rendered":"<p>Raidallinen 100 % puuvillaneule<\/p>\n","protected":false},"featured_media":94088,"template":"","meta":{"_acf_changed":false},"pwb-brand":[836],"product_brand":[],"product_cat":[827,601,590],"product_tag":[],"woo-feed-brand":[],"class_list":{"0":"post-59341","1":"product","2":"type-product","3":"status-publish","4":"has-post-thumbnail","6":"pwb-brand-holebrook-fi","7":"product_cat-naiset","8":"product_cat-neuleet","9":"product_cat-paidat","11":"first","12":"instock","13":"taxable","14":"shipping-taxable","15":"purchasable","16":"product-type-variable","17":"wvs-archive-product-wrapper"},"acf":[],"brands":[{"id":836,"name":"Holebrook","slug":"holebrook-fi"}],"_links":{"self":[{"href":"https:\/\/nautical.store\/fi\/wp-json\/wp\/v2\/product\/59341","targetHints":{"allow":["GET"]}}],"collection":[{"href":"https:\/\/nautical.store\/fi\/wp-json\/wp\/v2\/product"}],"about":[{"href":"https:\/\/nautical.store\/fi\/wp-json\/wp\/v2\/types\/product"}],"wp:featuredmedia":[{"embeddable":true,"href":"https:\/\/nautical.store\/fi\/wp-json\/wp\/v2\/media\/94088"}],"wp:attachment":[{"href":"https:\/\/nautical.store\/fi\/wp-json\/wp\/v2\/media?parent=59341"}],"wp:term":[{"taxonomy":"pwb-brand","embeddable":true,"href":"https:\/\/nautical.store\/fi\/wp-json\/wp\/v2\/pwb-brand?post=59341"},{"taxonomy":"product_brand","embeddable":true,"href":"https:\/\/nautical.store\/fi\/wp-json\/wp\/v2\/product_brand?post=59341"},{"taxonomy":"product_cat","embeddable":true,"href":"https:\/\/nautical.store\/fi\/wp-json\/wp\/v2\/product_cat?post=59341"},{"taxonomy":"product_tag","embeddable":true,"href":"https:\/\/nautical.store\/fi\/wp-json\/wp\/v2\/product_tag?post=59341"},{"taxonomy":"woo-feed-brand","embeddable":true,"href":"https:\/\/nautical.store\/fi\/wp-json\/wp\/v2\/woo-feed-brand?post=59341"}],"curies":[{"name":"wp","href":"https:\/\/api.w.org\/{rel}","templated":true}]}}