{"id":59348,"date":"2024-02-28T15:20:29","date_gmt":"2024-02-28T13:20:29","guid":{"rendered":"https:\/\/www.nautical.store\/toode\/ingvar-tuulenpitava\/"},"modified":"2024-03-21T13:41:55","modified_gmt":"2024-03-21T11:41:55","slug":"ingvar-tuulenpitava","status":"publish","type":"product","link":"https:\/\/nautical.store\/fi\/tuote\/ingvar-tuulenpitava\/","title":{"rendered":"Ingvar Tuulenpit\u00e4v\u00e4"},"content":{"rendered":"<p>100 % luomupuuvillasta kudottu villapaita, jossa on tuulenpit\u00e4v\u00e4 vuori.<\/p>\n<ul>\n<li>Vetoketjullinen kaulus<\/li>\n<li>Normaali istuvuus<\/li>\n<\/ul>\n","protected":false},"excerpt":{"rendered":"<p>100 % luomupuuvillasta kudottu villapaita, jossa on tuulenpit\u00e4v\u00e4 vuori. Vetoketjullinen kaulus Normaali istuvuus<\/p>\n","protected":false},"featured_media":58143,"template":"","meta":{"_acf_changed":false},"pwb-brand":[836],"product_brand":[],"product_cat":[876,777,1267,1187,706],"product_tag":[],"woo-feed-brand":[],"class_list":{"0":"post-59348","1":"product","2":"type-product","3":"status-publish","4":"has-post-thumbnail","6":"pwb-brand-holebrook-fi","7":"product_cat-edullinen-hinta-miehet-fi","8":"product_cat-miehet","9":"product_cat-tuulenkestava-miestentakki","10":"product_cat-tuulenpitavat-fi","11":"product_cat-tuulenpitavat-miehet","13":"first","14":"instock","15":"sale","16":"taxable","17":"shipping-taxable","18":"purchasable","19":"product-type-variable","20":"wvs-archive-product-wrapper"},"acf":[],"brands":[{"id":836,"name":"Holebrook","slug":"holebrook-fi"}],"_links":{"self":[{"href":"https:\/\/nautical.store\/fi\/wp-json\/wp\/v2\/product\/59348","targetHints":{"allow":["GET"]}}],"collection":[{"href":"https:\/\/nautical.store\/fi\/wp-json\/wp\/v2\/product"}],"about":[{"href":"https:\/\/nautical.store\/fi\/wp-json\/wp\/v2\/types\/product"}],"wp:featuredmedia":[{"embeddable":true,"href":"https:\/\/nautical.store\/fi\/wp-json\/wp\/v2\/media\/58143"}],"wp:attachment":[{"href":"https:\/\/nautical.store\/fi\/wp-json\/wp\/v2\/media?parent=59348"}],"wp:term":[{"taxonomy":"pwb-brand","embeddable":true,"href":"https:\/\/nautical.store\/fi\/wp-json\/wp\/v2\/pwb-brand?post=59348"},{"taxonomy":"product_brand","embeddable":true,"href":"https:\/\/nautical.store\/fi\/wp-json\/wp\/v2\/product_brand?post=59348"},{"taxonomy":"product_cat","embeddable":true,"href":"https:\/\/nautical.store\/fi\/wp-json\/wp\/v2\/product_cat?post=59348"},{"taxonomy":"product_tag","embeddable":true,"href":"https:\/\/nautical.store\/fi\/wp-json\/wp\/v2\/product_tag?post=59348"},{"taxonomy":"woo-feed-brand","embeddable":true,"href":"https:\/\/nautical.store\/fi\/wp-json\/wp\/v2\/woo-feed-brand?post=59348"}],"curies":[{"name":"wp","href":"https:\/\/api.w.org\/{rel}","templated":true}]}}