{"id":59354,"date":"2024-02-27T18:13:00","date_gmt":"2024-02-27T16:13:00","guid":{"rendered":"https:\/\/www.nautical.store\/toode\/lola-fullzip-tuulenpitava\/"},"modified":"2025-10-17T09:38:24","modified_gmt":"2025-10-17T06:38:24","slug":"lola-fullzip-tuulenpitava","status":"publish","type":"product","link":"https:\/\/nautical.store\/fi\/tuote\/lola-fullzip-tuulenpitava\/","title":{"rendered":"Lola Fullzip Tuulenpit\u00e4v\u00e4"},"content":{"rendered":"<p><!--StartFragment --><\/p>\n<p>Tyylik\u00e4s Milano-neulottu jakk, valmistettu 100 % eksklusiivisesta villalangasta, jolla on bluesign\u00ae-sertifikaatti.<br \/>\nKorkea ribattu kaulus, jonka sis\u00e4puoli on puuvillaa.<br \/>\nSivutaskut, kaksisuuntainen vetoketju ja heijastavat yksityiskohdat.<br \/>\nVett\u00e4 hylkiv\u00e4t tikatut osat sis\u00e4lt\u00e4v\u00e4t toiminnallisen kerrosmateriaalin, joka on valmistettu ruotsalaisesta villasta.<br \/>\nTuulenpit\u00e4v\u00e4 vuori koostuu 96 % polyesterist\u00e4 ja 4 % elastaanista.<br \/>\nTuulenpit\u00e4vyys saavutetaan ilman kemikaaleja \u2013 vuori on kudottu erityisell\u00e4 tekniikalla, joka tekee kankaasta eritt\u00e4in tiiviin mutta hengitt\u00e4v\u00e4n.<br \/>\nVett\u00e4 hylkiv\u00e4 Piumi\u00ae-materiaali on k\u00e4sitelty orgaanisella, fluorihiilivapaalla viimeistelyll\u00e4.<br \/>\nPiumi\u00ae hengitt\u00e4\u00e4 ja elastaani tekee kankaasta joustavan \u2013 se pys\u00e4ytt\u00e4\u00e4 tuulen mutta ei rajoita liikett\u00e4.<br \/>\nKaikki k\u00e4ytetyt materiaalit ovat \u00d6KO-tex\u00ae Standard 100 -sertifioituja, mik\u00e4 takaa, ett\u00e4 ne eiv\u00e4t sis\u00e4ll\u00e4 haitallisia aineita.<br \/>\nValmistettu vastuullisesti Euroopassa.<\/p>\n<p><strong>Materiaalit:<\/strong><br \/>\n\u2022 Neulottu kangas 1<br \/>\n\u2022 Neulottu kangas 2: 100 % puuvillaa<br \/>\n\u2022 Tuulenpit\u00e4v\u00e4 vuori: 96 % polyesteri\u00e4, 4 % elastaania<br \/>\n<!--StartFragment --><!--EndFragment -->\u2022 Kudottu kangas 1: 100 % polyamidia<br \/>\n\u2022 Kudottu kangas 2: 65 % polyesteri\u00e4, 35 % puuvillaa<\/p>\n<p><!--EndFragment --><\/p>\n","protected":false},"excerpt":{"rendered":"<p>Tuulenpit\u00e4v\u00e4 neulejakk vett\u00e4 hylkivill\u00e4 tikatuilla yksityiskohdilla<\/p>\n","protected":false},"featured_media":58117,"template":"","meta":{"_acf_changed":false},"pwb-brand":[836],"product_brand":[],"product_cat":[827,1263,1187,710],"product_tag":[],"woo-feed-brand":[],"class_list":{"0":"post-59354","1":"product","2":"type-product","3":"status-publish","4":"has-post-thumbnail","6":"pwb-brand-holebrook-fi","7":"product_cat-naiset","8":"product_cat-naisten-tuulenkestava-takki","9":"product_cat-tuulenpitavat-fi","10":"product_cat-tuulenpitavat-naiset","12":"first","13":"instock","14":"taxable","15":"shipping-taxable","16":"purchasable","17":"product-type-variable","18":"wvs-archive-product-wrapper"},"acf":[],"brands":[{"id":836,"name":"Holebrook","slug":"holebrook-fi"}],"_links":{"self":[{"href":"https:\/\/nautical.store\/fi\/wp-json\/wp\/v2\/product\/59354","targetHints":{"allow":["GET"]}}],"collection":[{"href":"https:\/\/nautical.store\/fi\/wp-json\/wp\/v2\/product"}],"about":[{"href":"https:\/\/nautical.store\/fi\/wp-json\/wp\/v2\/types\/product"}],"wp:featuredmedia":[{"embeddable":true,"href":"https:\/\/nautical.store\/fi\/wp-json\/wp\/v2\/media\/58117"}],"wp:attachment":[{"href":"https:\/\/nautical.store\/fi\/wp-json\/wp\/v2\/media?parent=59354"}],"wp:term":[{"taxonomy":"pwb-brand","embeddable":true,"href":"https:\/\/nautical.store\/fi\/wp-json\/wp\/v2\/pwb-brand?post=59354"},{"taxonomy":"product_brand","embeddable":true,"href":"https:\/\/nautical.store\/fi\/wp-json\/wp\/v2\/product_brand?post=59354"},{"taxonomy":"product_cat","embeddable":true,"href":"https:\/\/nautical.store\/fi\/wp-json\/wp\/v2\/product_cat?post=59354"},{"taxonomy":"product_tag","embeddable":true,"href":"https:\/\/nautical.store\/fi\/wp-json\/wp\/v2\/product_tag?post=59354"},{"taxonomy":"woo-feed-brand","embeddable":true,"href":"https:\/\/nautical.store\/fi\/wp-json\/wp\/v2\/woo-feed-brand?post=59354"}],"curies":[{"name":"wp","href":"https:\/\/api.w.org\/{rel}","templated":true}]}}