{"id":59364,"date":"2024-02-27T17:18:22","date_gmt":"2024-02-27T15:18:22","guid":{"rendered":"https:\/\/www.nautical.store\/toode\/mary-liivi-tuulenpitava\/"},"modified":"2025-11-30T13:20:57","modified_gmt":"2025-11-30T11:20:57","slug":"mary-liivi-tuulenpitava","status":"publish","type":"product","link":"https:\/\/nautical.store\/fi\/tuote\/mary-liivi-tuulenpitava\/","title":{"rendered":"Mary tuulenpit\u00e4v\u00e4 liivi"},"content":{"rendered":"<p><!--StartFragment --><\/p>\n<p>Neulottu tuulenpit\u00e4v\u00e4 liivi vett\u00e4 hylkivill\u00e4 tikkauksilla. Liivi on Milano\u2011neulosta, valmistettu 100 % eksklusiivisesta villalangasta, joka on sertifioitu bluesign\u00ae\u2011standardilla. Korkea kaulus, jonka sis\u00e4puoli on puuvillaneulosta. Sivutaskut, kaksisuuntainen vetoketju ja heijastavat yksityiskohdat. Tikkausdetaljit ovat vett\u00e4 hylkivi\u00e4, ja niiden sis\u00e4ll\u00e4 on Ruotsin villasta tehty suojakerros, joka pit\u00e4\u00e4 tuulen ja kosteuden loitolla.<\/p>\n<p>Sis\u00e4vuori on tuulenpit\u00e4v\u00e4 ja koostuu 96 % polyesterist\u00e4 ja 4 % elastaanista. Tuulenpit\u00e4vyys saavutetaan ilman kemikaaleja \u2013 vuori on valmistettu erityisell\u00e4 kudontatekniikalla, joka tekee kankaasta eritt\u00e4in tiiviin ja siten tuulenpit\u00e4v\u00e4n, mutta samalla hengitt\u00e4v\u00e4n. Vett\u00e4 hylkiv\u00e4 materiaali (Piumi\u00ae) on k\u00e4sitelty ekologisella, fluorihiilivapaalla viimeistelyll\u00e4. Piumi\u00ae\u2011kangas hengitt\u00e4\u00e4, ja elastaani antaa joustoa: se pys\u00e4ytt\u00e4\u00e4 tuulen, mutta ei liikkumista. Kankaat on merkitty \u00d6KO\u2011tex\u00ae Standard 100 \u2011sertifikaatilla, mik\u00e4 takaa, ett\u00e4 ne ovat haitta\u2011aineettomia. Kest\u00e4v\u00e4sti valmistettu Euroopassa.<\/p>\n<p>Materiaali:<\/p>\n<ul>\n<li>Neulottu kangas 1: 100 % villa<\/li>\n<li>Neulottu kangas 2: 100 % puuvilla<\/li>\n<li>Tuulenpit\u00e4v\u00e4 vuori: 96 % polyesteri, 4 % elastaani<\/li>\n<li>Toppaus: 100 % Ruotsin villa<\/li>\n<li>Kudottu kangas 1: 100 % polyamidi<\/li>\n<li>Kudottu kangas 2: 65 % polyesteri, 35 % puuvilla<\/li>\n<\/ul>\n<p><!--EndFragment --><\/p>\n","protected":false},"excerpt":{"rendered":"<p>Neulottu villaliivi tuulenpit\u00e4v\u00e4ll\u00e4 vuorilla ja vett\u00e4 hylkivill\u00e4 yksityiskohdilla<\/p>\n","protected":false},"featured_media":58084,"template":"","meta":{"_acf_changed":false},"pwb-brand":[836],"product_brand":[],"product_cat":[827,1263,1187,710],"product_tag":[],"woo-feed-brand":[],"class_list":{"0":"post-59364","1":"product","2":"type-product","3":"status-publish","4":"has-post-thumbnail","6":"pwb-brand-holebrook-fi","7":"product_cat-naiset","8":"product_cat-naisten-tuulenkestava-takki","9":"product_cat-tuulenpitavat-fi","10":"product_cat-tuulenpitavat-naiset","12":"first","13":"instock","14":"taxable","15":"shipping-taxable","16":"purchasable","17":"product-type-variable","18":"wvs-archive-product-wrapper"},"acf":[],"brands":[{"id":836,"name":"Holebrook","slug":"holebrook-fi"}],"_links":{"self":[{"href":"https:\/\/nautical.store\/fi\/wp-json\/wp\/v2\/product\/59364","targetHints":{"allow":["GET"]}}],"collection":[{"href":"https:\/\/nautical.store\/fi\/wp-json\/wp\/v2\/product"}],"about":[{"href":"https:\/\/nautical.store\/fi\/wp-json\/wp\/v2\/types\/product"}],"wp:featuredmedia":[{"embeddable":true,"href":"https:\/\/nautical.store\/fi\/wp-json\/wp\/v2\/media\/58084"}],"wp:attachment":[{"href":"https:\/\/nautical.store\/fi\/wp-json\/wp\/v2\/media?parent=59364"}],"wp:term":[{"taxonomy":"pwb-brand","embeddable":true,"href":"https:\/\/nautical.store\/fi\/wp-json\/wp\/v2\/pwb-brand?post=59364"},{"taxonomy":"product_brand","embeddable":true,"href":"https:\/\/nautical.store\/fi\/wp-json\/wp\/v2\/product_brand?post=59364"},{"taxonomy":"product_cat","embeddable":true,"href":"https:\/\/nautical.store\/fi\/wp-json\/wp\/v2\/product_cat?post=59364"},{"taxonomy":"product_tag","embeddable":true,"href":"https:\/\/nautical.store\/fi\/wp-json\/wp\/v2\/product_tag?post=59364"},{"taxonomy":"woo-feed-brand","embeddable":true,"href":"https:\/\/nautical.store\/fi\/wp-json\/wp\/v2\/woo-feed-brand?post=59364"}],"curies":[{"name":"wp","href":"https:\/\/api.w.org\/{rel}","templated":true}]}}