{"id":59370,"date":"2024-02-27T15:05:36","date_gmt":"2024-02-27T13:05:36","guid":{"rendered":"https:\/\/www.nautical.store\/toode\/nadja-mekko\/"},"modified":"2025-07-18T11:09:45","modified_gmt":"2025-07-18T08:09:45","slug":"nadja-mekko","status":"publish","type":"product","link":"https:\/\/nautical.store\/fi\/tuote\/nadja-mekko\/","title":{"rendered":"Nadja Mekko"},"content":{"rendered":"<p>Mukava puuvillamekko. Sopii sek\u00e4 tennareiden ett\u00e4 kenkien kanssa k\u00e4ytett\u00e4v\u00e4ksi.<\/p>\n<ul>\n<li>\n<div class=\"qMOFyE\">Py\u00f6re\u00e4 kaula-aukko<\/div>\n<\/li>\n<li>\n<div class=\"qMOFyE\">Kuosi:\u00a0Raidallinen<\/div>\n<\/li>\n<li>A-leikkaus<\/li>\n<li>Normaali istuvuus<\/li>\n<li>Koko XS Kokonaispituus 100 cm<\/li>\n<\/ul>\n","protected":false},"excerpt":{"rendered":"<p>Mukava puuvillamekko. Sopii sek\u00e4 tennareiden ett\u00e4 kenkien kanssa k\u00e4ytett\u00e4v\u00e4ksi. Py\u00f6re\u00e4 kaula-aukko Kuosi:\u00a0Raidallinen A-leikkaus Normaali istuvuus Koko XS Kokonaispituus 100 cm<\/p>\n","protected":false},"featured_media":58007,"template":"","meta":{"_acf_changed":false},"pwb-brand":[836],"product_brand":[],"product_cat":[877,593,827],"product_tag":[],"woo-feed-brand":[],"class_list":{"0":"post-59370","1":"product","2":"type-product","3":"status-publish","4":"has-post-thumbnail","6":"pwb-brand-holebrook-fi","7":"product_cat-edullinen-hinta-naiset","8":"product_cat-mekot","9":"product_cat-naiset","11":"first","12":"instock","13":"sale","14":"taxable","15":"shipping-taxable","16":"purchasable","17":"product-type-variable","18":"wvs-archive-product-wrapper"},"acf":[],"brands":[{"id":836,"name":"Holebrook","slug":"holebrook-fi"}],"_links":{"self":[{"href":"https:\/\/nautical.store\/fi\/wp-json\/wp\/v2\/product\/59370","targetHints":{"allow":["GET"]}}],"collection":[{"href":"https:\/\/nautical.store\/fi\/wp-json\/wp\/v2\/product"}],"about":[{"href":"https:\/\/nautical.store\/fi\/wp-json\/wp\/v2\/types\/product"}],"wp:featuredmedia":[{"embeddable":true,"href":"https:\/\/nautical.store\/fi\/wp-json\/wp\/v2\/media\/58007"}],"wp:attachment":[{"href":"https:\/\/nautical.store\/fi\/wp-json\/wp\/v2\/media?parent=59370"}],"wp:term":[{"taxonomy":"pwb-brand","embeddable":true,"href":"https:\/\/nautical.store\/fi\/wp-json\/wp\/v2\/pwb-brand?post=59370"},{"taxonomy":"product_brand","embeddable":true,"href":"https:\/\/nautical.store\/fi\/wp-json\/wp\/v2\/product_brand?post=59370"},{"taxonomy":"product_cat","embeddable":true,"href":"https:\/\/nautical.store\/fi\/wp-json\/wp\/v2\/product_cat?post=59370"},{"taxonomy":"product_tag","embeddable":true,"href":"https:\/\/nautical.store\/fi\/wp-json\/wp\/v2\/product_tag?post=59370"},{"taxonomy":"woo-feed-brand","embeddable":true,"href":"https:\/\/nautical.store\/fi\/wp-json\/wp\/v2\/woo-feed-brand?post=59370"}],"curies":[{"name":"wp","href":"https:\/\/api.w.org\/{rel}","templated":true}]}}