{"id":59384,"date":"2024-02-26T14:44:18","date_gmt":"2024-02-26T12:44:18","guid":{"rendered":"https:\/\/www.nautical.store\/toode\/oliver-neule\/"},"modified":"2026-04-03T19:02:16","modified_gmt":"2026-04-03T16:02:16","slug":"oliver-neule","status":"publish","type":"product","link":"https:\/\/nautical.store\/fi\/tuote\/oliver-neule\/","title":{"rendered":"Oliver Boatneck"},"content":{"rendered":"<p>Raidallinen 100 % puuvillainen neule klassisella venep\u00e4\u00e4ntiell\u00e4. Valmistettu \u201cheavy weight\u201d \u2011puuvillasta, joka on hieman paksumpaa, mutta silti hengitt\u00e4v\u00e4\u00e4 ja miellytt\u00e4v\u00e4n viile\u00e4\u00e4 materiaalia. Regular\u2011mitoitus ja pienet halkiot helmassa. Valmistettu vastuullisesti Euroopassa.<\/p>\n<ul>\n<li>Venep\u00e4\u00e4ntie<\/li>\n<li>Logo toisessa hihassa<\/li>\n<li>Pienet halkiot helmassa sivuilla<\/li>\n<li>Regular\u2011istuvuus<\/li>\n<li>Neulottu kangas: 100 % puuvill<\/li>\n<\/ul>\n","protected":false},"excerpt":{"rendered":"<p>Klassinen miesten raidallinen neule<\/p>\n","protected":false},"featured_media":94051,"template":"","meta":{"_acf_changed":false},"pwb-brand":[836],"product_brand":[],"product_cat":[777,619,633],"product_tag":[],"woo-feed-brand":[],"class_list":{"0":"post-59384","1":"product","2":"type-product","3":"status-publish","4":"has-post-thumbnail","6":"pwb-brand-holebrook-fi","7":"product_cat-miehet","8":"product_cat-neuleet-miehet","9":"product_cat-paidat-fi","11":"first","12":"instock","13":"taxable","14":"shipping-taxable","15":"purchasable","16":"product-type-variable","17":"wvs-archive-product-wrapper"},"acf":[],"brands":[{"id":836,"name":"Holebrook","slug":"holebrook-fi"}],"_links":{"self":[{"href":"https:\/\/nautical.store\/fi\/wp-json\/wp\/v2\/product\/59384","targetHints":{"allow":["GET"]}}],"collection":[{"href":"https:\/\/nautical.store\/fi\/wp-json\/wp\/v2\/product"}],"about":[{"href":"https:\/\/nautical.store\/fi\/wp-json\/wp\/v2\/types\/product"}],"wp:featuredmedia":[{"embeddable":true,"href":"https:\/\/nautical.store\/fi\/wp-json\/wp\/v2\/media\/94051"}],"wp:attachment":[{"href":"https:\/\/nautical.store\/fi\/wp-json\/wp\/v2\/media?parent=59384"}],"wp:term":[{"taxonomy":"pwb-brand","embeddable":true,"href":"https:\/\/nautical.store\/fi\/wp-json\/wp\/v2\/pwb-brand?post=59384"},{"taxonomy":"product_brand","embeddable":true,"href":"https:\/\/nautical.store\/fi\/wp-json\/wp\/v2\/product_brand?post=59384"},{"taxonomy":"product_cat","embeddable":true,"href":"https:\/\/nautical.store\/fi\/wp-json\/wp\/v2\/product_cat?post=59384"},{"taxonomy":"product_tag","embeddable":true,"href":"https:\/\/nautical.store\/fi\/wp-json\/wp\/v2\/product_tag?post=59384"},{"taxonomy":"woo-feed-brand","embeddable":true,"href":"https:\/\/nautical.store\/fi\/wp-json\/wp\/v2\/woo-feed-brand?post=59384"}],"curies":[{"name":"wp","href":"https:\/\/api.w.org\/{rel}","templated":true}]}}