{"id":59391,"date":"2024-02-26T14:26:56","date_gmt":"2024-02-26T12:26:56","guid":{"rendered":"https:\/\/www.nautical.store\/toode\/olivia-tuulenpitava\/"},"modified":"2024-04-11T12:39:46","modified_gmt":"2024-04-11T09:39:46","slug":"olivia-tuulenpitava","status":"publish","type":"product","link":"https:\/\/nautical.store\/fi\/tuote\/olivia-tuulenpitava\/","title":{"rendered":"Olivia Tuulenpit\u00e4v\u00e4"},"content":{"rendered":"<p>Takki, jossa on tuulenpit\u00e4v\u00e4 vuori.<\/p>\n<ul>\n<li>\n<div class=\"qMOFyE\">Korkea kaulus<\/div>\n<\/li>\n<li>\n<div class=\"qMOFyE\">Kiinnitystapa:\u00a0Vetoketju<\/div>\n<\/li>\n<li>\n<div class=\"qMOFyE\">Pystytaskut, vetoketjutaskut<\/div>\n<\/li>\n<li>\n<div class=\"qMOFyE\">Kaksisuuntainen vetoketju<\/div>\n<\/li>\n<li>Logo vasemmassa hihassa<\/li>\n<li>Normaali istuvuus<\/li>\n<\/ul>\n","protected":false},"excerpt":{"rendered":"<p>Takki, jossa on tuulenpit\u00e4v\u00e4 vuori. Korkea kaulus Kiinnitystapa:\u00a0Vetoketju Pystytaskut, vetoketjutaskut Kaksisuuntainen vetoketju Logo vasemmassa hihassa Normaali istuvuus<\/p>\n","protected":false},"featured_media":57920,"template":"","meta":{"_acf_changed":false},"pwb-brand":[836],"product_brand":[],"product_cat":[877,827,1263,710,1187],"product_tag":[],"woo-feed-brand":[],"class_list":{"0":"post-59391","1":"product","2":"type-product","3":"status-publish","4":"has-post-thumbnail","6":"pwb-brand-holebrook-fi","7":"product_cat-edullinen-hinta-naiset","8":"product_cat-naiset","9":"product_cat-naisten-tuulenkestava-takki","10":"product_cat-tuulenpitavat-naiset","11":"product_cat-tuulenpitavat-fi","13":"first","14":"instock","15":"sale","16":"taxable","17":"shipping-taxable","18":"purchasable","19":"product-type-variable","20":"wvs-archive-product-wrapper"},"acf":[],"brands":[{"id":836,"name":"Holebrook","slug":"holebrook-fi"}],"_links":{"self":[{"href":"https:\/\/nautical.store\/fi\/wp-json\/wp\/v2\/product\/59391","targetHints":{"allow":["GET"]}}],"collection":[{"href":"https:\/\/nautical.store\/fi\/wp-json\/wp\/v2\/product"}],"about":[{"href":"https:\/\/nautical.store\/fi\/wp-json\/wp\/v2\/types\/product"}],"wp:featuredmedia":[{"embeddable":true,"href":"https:\/\/nautical.store\/fi\/wp-json\/wp\/v2\/media\/57920"}],"wp:attachment":[{"href":"https:\/\/nautical.store\/fi\/wp-json\/wp\/v2\/media?parent=59391"}],"wp:term":[{"taxonomy":"pwb-brand","embeddable":true,"href":"https:\/\/nautical.store\/fi\/wp-json\/wp\/v2\/pwb-brand?post=59391"},{"taxonomy":"product_brand","embeddable":true,"href":"https:\/\/nautical.store\/fi\/wp-json\/wp\/v2\/product_brand?post=59391"},{"taxonomy":"product_cat","embeddable":true,"href":"https:\/\/nautical.store\/fi\/wp-json\/wp\/v2\/product_cat?post=59391"},{"taxonomy":"product_tag","embeddable":true,"href":"https:\/\/nautical.store\/fi\/wp-json\/wp\/v2\/product_tag?post=59391"},{"taxonomy":"woo-feed-brand","embeddable":true,"href":"https:\/\/nautical.store\/fi\/wp-json\/wp\/v2\/woo-feed-brand?post=59391"}],"curies":[{"name":"wp","href":"https:\/\/api.w.org\/{rel}","templated":true}]}}