{"id":59396,"date":"2024-02-26T14:09:18","date_gmt":"2024-02-26T12:09:18","guid":{"rendered":"https:\/\/www.nautical.store\/toode\/rune-crew-neule\/"},"modified":"2024-07-30T12:44:27","modified_gmt":"2024-07-30T09:44:27","slug":"rune-crew-neule","status":"publish","type":"product","link":"https:\/\/nautical.store\/fi\/tuote\/rune-crew-neule\/","title":{"rendered":"Rune Crew Neule"},"content":{"rendered":"<p>Miesten pehme\u00e4 puuvillaneule<\/p>\n<ul>\n<li>100% puuvilla<\/li>\n<li>Py\u00f6re\u00e4 kaula-aukko<\/li>\n<li>Normaali istuvuus<\/li>\n<li>Malli:\u00a0Suora<\/li>\n<\/ul>\n","protected":false},"excerpt":{"rendered":"<p>Miesten pehme\u00e4 puuvillaneule 100% puuvilla Py\u00f6re\u00e4 kaula-aukko Normaali istuvuus Malli:\u00a0Suora<\/p>\n","protected":false},"featured_media":57910,"template":"","meta":{"_acf_changed":false},"pwb-brand":[836],"product_brand":[],"product_cat":[876,777,619],"product_tag":[],"woo-feed-brand":[],"class_list":{"0":"post-59396","1":"product","2":"type-product","3":"status-publish","4":"has-post-thumbnail","6":"pwb-brand-holebrook-fi","7":"product_cat-edullinen-hinta-miehet-fi","8":"product_cat-miehet","9":"product_cat-neuleet-miehet","11":"first","12":"instock","13":"sale","14":"taxable","15":"shipping-taxable","16":"purchasable","17":"product-type-variable","18":"wvs-archive-product-wrapper"},"acf":[],"brands":[{"id":836,"name":"Holebrook","slug":"holebrook-fi"}],"_links":{"self":[{"href":"https:\/\/nautical.store\/fi\/wp-json\/wp\/v2\/product\/59396","targetHints":{"allow":["GET"]}}],"collection":[{"href":"https:\/\/nautical.store\/fi\/wp-json\/wp\/v2\/product"}],"about":[{"href":"https:\/\/nautical.store\/fi\/wp-json\/wp\/v2\/types\/product"}],"wp:featuredmedia":[{"embeddable":true,"href":"https:\/\/nautical.store\/fi\/wp-json\/wp\/v2\/media\/57910"}],"wp:attachment":[{"href":"https:\/\/nautical.store\/fi\/wp-json\/wp\/v2\/media?parent=59396"}],"wp:term":[{"taxonomy":"pwb-brand","embeddable":true,"href":"https:\/\/nautical.store\/fi\/wp-json\/wp\/v2\/pwb-brand?post=59396"},{"taxonomy":"product_brand","embeddable":true,"href":"https:\/\/nautical.store\/fi\/wp-json\/wp\/v2\/product_brand?post=59396"},{"taxonomy":"product_cat","embeddable":true,"href":"https:\/\/nautical.store\/fi\/wp-json\/wp\/v2\/product_cat?post=59396"},{"taxonomy":"product_tag","embeddable":true,"href":"https:\/\/nautical.store\/fi\/wp-json\/wp\/v2\/product_tag?post=59396"},{"taxonomy":"woo-feed-brand","embeddable":true,"href":"https:\/\/nautical.store\/fi\/wp-json\/wp\/v2\/woo-feed-brand?post=59396"}],"curies":[{"name":"wp","href":"https:\/\/api.w.org\/{rel}","templated":true}]}}