{"id":59407,"date":"2024-02-24T15:27:30","date_gmt":"2024-02-24T13:27:30","guid":{"rendered":"https:\/\/www.nautical.store\/toode\/takki-tuulenpitava\/"},"modified":"2025-08-02T13:53:08","modified_gmt":"2025-08-02T10:53:08","slug":"takki-tuulenpitava","status":"publish","type":"product","link":"https:\/\/nautical.store\/fi\/tuote\/takki-tuulenpitava\/","title":{"rendered":"Tuulenpit\u00e4v\u00e4 Neuletakki"},"content":{"rendered":"<p>Tuulenpit\u00e4v\u00e4 puuvillakangastakki pehme\u00e4st\u00e4 puuvillasta.<\/p>\n<ul>\n<li>100 % puuvillaa<\/li>\n<li>\n<div class=\"qMOFyE\">P\u00e4\u00e4llikankaan materiaali:\u00a0100% puuvilla<\/div>\n<\/li>\n<li>\n<div class=\"qMOFyE\">Vuori:\u00a096% polyesteri, 4% elastaani<\/div>\n<\/li>\n<li>\n<div class=\"qMOFyE\">Korkea kaulus<\/div>\n<\/li>\n<li>\n<div class=\"qMOFyE\">Kiinnitystapa:\u00a0Nappi<\/div>\n<\/li>\n<li>\n<div class=\"qMOFyE\">Rintatasku<\/div>\n<\/li>\n<\/ul>\n","protected":false},"excerpt":{"rendered":"<p>Tuulenpit\u00e4v\u00e4 puuvillakangastakki pehme\u00e4st\u00e4 puuvillasta. 100 % puuvillaa P\u00e4\u00e4llikankaan materiaali:\u00a0100% puuvilla Vuori:\u00a096% polyesteri, 4% elastaani Korkea kaulus Kiinnitystapa:\u00a0Nappi Rintatasku<\/p>\n","protected":false},"featured_media":57856,"template":"","meta":{"_acf_changed":false},"pwb-brand":[836],"product_brand":[],"product_cat":[877,827,1263,2183,710,1187],"product_tag":[],"woo-feed-brand":[],"class_list":{"0":"post-59407","1":"product","2":"type-product","3":"status-publish","4":"has-post-thumbnail","6":"pwb-brand-holebrook-fi","7":"product_cat-edullinen-hinta-naiset","8":"product_cat-naiset","9":"product_cat-naisten-tuulenkestava-takki","10":"product_cat-outlet-fi","11":"product_cat-tuulenpitavat-naiset","12":"product_cat-tuulenpitavat-fi","14":"first","15":"instock","16":"sale","17":"taxable","18":"shipping-taxable","19":"purchasable","20":"product-type-variable","21":"wvs-archive-product-wrapper"},"acf":[],"brands":[{"id":836,"name":"Holebrook","slug":"holebrook-fi"}],"_links":{"self":[{"href":"https:\/\/nautical.store\/fi\/wp-json\/wp\/v2\/product\/59407","targetHints":{"allow":["GET"]}}],"collection":[{"href":"https:\/\/nautical.store\/fi\/wp-json\/wp\/v2\/product"}],"about":[{"href":"https:\/\/nautical.store\/fi\/wp-json\/wp\/v2\/types\/product"}],"wp:featuredmedia":[{"embeddable":true,"href":"https:\/\/nautical.store\/fi\/wp-json\/wp\/v2\/media\/57856"}],"wp:attachment":[{"href":"https:\/\/nautical.store\/fi\/wp-json\/wp\/v2\/media?parent=59407"}],"wp:term":[{"taxonomy":"pwb-brand","embeddable":true,"href":"https:\/\/nautical.store\/fi\/wp-json\/wp\/v2\/pwb-brand?post=59407"},{"taxonomy":"product_brand","embeddable":true,"href":"https:\/\/nautical.store\/fi\/wp-json\/wp\/v2\/product_brand?post=59407"},{"taxonomy":"product_cat","embeddable":true,"href":"https:\/\/nautical.store\/fi\/wp-json\/wp\/v2\/product_cat?post=59407"},{"taxonomy":"product_tag","embeddable":true,"href":"https:\/\/nautical.store\/fi\/wp-json\/wp\/v2\/product_tag?post=59407"},{"taxonomy":"woo-feed-brand","embeddable":true,"href":"https:\/\/nautical.store\/fi\/wp-json\/wp\/v2\/woo-feed-brand?post=59407"}],"curies":[{"name":"wp","href":"https:\/\/api.w.org\/{rel}","templated":true}]}}