{"id":59425,"date":"2024-02-24T12:40:05","date_gmt":"2024-02-24T10:40:05","guid":{"rendered":"https:\/\/www.nautical.store\/toode\/nadja-housut\/"},"modified":"2025-10-16T19:08:20","modified_gmt":"2025-10-16T16:08:20","slug":"nadja-housut","status":"publish","type":"product","link":"https:\/\/nautical.store\/fi\/tuote\/nadja-housut\/","title":{"rendered":"Nadja Housut"},"content":{"rendered":"<p>Kudotut puuvillahousut joustavalla vy\u00f6t\u00e4r\u00f6ll\u00e4.<br \/>\nLeve\u00e4t lahkeet ja hieman lyhennetty pituus tuovat rentoa tyyli\u00e4.<br \/>\nValmistettu 100 % puuvillasta.<br \/>\nNormaali istuvuus.<br \/>\n\u2022 materiaali: 100 % puuvillaa<br \/>\n\u2022 joustava vy\u00f6t\u00e4r\u00f6<br \/>\n\u2022 leve\u00e4t, hieman lyhennetyt lahkeet<br \/>\n\u2022 normaali istuvuus<br \/>\n\u2022 koko XS: lahkeen sis\u00e4pituus 60 cm, kokonaispituus 92 cm<\/p>\n","protected":false},"excerpt":{"rendered":"<p>Kudotut puuvillahousut joustavalla vy\u00f6t\u00e4r\u00f6ll\u00e4. Leve\u00e4t lahkeet ja hieman lyhennetty pituus tuovat rentoa tyyli\u00e4. Valmistettu 100 % puuvillasta. Normaali istuvuus. \u2022 materiaali: 100 % puuvillaa \u2022 joustava vy\u00f6t\u00e4r\u00f6 \u2022 leve\u00e4t, hieman lyhennetyt lahkeet \u2022 normaali istuvuus \u2022 koko XS: lahkeen sis\u00e4pituus 60 cm, kokonaispituus 92 cm<\/p>\n","protected":false},"featured_media":57800,"template":"","meta":{"_acf_changed":false},"pwb-brand":[836],"product_brand":[],"product_cat":[877,640,827],"product_tag":[],"woo-feed-brand":[],"class_list":{"0":"post-59425","1":"product","2":"type-product","3":"status-publish","4":"has-post-thumbnail","6":"pwb-brand-holebrook-fi","7":"product_cat-edullinen-hinta-naiset","8":"product_cat-housut-fi","9":"product_cat-naiset","11":"first","12":"instock","13":"sale","14":"taxable","15":"shipping-taxable","16":"purchasable","17":"product-type-variable","18":"wvs-archive-product-wrapper"},"acf":[],"brands":[{"id":836,"name":"Holebrook","slug":"holebrook-fi"}],"_links":{"self":[{"href":"https:\/\/nautical.store\/fi\/wp-json\/wp\/v2\/product\/59425","targetHints":{"allow":["GET"]}}],"collection":[{"href":"https:\/\/nautical.store\/fi\/wp-json\/wp\/v2\/product"}],"about":[{"href":"https:\/\/nautical.store\/fi\/wp-json\/wp\/v2\/types\/product"}],"wp:featuredmedia":[{"embeddable":true,"href":"https:\/\/nautical.store\/fi\/wp-json\/wp\/v2\/media\/57800"}],"wp:attachment":[{"href":"https:\/\/nautical.store\/fi\/wp-json\/wp\/v2\/media?parent=59425"}],"wp:term":[{"taxonomy":"pwb-brand","embeddable":true,"href":"https:\/\/nautical.store\/fi\/wp-json\/wp\/v2\/pwb-brand?post=59425"},{"taxonomy":"product_brand","embeddable":true,"href":"https:\/\/nautical.store\/fi\/wp-json\/wp\/v2\/product_brand?post=59425"},{"taxonomy":"product_cat","embeddable":true,"href":"https:\/\/nautical.store\/fi\/wp-json\/wp\/v2\/product_cat?post=59425"},{"taxonomy":"product_tag","embeddable":true,"href":"https:\/\/nautical.store\/fi\/wp-json\/wp\/v2\/product_tag?post=59425"},{"taxonomy":"woo-feed-brand","embeddable":true,"href":"https:\/\/nautical.store\/fi\/wp-json\/wp\/v2\/woo-feed-brand?post=59425"}],"curies":[{"name":"wp","href":"https:\/\/api.w.org\/{rel}","templated":true}]}}