{"id":59432,"date":"2024-02-22T16:44:49","date_gmt":"2024-02-22T14:44:49","guid":{"rendered":"https:\/\/www.nautical.store\/toode\/amber-heaven-housut\/"},"modified":"2026-03-30T11:19:26","modified_gmt":"2026-03-30T08:19:26","slug":"amber-heaven-housut","status":"publish","type":"product","link":"https:\/\/nautical.store\/fi\/tuote\/amber-heaven-housut\/","title":{"rendered":"Amber Heaven Housut"},"content":{"rendered":"<p>Amber Heaven \u2011mallin housut on valmistettu mukavasta ja joustavasta materiaalista, ja niiss\u00e4 on korkea vy\u00f6t\u00e4r\u00f6 sek\u00e4 kapea, vartaloa my\u00f6t\u00e4ilev\u00e4 leikkaus. Malli on suunniteltu tuomaan sek\u00e4 liikkumavapautta ett\u00e4 siisti\u00e4, naisellista siluettia.<\/p>\n<ul>\n<li>Powerstretch\u2011materiaali takaa erinomaisen jouston ja istuvuuden<\/li>\n<li>Lahkeet ovat reisist\u00e4 hieman v\u00e4ljemm\u00e4t ja kapenevat nilkkoja kohti<\/li>\n<li>Vetoketju ja nappikiinnitys<\/li>\n<li>Lahkeensuissa pienet halkiot ja koristeellinen tikkaus<\/li>\n<li>Skinny\u2011mallinen leikkaus<\/li>\n<\/ul>\n<p>Mitat<\/p>\n<ul>\n<li>Koko 40: sis\u00e4sauman pituus 70 cm, kokonaispituus 93 cm<\/li>\n<\/ul>\n","protected":false},"excerpt":{"rendered":"<p>Amber Heaven \u2011mallin housut on valmistettu mukavasta ja joustavasta materiaalista, ja niiss\u00e4 on korkea vy\u00f6t\u00e4r\u00f6 sek\u00e4 kapea, vartaloa my\u00f6t\u00e4ilev\u00e4 leikkaus. Malli on suunniteltu tuomaan sek\u00e4 liikkumavapautta ett\u00e4 siisti\u00e4, naisellista siluettia. Powerstretch\u2011materiaali takaa erinomaisen jouston ja istuvuuden Lahkeet ovat reisist\u00e4 hieman v\u00e4ljemm\u00e4t ja kapenevat nilkkoja kohti Vetoketju ja nappikiinnitys Lahkeensuissa pienet halkiot ja koristeellinen tikkaus Skinny\u2011mallinen [&hellip;]<\/p>\n","protected":false},"featured_media":57785,"template":"","meta":{"_acf_changed":false},"pwb-brand":[959],"product_brand":[],"product_cat":[640,827],"product_tag":[],"woo-feed-brand":[],"class_list":{"0":"post-59432","1":"product","2":"type-product","3":"status-publish","4":"has-post-thumbnail","6":"pwb-brand-para-mi-fi","7":"product_cat-housut-fi","8":"product_cat-naiset","10":"first","11":"instock","12":"sale","13":"taxable","14":"shipping-taxable","15":"purchasable","16":"product-type-variable","17":"wvs-archive-product-wrapper"},"acf":[],"brands":[{"id":959,"name":"Para Mi","slug":"para-mi-fi"}],"_links":{"self":[{"href":"https:\/\/nautical.store\/fi\/wp-json\/wp\/v2\/product\/59432","targetHints":{"allow":["GET"]}}],"collection":[{"href":"https:\/\/nautical.store\/fi\/wp-json\/wp\/v2\/product"}],"about":[{"href":"https:\/\/nautical.store\/fi\/wp-json\/wp\/v2\/types\/product"}],"wp:featuredmedia":[{"embeddable":true,"href":"https:\/\/nautical.store\/fi\/wp-json\/wp\/v2\/media\/57785"}],"wp:attachment":[{"href":"https:\/\/nautical.store\/fi\/wp-json\/wp\/v2\/media?parent=59432"}],"wp:term":[{"taxonomy":"pwb-brand","embeddable":true,"href":"https:\/\/nautical.store\/fi\/wp-json\/wp\/v2\/pwb-brand?post=59432"},{"taxonomy":"product_brand","embeddable":true,"href":"https:\/\/nautical.store\/fi\/wp-json\/wp\/v2\/product_brand?post=59432"},{"taxonomy":"product_cat","embeddable":true,"href":"https:\/\/nautical.store\/fi\/wp-json\/wp\/v2\/product_cat?post=59432"},{"taxonomy":"product_tag","embeddable":true,"href":"https:\/\/nautical.store\/fi\/wp-json\/wp\/v2\/product_tag?post=59432"},{"taxonomy":"woo-feed-brand","embeddable":true,"href":"https:\/\/nautical.store\/fi\/wp-json\/wp\/v2\/woo-feed-brand?post=59432"}],"curies":[{"name":"wp","href":"https:\/\/api.w.org\/{rel}","templated":true}]}}