{"id":59446,"date":"2024-02-22T15:39:39","date_gmt":"2024-02-22T13:39:39","guid":{"rendered":"https:\/\/www.nautical.store\/toode\/celine-heaven-uni-housut-2\/"},"modified":"2026-03-30T11:34:35","modified_gmt":"2026-03-30T08:34:35","slug":"celine-heaven-uni-housut-2","status":"publish","type":"product","link":"https:\/\/nautical.store\/fi\/tuote\/celine-heaven-uni-housut-2\/","title":{"rendered":"Celine Heaven Uni Housut"},"content":{"rendered":"<p>Naisten korkeavy\u00f6t\u00e4r\u00f6iset housut joustavasta materiaalista, kapealla leikkauksella, solki- ja nappikiinnityksell\u00e4.<\/p>\n<ul>\n<li>Mukavasti joustavat ja istuvat erinomaisesti<\/li>\n<li>Housut ovat hieman leve\u00e4mm\u00e4t reisien kohdalta ja kapenevat polven alapuolella<\/li>\n<li>Kapea leikkaus<\/li>\n<li>Housuissa on 2 taskua edess\u00e4 ja takana<\/li>\n<li>Koko 36- sis\u00e4hihan pituus 80 cm, kokonaispituus 105 cm<\/li>\n<\/ul>\n","protected":false},"excerpt":{"rendered":"<p>Naisten korkeavy\u00f6t\u00e4r\u00f6iset housut joustavasta materiaalista, kapealla leikkauksella, solki- ja nappikiinnityksell\u00e4. Mukavasti joustavat ja istuvat erinomaisesti Housut ovat hieman leve\u00e4mm\u00e4t reisien kohdalta ja kapenevat polven alapuolella Kapea leikkaus Housuissa on 2 taskua edess\u00e4 ja takana Koko 36- sis\u00e4hihan pituus 80 cm, kokonaispituus 105 cm<\/p>\n","protected":false},"featured_media":57741,"template":"","meta":{"_acf_changed":false},"pwb-brand":[959],"product_brand":[],"product_cat":[640,827],"product_tag":[],"woo-feed-brand":[],"class_list":{"0":"post-59446","1":"product","2":"type-product","3":"status-publish","4":"has-post-thumbnail","6":"pwb-brand-para-mi-fi","7":"product_cat-housut-fi","8":"product_cat-naiset","10":"first","11":"instock","12":"taxable","13":"shipping-taxable","14":"purchasable","15":"product-type-variable","16":"wvs-archive-product-wrapper"},"acf":[],"brands":[{"id":959,"name":"Para Mi","slug":"para-mi-fi"}],"_links":{"self":[{"href":"https:\/\/nautical.store\/fi\/wp-json\/wp\/v2\/product\/59446","targetHints":{"allow":["GET"]}}],"collection":[{"href":"https:\/\/nautical.store\/fi\/wp-json\/wp\/v2\/product"}],"about":[{"href":"https:\/\/nautical.store\/fi\/wp-json\/wp\/v2\/types\/product"}],"wp:featuredmedia":[{"embeddable":true,"href":"https:\/\/nautical.store\/fi\/wp-json\/wp\/v2\/media\/57741"}],"wp:attachment":[{"href":"https:\/\/nautical.store\/fi\/wp-json\/wp\/v2\/media?parent=59446"}],"wp:term":[{"taxonomy":"pwb-brand","embeddable":true,"href":"https:\/\/nautical.store\/fi\/wp-json\/wp\/v2\/pwb-brand?post=59446"},{"taxonomy":"product_brand","embeddable":true,"href":"https:\/\/nautical.store\/fi\/wp-json\/wp\/v2\/product_brand?post=59446"},{"taxonomy":"product_cat","embeddable":true,"href":"https:\/\/nautical.store\/fi\/wp-json\/wp\/v2\/product_cat?post=59446"},{"taxonomy":"product_tag","embeddable":true,"href":"https:\/\/nautical.store\/fi\/wp-json\/wp\/v2\/product_tag?post=59446"},{"taxonomy":"woo-feed-brand","embeddable":true,"href":"https:\/\/nautical.store\/fi\/wp-json\/wp\/v2\/woo-feed-brand?post=59446"}],"curies":[{"name":"wp","href":"https:\/\/api.w.org\/{rel}","templated":true}]}}