{"id":59459,"date":"2024-02-21T17:18:23","date_gmt":"2024-02-21T15:18:23","guid":{"rendered":"https:\/\/www.nautical.store\/toode\/bria-bucket\/"},"modified":"2024-04-11T12:43:08","modified_gmt":"2024-04-11T09:43:08","slug":"bria-bucket","status":"publish","type":"product","link":"https:\/\/nautical.store\/fi\/tuote\/bria-bucket\/","title":{"rendered":"Bria Bucket"},"content":{"rendered":"<p>Bria Bucket, jossa on kukkakuvio, on valmistettu kevyest\u00e4 nailonista.<\/p>\n<ul>\n<li>Leve\u00e4 reuna suojaa auringolta<\/li>\n<li>S\u00e4\u00e4dett\u00e4v\u00e4 kiristysnauha mukavan istuvuuden takaamiseksi<\/li>\n<\/ul>\n","protected":false},"excerpt":{"rendered":"<p>Bria Bucket, jossa on kukkakuvio, on valmistettu kevyest\u00e4 nailonista. Leve\u00e4 reuna suojaa auringolta S\u00e4\u00e4dett\u00e4v\u00e4 kiristysnauha mukavan istuvuuden takaamiseksi<\/p>\n","protected":false},"featured_media":57709,"template":"","meta":{"_acf_changed":false},"pwb-brand":[1744],"product_brand":[],"product_cat":[629,827],"product_tag":[],"woo-feed-brand":[],"class_list":{"0":"post-59459","1":"product","2":"type-product","3":"status-publish","4":"has-post-thumbnail","6":"pwb-brand-save-the-duck-fi","7":"product_cat-asusteet-naiset","8":"product_cat-naiset","10":"first","11":"instock","12":"taxable","13":"shipping-taxable","14":"purchasable","15":"product-type-variable","16":"wvs-archive-product-wrapper"},"acf":[],"brands":[{"id":1744,"name":"Save the Duck","slug":"save-the-duck-fi"}],"_links":{"self":[{"href":"https:\/\/nautical.store\/fi\/wp-json\/wp\/v2\/product\/59459","targetHints":{"allow":["GET"]}}],"collection":[{"href":"https:\/\/nautical.store\/fi\/wp-json\/wp\/v2\/product"}],"about":[{"href":"https:\/\/nautical.store\/fi\/wp-json\/wp\/v2\/types\/product"}],"wp:featuredmedia":[{"embeddable":true,"href":"https:\/\/nautical.store\/fi\/wp-json\/wp\/v2\/media\/57709"}],"wp:attachment":[{"href":"https:\/\/nautical.store\/fi\/wp-json\/wp\/v2\/media?parent=59459"}],"wp:term":[{"taxonomy":"pwb-brand","embeddable":true,"href":"https:\/\/nautical.store\/fi\/wp-json\/wp\/v2\/pwb-brand?post=59459"},{"taxonomy":"product_brand","embeddable":true,"href":"https:\/\/nautical.store\/fi\/wp-json\/wp\/v2\/product_brand?post=59459"},{"taxonomy":"product_cat","embeddable":true,"href":"https:\/\/nautical.store\/fi\/wp-json\/wp\/v2\/product_cat?post=59459"},{"taxonomy":"product_tag","embeddable":true,"href":"https:\/\/nautical.store\/fi\/wp-json\/wp\/v2\/product_tag?post=59459"},{"taxonomy":"woo-feed-brand","embeddable":true,"href":"https:\/\/nautical.store\/fi\/wp-json\/wp\/v2\/woo-feed-brand?post=59459"}],"curies":[{"name":"wp","href":"https:\/\/api.w.org\/{rel}","templated":true}]}}