{"id":59473,"date":"2024-02-21T17:06:34","date_gmt":"2024-02-21T15:06:34","guid":{"rendered":"https:\/\/www.nautical.store\/toode\/audrey-takki\/"},"modified":"2026-01-22T22:02:15","modified_gmt":"2026-01-22T20:02:15","slug":"audrey-takki","status":"publish","type":"product","link":"https:\/\/nautical.store\/fi\/tuote\/audrey-takki\/","title":{"rendered":"Audrey\u2011sadetakki"},"content":{"rendered":"<p><!--StartFragment --><\/p>\n<p>Klassisen leikkauksen Audrey\u2011sadetakki tarjoaa suojaa sateelta ja tuulelta.<\/p>\n<ul>\n<li>Teipatut saumat<\/li>\n<li>S\u00e4\u00e4dett\u00e4v\u00e4 vy\u00f6<\/li>\n<li>S\u00e4\u00e4dett\u00e4v\u00e4t hihansuut<\/li>\n<li>Kaksirivinen malli, mustat logonapit<\/li>\n<li>Normaali istuvuus<\/li>\n<\/ul>\n<p><!--EndFragment --><\/p>\n","protected":false},"excerpt":{"rendered":"<p>Klassisen leikkauksen sadetakki<\/p>\n","protected":false},"featured_media":57386,"template":"","meta":{"_acf_changed":false},"pwb-brand":[1744],"product_brand":[],"product_cat":[877,827,617],"product_tag":[],"woo-feed-brand":[],"class_list":{"0":"post-59473","1":"product","2":"type-product","3":"status-publish","4":"has-post-thumbnail","6":"pwb-brand-save-the-duck-fi","7":"product_cat-edullinen-hinta-naiset","8":"product_cat-naiset","9":"product_cat-paallysvaatteet","11":"first","12":"instock","13":"sale","14":"taxable","15":"shipping-taxable","16":"purchasable","17":"product-type-variable","18":"wvs-archive-product-wrapper"},"acf":[],"brands":[{"id":1744,"name":"Save the Duck","slug":"save-the-duck-fi"}],"_links":{"self":[{"href":"https:\/\/nautical.store\/fi\/wp-json\/wp\/v2\/product\/59473","targetHints":{"allow":["GET"]}}],"collection":[{"href":"https:\/\/nautical.store\/fi\/wp-json\/wp\/v2\/product"}],"about":[{"href":"https:\/\/nautical.store\/fi\/wp-json\/wp\/v2\/types\/product"}],"wp:featuredmedia":[{"embeddable":true,"href":"https:\/\/nautical.store\/fi\/wp-json\/wp\/v2\/media\/57386"}],"wp:attachment":[{"href":"https:\/\/nautical.store\/fi\/wp-json\/wp\/v2\/media?parent=59473"}],"wp:term":[{"taxonomy":"pwb-brand","embeddable":true,"href":"https:\/\/nautical.store\/fi\/wp-json\/wp\/v2\/pwb-brand?post=59473"},{"taxonomy":"product_brand","embeddable":true,"href":"https:\/\/nautical.store\/fi\/wp-json\/wp\/v2\/product_brand?post=59473"},{"taxonomy":"product_cat","embeddable":true,"href":"https:\/\/nautical.store\/fi\/wp-json\/wp\/v2\/product_cat?post=59473"},{"taxonomy":"product_tag","embeddable":true,"href":"https:\/\/nautical.store\/fi\/wp-json\/wp\/v2\/product_tag?post=59473"},{"taxonomy":"woo-feed-brand","embeddable":true,"href":"https:\/\/nautical.store\/fi\/wp-json\/wp\/v2\/woo-feed-brand?post=59473"}],"curies":[{"name":"wp","href":"https:\/\/api.w.org\/{rel}","templated":true}]}}