{"id":59600,"date":"2024-03-14T17:47:00","date_gmt":"2024-03-14T15:47:00","guid":{"rendered":"https:\/\/www.nautical.store\/toode\/bobby-spring-stripes\/"},"modified":"2025-10-16T09:44:01","modified_gmt":"2025-10-16T06:44:01","slug":"bobby-spring-stripes","status":"publish","type":"product","link":"https:\/\/nautical.store\/fi\/tuote\/bobby-spring-stripes\/","title":{"rendered":"Bobby Spring Stripes"},"content":{"rendered":"<p><!--StartFragment --><\/p>\n<p>Korkeavy\u00f6t\u00e4r\u00f6iset loose fit -housut, joissa k\u00e4\u00e4nnetyt lahkeet.<\/p>\n<ul>\n<li>Mukavaa joustavaa materiaalia<\/li>\n<li>Vetoketju- ja nappikiinnitys<\/li>\n<li>5 taskua \u2013 edess\u00e4 ja takana<\/li>\n<li>Vy\u00f6t\u00e4r\u00f6ll\u00e4 koristeellinen punottu ny\u00f6ri<\/li>\n<li>Koko 38: sis\u00e4lahkeen pituus 76 cm<\/li>\n<\/ul>\n<p><!--EndFragment --><\/p>\n","protected":false},"excerpt":{"rendered":"<p>Korkeavy\u00f6t\u00e4r\u00f6iset loose fit -housut, joissa k\u00e4\u00e4nnetyt lahkeet. Mukavaa joustavaa materiaalia Vetoketju- ja nappikiinnitys 5 taskua \u2013 edess\u00e4 ja takana Vy\u00f6t\u00e4r\u00f6ll\u00e4 koristeellinen punottu ny\u00f6ri Koko 38: sis\u00e4lahkeen pituus 76 cm<\/p>\n","protected":false},"featured_media":59559,"template":"","meta":{"_acf_changed":false},"pwb-brand":[959],"product_brand":[],"product_cat":[877,640,827,2183],"product_tag":[],"woo-feed-brand":[],"class_list":{"0":"post-59600","1":"product","2":"type-product","3":"status-publish","4":"has-post-thumbnail","6":"pwb-brand-para-mi-fi","7":"product_cat-edullinen-hinta-naiset","8":"product_cat-housut-fi","9":"product_cat-naiset","10":"product_cat-outlet-fi","12":"first","13":"instock","14":"sale","15":"taxable","16":"shipping-taxable","17":"purchasable","18":"product-type-variable","19":"wvs-archive-product-wrapper"},"acf":[],"brands":[{"id":959,"name":"Para Mi","slug":"para-mi-fi"}],"_links":{"self":[{"href":"https:\/\/nautical.store\/fi\/wp-json\/wp\/v2\/product\/59600","targetHints":{"allow":["GET"]}}],"collection":[{"href":"https:\/\/nautical.store\/fi\/wp-json\/wp\/v2\/product"}],"about":[{"href":"https:\/\/nautical.store\/fi\/wp-json\/wp\/v2\/types\/product"}],"wp:featuredmedia":[{"embeddable":true,"href":"https:\/\/nautical.store\/fi\/wp-json\/wp\/v2\/media\/59559"}],"wp:attachment":[{"href":"https:\/\/nautical.store\/fi\/wp-json\/wp\/v2\/media?parent=59600"}],"wp:term":[{"taxonomy":"pwb-brand","embeddable":true,"href":"https:\/\/nautical.store\/fi\/wp-json\/wp\/v2\/pwb-brand?post=59600"},{"taxonomy":"product_brand","embeddable":true,"href":"https:\/\/nautical.store\/fi\/wp-json\/wp\/v2\/product_brand?post=59600"},{"taxonomy":"product_cat","embeddable":true,"href":"https:\/\/nautical.store\/fi\/wp-json\/wp\/v2\/product_cat?post=59600"},{"taxonomy":"product_tag","embeddable":true,"href":"https:\/\/nautical.store\/fi\/wp-json\/wp\/v2\/product_tag?post=59600"},{"taxonomy":"woo-feed-brand","embeddable":true,"href":"https:\/\/nautical.store\/fi\/wp-json\/wp\/v2\/woo-feed-brand?post=59600"}],"curies":[{"name":"wp","href":"https:\/\/api.w.org\/{rel}","templated":true}]}}