{"id":60705,"date":"2024-03-15T16:21:42","date_gmt":"2024-03-15T14:21:42","guid":{"rendered":"https:\/\/nautical.store\/toode\/w-defender-offshore-purjehdustakki\/"},"modified":"2026-01-22T21:36:31","modified_gmt":"2026-01-22T19:36:31","slug":"w-defender-offshore-purjehdustakki","status":"publish","type":"product","link":"https:\/\/nautical.store\/fi\/tuote\/w-defender-offshore-purjehdustakki\/","title":{"rendered":"PelleP Naisten Defender Offshore \u2011purjehdustakki"},"content":{"rendered":"<p><!--StartFragment --><\/p>\n<p>PelleP:n kest\u00e4vin ja joustavin purjehdustakki, valmistettu Hi:Res\u00ae 2&#215;2 SW4L \u2011stretch\u2011membraanista \u2013 nelikerroksisesta kankaasta, joka on tuulen- ja vedenpit\u00e4v\u00e4 sek\u00e4 hengitt\u00e4v\u00e4. Se tarjoaa t\u00e4yden suojan kaikissa meriolosuhteissa. \u201cThe Defender\u201d \u2011niminen takki on America\u2019s Cupin hallitseva mestari, suunniteltu puolustamaan titteli\u00e4 jokaista haastajaa vastaan. Malli on saanut inspiraationsa aiemmista mestareista ja on vuosien testauksen sek\u00e4 kehitysty\u00f6n tulos yhteisty\u00f6ss\u00e4 True Friends \u2011tiimimme kanssa.<\/p>\n<p>Takissa on runsaasti k\u00e4yt\u00e4nn\u00f6llisi\u00e4 yksityiskohtia, jotka auttavat kest\u00e4m\u00e4\u00e4n korkeat aallot ja kovat tuulet ilman, ett\u00e4 liikkuvuus k\u00e4rsii \u2013 voit ty\u00f6skennell\u00e4 kannella mukavasti ja esteett\u00e4. T\u00e4ysin teipatut saumat, hitsatut taskut, kaksinkertaiset hihansuut (sis\u00e4puolella joustava PU\u2011mansetti tarrakiinnityksell\u00e4) sek\u00e4 YKK AquaGuard \u2011vetoketju pit\u00e4v\u00e4t veden tehokkaasti ulkopuolella.<\/p>\n<p>Fluoresoiva huppu ja EN471\u2011standardin mukaiset heijastavat yksityiskohdat takaavat n\u00e4kyvyyden sek\u00e4 y\u00f6ll\u00e4 ett\u00e4 vaikeissa s\u00e4\u00e4olosuhteissa. Kun merivesi kylmenee, suuret k\u00e4sienl\u00e4mmitystaskut ja korkean kauluksen laminoitu fleece pit\u00e4v\u00e4t l\u00e4mpim\u00e4n\u00e4. S\u00e4\u00e4dett\u00e4v\u00e4 huppu on edest\u00e4 vahvistettu ja sivuilla olevat l\u00e4pin\u00e4kyv\u00e4t paneelit parantavat n\u00e4kyvyytt\u00e4 ja suojaa vaativissa olosuhteissa.<\/p>\n<p>Materiaali ja tekniset ominaisuudet<\/p>\n<ul>\n<li>Materiaali: 94 % nailon, 6 % spandex<\/li>\n<li>4\u2011kerroksinen kangas DWR20\/70\u2011k\u00e4sittelyll\u00e4<\/li>\n<li>Vedenpit\u00e4vyys: 30 000 mm<\/li>\n<li>Hengitt\u00e4vyys: 15 000 g\/m\u00b2\/24 h<\/li>\n<li>Hi:Res\u00ae 2&#215;2 SW4L \u2011stretch\u2011membraani<\/li>\n<li>Tuulen- ja vedenpit\u00e4v\u00e4 sek\u00e4 hengitt\u00e4v\u00e4<\/li>\n<li>T\u00e4ysin teipatut saumat<\/li>\n<li>Fluoresoivat keltaiset yksityiskohdat (EN471\u2011n\u00e4kyvyysstandardi) kauluksessa, hupussa, sel\u00e4ss\u00e4 ja hiharemmeiss\u00e4<\/li>\n<li>YKK AquaGuard \u2011vedenkest\u00e4v\u00e4t vetoketjut<\/li>\n<li>Hitsatut taskut vedenpoistoaukoilla<\/li>\n<li>Kaksi sis\u00e4ist\u00e4 vetoketjullista turvataskua<\/li>\n<li>Kaulus laminoidulla fleecell\u00e4<\/li>\n<li>Kaksinkertaiset hihansuut, sisempi joustavasta PU\u2011materiaalista tarrakiinnityksell\u00e4<\/li>\n<li>Huppu s\u00e4\u00e4dett\u00e4viss\u00e4 edest\u00e4 ja takaa, vahvistettu lippa<\/li>\n<li>Hupun sivuilla l\u00e4pin\u00e4kyv\u00e4t n\u00e4kyvyyspaneelit<\/li>\n<li>S\u00e4\u00e4dett\u00e4v\u00e4 helma<\/li>\n<li>Muotoillut hihat t\u00e4yteen liikkumisvapauteen<\/li>\n<li>Heijastavat yksityiskohdat etutaskuissa<\/li>\n<li>Hi:Res\u00ae SW4L\/57 33N 11 55E \u2011heijastoprintti hihoissa<\/li>\n<li>P\u2011logon heijastoprintit hupussa, hihoissa, edess\u00e4 ja takana<\/li>\n<\/ul>\n<p><!--EndFragment --><\/p>\n","protected":false},"excerpt":{"rendered":"<p>Naisten purjehdustakki<\/p>\n","protected":false},"featured_media":59713,"template":"","meta":{"_acf_changed":false},"pwb-brand":[838],"product_brand":[],"product_cat":[1262,1269,726],"product_tag":[],"woo-feed-brand":[],"class_list":{"0":"post-60705","1":"product","2":"type-product","3":"status-publish","4":"has-post-thumbnail","6":"pwb-brand-pelle-petterson-fi","7":"product_cat-naisten-purjehdusvaatteet","8":"product_cat-purjehdus","9":"product_cat-tekniset-vaatteet-naiset","11":"first","12":"instock","13":"taxable","14":"shipping-taxable","15":"purchasable","16":"product-type-variable","17":"wvs-archive-product-wrapper"},"acf":[],"brands":[{"id":838,"name":"Pelle Petterson","slug":"pelle-petterson-fi"}],"_links":{"self":[{"href":"https:\/\/nautical.store\/fi\/wp-json\/wp\/v2\/product\/60705","targetHints":{"allow":["GET"]}}],"collection":[{"href":"https:\/\/nautical.store\/fi\/wp-json\/wp\/v2\/product"}],"about":[{"href":"https:\/\/nautical.store\/fi\/wp-json\/wp\/v2\/types\/product"}],"wp:featuredmedia":[{"embeddable":true,"href":"https:\/\/nautical.store\/fi\/wp-json\/wp\/v2\/media\/59713"}],"wp:attachment":[{"href":"https:\/\/nautical.store\/fi\/wp-json\/wp\/v2\/media?parent=60705"}],"wp:term":[{"taxonomy":"pwb-brand","embeddable":true,"href":"https:\/\/nautical.store\/fi\/wp-json\/wp\/v2\/pwb-brand?post=60705"},{"taxonomy":"product_brand","embeddable":true,"href":"https:\/\/nautical.store\/fi\/wp-json\/wp\/v2\/product_brand?post=60705"},{"taxonomy":"product_cat","embeddable":true,"href":"https:\/\/nautical.store\/fi\/wp-json\/wp\/v2\/product_cat?post=60705"},{"taxonomy":"product_tag","embeddable":true,"href":"https:\/\/nautical.store\/fi\/wp-json\/wp\/v2\/product_tag?post=60705"},{"taxonomy":"woo-feed-brand","embeddable":true,"href":"https:\/\/nautical.store\/fi\/wp-json\/wp\/v2\/woo-feed-brand?post=60705"}],"curies":[{"name":"wp","href":"https:\/\/api.w.org\/{rel}","templated":true}]}}