{"id":60718,"date":"2024-03-21T15:11:27","date_gmt":"2024-03-21T13:11:27","guid":{"rendered":"https:\/\/nautical.store\/toode\/connie-liivi\/"},"modified":"2024-03-21T15:11:27","modified_gmt":"2024-03-21T13:11:27","slug":"connie-liivi","status":"publish","type":"product","link":"https:\/\/nautical.store\/fi\/tuote\/connie-liivi\/","title":{"rendered":"Connie Liivi"},"content":{"rendered":"<div>Tuulepit\u00e4v\u00e4 villaliivi.<\/div>\n<ul>\n<li>Korkea kaulus<\/li>\n<li>Vetoketjutaskut<\/li>\n<li>Joustava vy\u00f6t\u00e4r\u00f6, kaksisuuntainen vetoketju, kangaslista vetoketjun alla<\/li>\n<li>Tuulenpit\u00e4v\u00e4, vett\u00e4hylkiv\u00e4<\/li>\n<li>Normaali istuvuus<\/li>\n<\/ul>\n","protected":false},"excerpt":{"rendered":"<p>Tuulepit\u00e4v\u00e4 villaliivi. Korkea kaulus Vetoketjutaskut Joustava vy\u00f6t\u00e4r\u00f6, kaksisuuntainen vetoketju, kangaslista vetoketjun alla Tuulenpit\u00e4v\u00e4, vett\u00e4hylkiv\u00e4 Normaali istuvuus<\/p>\n","protected":false},"featured_media":60260,"template":"","meta":{"_acf_changed":false},"pwb-brand":[836],"product_brand":[],"product_cat":[777,1259,1267,1187,706],"product_tag":[],"woo-feed-brand":[],"class_list":{"0":"post-60718","1":"product","2":"type-product","3":"status-publish","4":"has-post-thumbnail","6":"pwb-brand-holebrook-fi","7":"product_cat-miehet","8":"product_cat-miesten-golfvaatteet","9":"product_cat-tuulenkestava-miestentakki","10":"product_cat-tuulenpitavat-fi","11":"product_cat-tuulenpitavat-miehet","13":"first","14":"outofstock","15":"taxable","16":"shipping-taxable","17":"purchasable","18":"product-type-variable","19":"wvs-archive-product-wrapper"},"acf":[],"brands":[{"id":836,"name":"Holebrook","slug":"holebrook-fi"}],"_links":{"self":[{"href":"https:\/\/nautical.store\/fi\/wp-json\/wp\/v2\/product\/60718","targetHints":{"allow":["GET"]}}],"collection":[{"href":"https:\/\/nautical.store\/fi\/wp-json\/wp\/v2\/product"}],"about":[{"href":"https:\/\/nautical.store\/fi\/wp-json\/wp\/v2\/types\/product"}],"wp:featuredmedia":[{"embeddable":true,"href":"https:\/\/nautical.store\/fi\/wp-json\/wp\/v2\/media\/60260"}],"wp:attachment":[{"href":"https:\/\/nautical.store\/fi\/wp-json\/wp\/v2\/media?parent=60718"}],"wp:term":[{"taxonomy":"pwb-brand","embeddable":true,"href":"https:\/\/nautical.store\/fi\/wp-json\/wp\/v2\/pwb-brand?post=60718"},{"taxonomy":"product_brand","embeddable":true,"href":"https:\/\/nautical.store\/fi\/wp-json\/wp\/v2\/product_brand?post=60718"},{"taxonomy":"product_cat","embeddable":true,"href":"https:\/\/nautical.store\/fi\/wp-json\/wp\/v2\/product_cat?post=60718"},{"taxonomy":"product_tag","embeddable":true,"href":"https:\/\/nautical.store\/fi\/wp-json\/wp\/v2\/product_tag?post=60718"},{"taxonomy":"woo-feed-brand","embeddable":true,"href":"https:\/\/nautical.store\/fi\/wp-json\/wp\/v2\/woo-feed-brand?post=60718"}],"curies":[{"name":"wp","href":"https:\/\/api.w.org\/{rel}","templated":true}]}}