{"id":60733,"date":"2024-03-15T15:52:55","date_gmt":"2024-03-15T13:52:55","guid":{"rendered":"https:\/\/nautical.store\/toode\/jill-cargo-morella-farkkut\/"},"modified":"2026-03-30T10:23:02","modified_gmt":"2026-03-30T07:23:02","slug":"jill-cargo-morella-farkkut","status":"publish","type":"product","link":"https:\/\/nautical.store\/fi\/tuote\/jill-cargo-morella-farkkut\/","title":{"rendered":"Jill Cargo Morella Farkkut"},"content":{"rendered":"<p>Jill Cargo Morellad \u2011housut ovat korkeavy\u00f6t\u00e4r\u00f6iset ja joustavalla vy\u00f6t\u00e4r\u00f6ll\u00e4 varustetut.<\/p>\n<ul>\n<li>Lahkeet ovat reisist\u00e4 hieman v\u00e4ljemm\u00e4t ja kapenevat nilkkoja kohti<\/li>\n<li>Housuissa on kuusi taskua: kaksi edess\u00e4, kaksi takana ja kaksi sivuilla<\/li>\n<li>Sivutaskuissa on kultaiset napit<\/li>\n<li>Yhdist\u00e4 tennareihin rennon ja trendikk\u00e4\u00e4n ilmeen saamiseksi<\/li>\n<li>Koon 36 sis\u00e4sauman pituus on 70 cm ja kokonaispituus 95 cm<\/li>\n<\/ul>\n","protected":false},"excerpt":{"rendered":"<p>Jill Cargo Morellad \u2011housut ovat korkeavy\u00f6t\u00e4r\u00f6iset ja joustavalla vy\u00f6t\u00e4r\u00f6ll\u00e4 varustetut. Lahkeet ovat reisist\u00e4 hieman v\u00e4ljemm\u00e4t ja kapenevat nilkkoja kohti Housuissa on kuusi taskua: kaksi edess\u00e4, kaksi takana ja kaksi sivuilla Sivutaskuissa on kultaiset napit Yhdist\u00e4 tennareihin rennon ja trendikk\u00e4\u00e4n ilmeen saamiseksi Koon 36 sis\u00e4sauman pituus on 70 cm ja kokonaispituus 95 cm<\/p>\n","protected":false},"featured_media":59663,"template":"","meta":{"_acf_changed":false},"pwb-brand":[959],"product_brand":[],"product_cat":[877,640,827],"product_tag":[],"woo-feed-brand":[],"class_list":{"0":"post-60733","1":"product","2":"type-product","3":"status-publish","4":"has-post-thumbnail","6":"pwb-brand-para-mi-fi","7":"product_cat-edullinen-hinta-naiset","8":"product_cat-housut-fi","9":"product_cat-naiset","11":"first","12":"instock","13":"sale","14":"taxable","15":"shipping-taxable","16":"purchasable","17":"product-type-variable","18":"wvs-archive-product-wrapper"},"acf":[],"brands":[{"id":959,"name":"Para Mi","slug":"para-mi-fi"}],"_links":{"self":[{"href":"https:\/\/nautical.store\/fi\/wp-json\/wp\/v2\/product\/60733","targetHints":{"allow":["GET"]}}],"collection":[{"href":"https:\/\/nautical.store\/fi\/wp-json\/wp\/v2\/product"}],"about":[{"href":"https:\/\/nautical.store\/fi\/wp-json\/wp\/v2\/types\/product"}],"wp:featuredmedia":[{"embeddable":true,"href":"https:\/\/nautical.store\/fi\/wp-json\/wp\/v2\/media\/59663"}],"wp:attachment":[{"href":"https:\/\/nautical.store\/fi\/wp-json\/wp\/v2\/media?parent=60733"}],"wp:term":[{"taxonomy":"pwb-brand","embeddable":true,"href":"https:\/\/nautical.store\/fi\/wp-json\/wp\/v2\/pwb-brand?post=60733"},{"taxonomy":"product_brand","embeddable":true,"href":"https:\/\/nautical.store\/fi\/wp-json\/wp\/v2\/product_brand?post=60733"},{"taxonomy":"product_cat","embeddable":true,"href":"https:\/\/nautical.store\/fi\/wp-json\/wp\/v2\/product_cat?post=60733"},{"taxonomy":"product_tag","embeddable":true,"href":"https:\/\/nautical.store\/fi\/wp-json\/wp\/v2\/product_tag?post=60733"},{"taxonomy":"woo-feed-brand","embeddable":true,"href":"https:\/\/nautical.store\/fi\/wp-json\/wp\/v2\/woo-feed-brand?post=60733"}],"curies":[{"name":"wp","href":"https:\/\/api.w.org\/{rel}","templated":true}]}}