{"id":60739,"date":"2024-03-18T22:24:22","date_gmt":"2024-03-18T20:24:22","guid":{"rendered":"https:\/\/nautical.store\/toode\/ragnar-fullzip-windproof\/"},"modified":"2025-11-12T21:45:18","modified_gmt":"2025-11-12T19:45:18","slug":"ragnar-fullzip-windproof","status":"publish","type":"product","link":"https:\/\/nautical.store\/fi\/tuote\/ragnar-fullzip-windproof\/","title":{"rendered":"Ragnar Fullzip \u2013 tuulenpit\u00e4v\u00e4 villatakki"},"content":{"rendered":"<p><!--StartFragment --><\/p>\n<p>Koe \u00e4\u00e4rimm\u00e4inen mukavuus ja suoja tuulelta Ragnar-villatakilla, jossa on t\u00e4yspitk\u00e4 vetoketju. Kaksisuuntainen metallivetoketju ja tuulenpit\u00e4v\u00e4 vuori tekev\u00e4t siit\u00e4 t\u00e4ydellisen valinnan niin retkille kuin arjen menoihin viile\u00e4mm\u00e4ss\u00e4 s\u00e4\u00e4ss\u00e4. Takki on valmistettu laadukkaasta Schoellerin villasta \u2013 se n\u00e4ytt\u00e4\u00e4 hyv\u00e4lt\u00e4 ja kest\u00e4\u00e4 k\u00e4ytt\u00f6\u00e4 pitk\u00e4\u00e4n.<\/p>\n<ul>\n<li>100 % villaa<\/li>\n<li>Kaksisuuntainen metallivetoketju<\/li>\n<li>Normaali istuvuus<\/li>\n<li>Valmistettu Euroopassa<\/li>\n<\/ul>\n<p><!--EndFragment --><\/p>\n","protected":false},"excerpt":{"rendered":"<p>Neulottu villatakki tuulenpit\u00e4v\u00e4ll\u00e4 vuorilla<\/p>\n","protected":false},"featured_media":59888,"template":"","meta":{"_acf_changed":false},"pwb-brand":[836],"product_brand":[],"product_cat":[777,1267,1187,706],"product_tag":[],"woo-feed-brand":[],"class_list":{"0":"post-60739","1":"product","2":"type-product","3":"status-publish","4":"has-post-thumbnail","6":"pwb-brand-holebrook-fi","7":"product_cat-miehet","8":"product_cat-tuulenkestava-miestentakki","9":"product_cat-tuulenpitavat-fi","10":"product_cat-tuulenpitavat-miehet","12":"first","13":"instock","14":"taxable","15":"shipping-taxable","16":"purchasable","17":"product-type-variable","18":"wvs-archive-product-wrapper"},"acf":[],"brands":[{"id":836,"name":"Holebrook","slug":"holebrook-fi"}],"_links":{"self":[{"href":"https:\/\/nautical.store\/fi\/wp-json\/wp\/v2\/product\/60739","targetHints":{"allow":["GET"]}}],"collection":[{"href":"https:\/\/nautical.store\/fi\/wp-json\/wp\/v2\/product"}],"about":[{"href":"https:\/\/nautical.store\/fi\/wp-json\/wp\/v2\/types\/product"}],"wp:featuredmedia":[{"embeddable":true,"href":"https:\/\/nautical.store\/fi\/wp-json\/wp\/v2\/media\/59888"}],"wp:attachment":[{"href":"https:\/\/nautical.store\/fi\/wp-json\/wp\/v2\/media?parent=60739"}],"wp:term":[{"taxonomy":"pwb-brand","embeddable":true,"href":"https:\/\/nautical.store\/fi\/wp-json\/wp\/v2\/pwb-brand?post=60739"},{"taxonomy":"product_brand","embeddable":true,"href":"https:\/\/nautical.store\/fi\/wp-json\/wp\/v2\/product_brand?post=60739"},{"taxonomy":"product_cat","embeddable":true,"href":"https:\/\/nautical.store\/fi\/wp-json\/wp\/v2\/product_cat?post=60739"},{"taxonomy":"product_tag","embeddable":true,"href":"https:\/\/nautical.store\/fi\/wp-json\/wp\/v2\/product_tag?post=60739"},{"taxonomy":"woo-feed-brand","embeddable":true,"href":"https:\/\/nautical.store\/fi\/wp-json\/wp\/v2\/woo-feed-brand?post=60739"}],"curies":[{"name":"wp","href":"https:\/\/api.w.org\/{rel}","templated":true}]}}