{"id":60795,"date":"2024-03-23T14:50:15","date_gmt":"2024-03-23T12:50:15","guid":{"rendered":"https:\/\/nautical.store\/toode\/july-hame\/"},"modified":"2025-12-09T22:36:57","modified_gmt":"2025-12-09T20:36:57","slug":"july-hame","status":"publish","type":"product","link":"https:\/\/nautical.store\/fi\/tuote\/july-hame\/","title":{"rendered":"July farkkuhame"},"content":{"rendered":"<p><!--StartFragment --><\/p>\n<p>Pitk\u00e4 farkkuhame, jossa edess\u00e4 halkio \u2013 monik\u00e4ytt\u00f6inen ja tyylik\u00e4s valinta arkeen. Helppo yhdist\u00e4\u00e4 sek\u00e4 lyhyisiin toppeihin ett\u00e4 pidempiin tunikoihin. Suora malli ja k\u00e4yt\u00e4nn\u00f6lliset taskut tekev\u00e4t hameesta sek\u00e4 trendikk\u00e4\u00e4n ett\u00e4 mukavan k\u00e4ytt\u00e4\u00e4.<\/p>\n<ul>\n<li>Kaksi taskua edess\u00e4 ja kaksi takana<\/li>\n<li>Pituus polven alapuolelle<\/li>\n<li>Nappi- ja vetoketjukiinnitys<\/li>\n<li>Koko 38: kokonaispituus 74 cm<\/li>\n<li>Halkion pituus 31 cm<\/li>\n<\/ul>\n<p><!--EndFragment --><\/p>\n","protected":false},"excerpt":{"rendered":"<p><!--StartFragment --><\/p>\n<p>Klassinen valkoinen farkkuhame halkiolla<\/p>\n<p><!--EndFragment --><\/p>\n","protected":false},"featured_media":60573,"template":"","meta":{"_acf_changed":false},"pwb-brand":[959],"product_brand":[],"product_cat":[877,639,827,2183],"product_tag":[],"woo-feed-brand":[],"class_list":{"0":"post-60795","1":"product","2":"type-product","3":"status-publish","4":"has-post-thumbnail","6":"pwb-brand-para-mi-fi","7":"product_cat-edullinen-hinta-naiset","8":"product_cat-hameet","9":"product_cat-naiset","10":"product_cat-outlet-fi","12":"first","13":"instock","14":"sale","15":"taxable","16":"shipping-taxable","17":"purchasable","18":"product-type-variable","19":"wvs-archive-product-wrapper"},"acf":[],"brands":[{"id":959,"name":"Para Mi","slug":"para-mi-fi"}],"_links":{"self":[{"href":"https:\/\/nautical.store\/fi\/wp-json\/wp\/v2\/product\/60795","targetHints":{"allow":["GET"]}}],"collection":[{"href":"https:\/\/nautical.store\/fi\/wp-json\/wp\/v2\/product"}],"about":[{"href":"https:\/\/nautical.store\/fi\/wp-json\/wp\/v2\/types\/product"}],"wp:featuredmedia":[{"embeddable":true,"href":"https:\/\/nautical.store\/fi\/wp-json\/wp\/v2\/media\/60573"}],"wp:attachment":[{"href":"https:\/\/nautical.store\/fi\/wp-json\/wp\/v2\/media?parent=60795"}],"wp:term":[{"taxonomy":"pwb-brand","embeddable":true,"href":"https:\/\/nautical.store\/fi\/wp-json\/wp\/v2\/pwb-brand?post=60795"},{"taxonomy":"product_brand","embeddable":true,"href":"https:\/\/nautical.store\/fi\/wp-json\/wp\/v2\/product_brand?post=60795"},{"taxonomy":"product_cat","embeddable":true,"href":"https:\/\/nautical.store\/fi\/wp-json\/wp\/v2\/product_cat?post=60795"},{"taxonomy":"product_tag","embeddable":true,"href":"https:\/\/nautical.store\/fi\/wp-json\/wp\/v2\/product_tag?post=60795"},{"taxonomy":"woo-feed-brand","embeddable":true,"href":"https:\/\/nautical.store\/fi\/wp-json\/wp\/v2\/woo-feed-brand?post=60795"}],"curies":[{"name":"wp","href":"https:\/\/api.w.org\/{rel}","templated":true}]}}