{"id":60802,"date":"2024-03-23T19:57:47","date_gmt":"2024-03-23T17:57:47","guid":{"rendered":"https:\/\/nautical.store\/toode\/jane-hame\/"},"modified":"2025-12-09T22:27:13","modified_gmt":"2025-12-09T20:27:13","slug":"jane-hame","status":"publish","type":"product","link":"https:\/\/nautical.store\/fi\/tuote\/jane-hame\/","title":{"rendered":"Jane farkkuhame"},"content":{"rendered":"<p><!--StartFragment --><\/p>\n<p>Kes\u00e4inen ja tyylik\u00e4s farkkuhame, jossa yhdistyv\u00e4t k\u00e4yt\u00e4nn\u00f6llisyys ja rento eleganssi. Suora malli ja edess\u00e4 oleva halkio tuovat kevytt\u00e4 liikkumisen vapautta, kun taas vetoketju- ja nappikiinnitys viimeistelev\u00e4t klassisen ilmeen. Monipuoliset taskut tekev\u00e4t hameesta sek\u00e4 trendikk\u00e4\u00e4n ett\u00e4 k\u00e4yt\u00e4nn\u00f6llisen arjen valinnan.<\/p>\n<ul>\n<li>Polvipituinen<\/li>\n<li>Vetoketju- ja nappikiinnitys<\/li>\n<li>Kaksi taskua edess\u00e4 ja kaksi takana<\/li>\n<li>Suora leikkaus<\/li>\n<li>Koko 36: pituus 60 cm<\/li>\n<li>Halkion pituus 15 cm<\/li>\n<\/ul>\n<p><!--EndFragment --><\/p>\n","protected":false},"excerpt":{"rendered":"<p>Pehme\u00e4 klassinen farkkuhame<\/p>\n","protected":false},"featured_media":60594,"template":"","meta":{"_acf_changed":false},"pwb-brand":[959],"product_brand":[],"product_cat":[877,639,827,2183],"product_tag":[],"woo-feed-brand":[],"class_list":{"0":"post-60802","1":"product","2":"type-product","3":"status-publish","4":"has-post-thumbnail","6":"pwb-brand-para-mi-fi","7":"product_cat-edullinen-hinta-naiset","8":"product_cat-hameet","9":"product_cat-naiset","10":"product_cat-outlet-fi","12":"first","13":"instock","14":"sale","15":"taxable","16":"shipping-taxable","17":"purchasable","18":"product-type-variable","19":"wvs-archive-product-wrapper"},"acf":[],"brands":[{"id":959,"name":"Para Mi","slug":"para-mi-fi"}],"_links":{"self":[{"href":"https:\/\/nautical.store\/fi\/wp-json\/wp\/v2\/product\/60802","targetHints":{"allow":["GET"]}}],"collection":[{"href":"https:\/\/nautical.store\/fi\/wp-json\/wp\/v2\/product"}],"about":[{"href":"https:\/\/nautical.store\/fi\/wp-json\/wp\/v2\/types\/product"}],"wp:featuredmedia":[{"embeddable":true,"href":"https:\/\/nautical.store\/fi\/wp-json\/wp\/v2\/media\/60594"}],"wp:attachment":[{"href":"https:\/\/nautical.store\/fi\/wp-json\/wp\/v2\/media?parent=60802"}],"wp:term":[{"taxonomy":"pwb-brand","embeddable":true,"href":"https:\/\/nautical.store\/fi\/wp-json\/wp\/v2\/pwb-brand?post=60802"},{"taxonomy":"product_brand","embeddable":true,"href":"https:\/\/nautical.store\/fi\/wp-json\/wp\/v2\/product_brand?post=60802"},{"taxonomy":"product_cat","embeddable":true,"href":"https:\/\/nautical.store\/fi\/wp-json\/wp\/v2\/product_cat?post=60802"},{"taxonomy":"product_tag","embeddable":true,"href":"https:\/\/nautical.store\/fi\/wp-json\/wp\/v2\/product_tag?post=60802"},{"taxonomy":"woo-feed-brand","embeddable":true,"href":"https:\/\/nautical.store\/fi\/wp-json\/wp\/v2\/woo-feed-brand?post=60802"}],"curies":[{"name":"wp","href":"https:\/\/api.w.org\/{rel}","templated":true}]}}