{"id":61572,"date":"2024-04-05T15:45:05","date_gmt":"2024-04-05T12:45:05","guid":{"rendered":"https:\/\/nautical.store\/toode\/allekirjoitettu-froteepyyhe\/"},"modified":"2025-11-24T12:49:50","modified_gmt":"2025-11-24T10:49:50","slug":"allekirjoitettu-froteepyyhe","status":"publish","type":"product","link":"https:\/\/nautical.store\/fi\/tuote\/allekirjoitettu-froteepyyhe\/","title":{"rendered":"PelleP Froteepyyhe Signatuurilla"},"content":{"rendered":"<p><!--StartFragment --><\/p>\n<p>Beach Towel 1800 \u2013 suuri ja laadukas rantapyyhe 100 % paksusta puuvillafroteesta. Sopii k\u00e4ytett\u00e4v\u00e4ksi rannalla, uima\u2011altaan \u00e4\u00e4rell\u00e4 tai veneell\u00e4. Saatavana tummansinisen\u00e4 ja beigen\u00e4, sporttisella P1800\u2011 ja Pelle Pettersonin allekirjapainatuksella.<\/p>\n<ul>\n<li>Materiaali: 100 % puuvilla<\/li>\n<li>Paksu puuvillafrotee<\/li>\n<li>Koko: 80 \u00d7 160 cm<\/li>\n<li>Sporttinen P1800\u2011 ja Pelle Pettersonin logo<\/li>\n<li>Pelle Pettersonin nimikirjoitus<\/li>\n<\/ul>\n<p><!--EndFragment --><\/p>\n","protected":false},"excerpt":{"rendered":"<p>Iso puuvillainen rantapyyhe<\/p>\n","protected":false},"featured_media":61106,"template":"","meta":{"_acf_changed":false},"pwb-brand":[838],"product_brand":[],"product_cat":[629,926,628,777,827,1269],"product_tag":[],"woo-feed-brand":[],"class_list":{"0":"post-61572","1":"product","2":"type-product","3":"status-publish","4":"has-post-thumbnail","6":"pwb-brand-pelle-petterson-fi","7":"product_cat-asusteet-naiset","8":"product_cat-asusteet-fi","9":"product_cat-asusteet","10":"product_cat-miehet","11":"product_cat-naiset","12":"product_cat-purjehdus","14":"first","15":"instock","16":"taxable","17":"shipping-taxable","18":"purchasable","19":"product-type-variable","20":"wvs-archive-product-wrapper"},"acf":[],"brands":[{"id":838,"name":"Pelle Petterson","slug":"pelle-petterson-fi"}],"_links":{"self":[{"href":"https:\/\/nautical.store\/fi\/wp-json\/wp\/v2\/product\/61572","targetHints":{"allow":["GET"]}}],"collection":[{"href":"https:\/\/nautical.store\/fi\/wp-json\/wp\/v2\/product"}],"about":[{"href":"https:\/\/nautical.store\/fi\/wp-json\/wp\/v2\/types\/product"}],"wp:featuredmedia":[{"embeddable":true,"href":"https:\/\/nautical.store\/fi\/wp-json\/wp\/v2\/media\/61106"}],"wp:attachment":[{"href":"https:\/\/nautical.store\/fi\/wp-json\/wp\/v2\/media?parent=61572"}],"wp:term":[{"taxonomy":"pwb-brand","embeddable":true,"href":"https:\/\/nautical.store\/fi\/wp-json\/wp\/v2\/pwb-brand?post=61572"},{"taxonomy":"product_brand","embeddable":true,"href":"https:\/\/nautical.store\/fi\/wp-json\/wp\/v2\/product_brand?post=61572"},{"taxonomy":"product_cat","embeddable":true,"href":"https:\/\/nautical.store\/fi\/wp-json\/wp\/v2\/product_cat?post=61572"},{"taxonomy":"product_tag","embeddable":true,"href":"https:\/\/nautical.store\/fi\/wp-json\/wp\/v2\/product_tag?post=61572"},{"taxonomy":"woo-feed-brand","embeddable":true,"href":"https:\/\/nautical.store\/fi\/wp-json\/wp\/v2\/woo-feed-brand?post=61572"}],"curies":[{"name":"wp","href":"https:\/\/api.w.org\/{rel}","templated":true}]}}