{"id":61575,"date":"2024-04-05T15:06:32","date_gmt":"2024-04-05T12:06:32","guid":{"rendered":"https:\/\/nautical.store\/toode\/propulsion-half-zip\/"},"modified":"2026-03-24T22:43:22","modified_gmt":"2026-03-24T20:43:22","slug":"propulsion-half-zip","status":"publish","type":"product","link":"https:\/\/nautical.store\/fi\/tuote\/propulsion-half-zip\/","title":{"rendered":"PelleP Propulsion Half Zip"},"content":{"rendered":"<p><!--StartFragment --><\/p>\n<p>Puolivetoketjullinen treenipaita on valmistettu joustavasta ja toiminnallisesta materiaalista, joka pit\u00e4\u00e4 kehon viile\u00e4n\u00e4 ja mukavana. Kosteutta siirt\u00e4v\u00e4 kangas auttaa pysym\u00e4\u00e4n kuivana harjoittelun aikana. Edess\u00e4 on k\u00e4\u00e4nnetty vetoketju P\u2011logollisella vetimell\u00e4, heijastavat yksityiskohdat sek\u00e4 piilotetut vetoketjulliset sivutaskut. Alaselk\u00e4\u00e4n ja olkap\u00e4\u00e4lle lis\u00e4tyt heijastavat printit parantavat n\u00e4kyvyytt\u00e4.<\/p>\n<p>Materiaalit: 65 % polyesteri\u00e4, 35 % polyeteeni\u00e4<br \/>\n\u2022 Kaksi vetoketjullista sivutaskua<br \/>\n\u2022 Heijastava vetoketju<br \/>\n\u2022 P\u2011logo sel\u00e4n keskell\u00e4 ja olkap\u00e4iden etuosassa<br \/>\n\u2022 True Experience \u2011logo vasemmassa helman reunassa<\/p>\n<p><!--EndFragment --><\/p>\n","protected":false},"excerpt":{"rendered":"<p>Mukava miesten treenivaatteiden v\u00e4likerros<\/p>\n","protected":false},"featured_media":61077,"template":"","meta":{"_acf_changed":false},"pwb-brand":[838],"product_brand":[],"product_cat":[1180,716,777,1259,1261,682],"product_tag":[],"woo-feed-brand":[],"class_list":{"0":"post-61575","1":"product","2":"type-product","3":"status-publish","4":"has-post-thumbnail","6":"pwb-brand-pelle-petterson-fi","7":"product_cat-golf-fi","8":"product_cat-hupparit-ja-fleecet-miehet","9":"product_cat-miehet","10":"product_cat-miesten-golfvaatteet","11":"product_cat-miesten-purjehdusvaatteet","12":"product_cat-tekniset-vaatteet","14":"first","15":"instock","16":"taxable","17":"shipping-taxable","18":"purchasable","19":"product-type-variable","20":"wvs-archive-product-wrapper"},"acf":[],"brands":[{"id":838,"name":"Pelle Petterson","slug":"pelle-petterson-fi"}],"_links":{"self":[{"href":"https:\/\/nautical.store\/fi\/wp-json\/wp\/v2\/product\/61575","targetHints":{"allow":["GET"]}}],"collection":[{"href":"https:\/\/nautical.store\/fi\/wp-json\/wp\/v2\/product"}],"about":[{"href":"https:\/\/nautical.store\/fi\/wp-json\/wp\/v2\/types\/product"}],"wp:featuredmedia":[{"embeddable":true,"href":"https:\/\/nautical.store\/fi\/wp-json\/wp\/v2\/media\/61077"}],"wp:attachment":[{"href":"https:\/\/nautical.store\/fi\/wp-json\/wp\/v2\/media?parent=61575"}],"wp:term":[{"taxonomy":"pwb-brand","embeddable":true,"href":"https:\/\/nautical.store\/fi\/wp-json\/wp\/v2\/pwb-brand?post=61575"},{"taxonomy":"product_brand","embeddable":true,"href":"https:\/\/nautical.store\/fi\/wp-json\/wp\/v2\/product_brand?post=61575"},{"taxonomy":"product_cat","embeddable":true,"href":"https:\/\/nautical.store\/fi\/wp-json\/wp\/v2\/product_cat?post=61575"},{"taxonomy":"product_tag","embeddable":true,"href":"https:\/\/nautical.store\/fi\/wp-json\/wp\/v2\/product_tag?post=61575"},{"taxonomy":"woo-feed-brand","embeddable":true,"href":"https:\/\/nautical.store\/fi\/wp-json\/wp\/v2\/woo-feed-brand?post=61575"}],"curies":[{"name":"wp","href":"https:\/\/api.w.org\/{rel}","templated":true}]}}