{"id":61580,"date":"2024-04-04T18:46:41","date_gmt":"2024-04-04T15:46:41","guid":{"rendered":"https:\/\/nautical.store\/toode\/signature-polo\/"},"modified":"2024-04-04T18:46:41","modified_gmt":"2024-04-04T15:46:41","slug":"signature-polo","status":"publish","type":"product","link":"https:\/\/nautical.store\/fi\/tuote\/signature-polo\/","title":{"rendered":"Signature Polo"},"content":{"rendered":"<p>Klassinen lyhythihainen poolopaita, jossa on kaksinkertainen kylkineuloskaulus. Ihanteellinen jokap\u00e4iv\u00e4iseen k\u00e4ytt\u00f6\u00f6n tai golfkent\u00e4lle.<\/p>\n<ul>\n<li>Materiaali: 100 % puuvillaa<\/li>\n<li>Vasen rintatasku, jossa P-logokirjonta<\/li>\n<li>P-logokirjonta paidan sel\u00e4ss\u00e4<\/li>\n<li>Suora leikkaus<\/li>\n<li>Ei logoa hihassa<\/li>\n<\/ul>\n","protected":false},"excerpt":{"rendered":"<p>Klassinen lyhythihainen poolopaita, jossa on kaksinkertainen kylkineuloskaulus. Ihanteellinen jokap\u00e4iv\u00e4iseen k\u00e4ytt\u00f6\u00f6n tai golfkent\u00e4lle. Materiaali: 100 % puuvillaa Vasen rintatasku, jossa P-logokirjonta P-logokirjonta paidan sel\u00e4ss\u00e4 Suora leikkaus Ei logoa hihassa<\/p>\n","protected":false},"featured_media":61057,"template":"","meta":{"_acf_changed":false},"pwb-brand":[838],"product_brand":[],"product_cat":[1180,777,1259,633],"product_tag":[],"woo-feed-brand":[],"class_list":{"0":"post-61580","1":"product","2":"type-product","3":"status-publish","4":"has-post-thumbnail","6":"pwb-brand-pelle-petterson-fi","7":"product_cat-golf-fi","8":"product_cat-miehet","9":"product_cat-miesten-golfvaatteet","10":"product_cat-paidat-fi","12":"first","13":"instock","14":"sale","15":"taxable","16":"shipping-taxable","17":"purchasable","18":"product-type-variable","19":"wvs-archive-product-wrapper"},"acf":[],"brands":[{"id":838,"name":"Pelle Petterson","slug":"pelle-petterson-fi"}],"_links":{"self":[{"href":"https:\/\/nautical.store\/fi\/wp-json\/wp\/v2\/product\/61580","targetHints":{"allow":["GET"]}}],"collection":[{"href":"https:\/\/nautical.store\/fi\/wp-json\/wp\/v2\/product"}],"about":[{"href":"https:\/\/nautical.store\/fi\/wp-json\/wp\/v2\/types\/product"}],"wp:featuredmedia":[{"embeddable":true,"href":"https:\/\/nautical.store\/fi\/wp-json\/wp\/v2\/media\/61057"}],"wp:attachment":[{"href":"https:\/\/nautical.store\/fi\/wp-json\/wp\/v2\/media?parent=61580"}],"wp:term":[{"taxonomy":"pwb-brand","embeddable":true,"href":"https:\/\/nautical.store\/fi\/wp-json\/wp\/v2\/pwb-brand?post=61580"},{"taxonomy":"product_brand","embeddable":true,"href":"https:\/\/nautical.store\/fi\/wp-json\/wp\/v2\/product_brand?post=61580"},{"taxonomy":"product_cat","embeddable":true,"href":"https:\/\/nautical.store\/fi\/wp-json\/wp\/v2\/product_cat?post=61580"},{"taxonomy":"product_tag","embeddable":true,"href":"https:\/\/nautical.store\/fi\/wp-json\/wp\/v2\/product_tag?post=61580"},{"taxonomy":"woo-feed-brand","embeddable":true,"href":"https:\/\/nautical.store\/fi\/wp-json\/wp\/v2\/woo-feed-brand?post=61580"}],"curies":[{"name":"wp","href":"https:\/\/api.w.org\/{rel}","templated":true}]}}