{"id":61588,"date":"2024-04-04T17:34:18","date_gmt":"2024-04-04T14:34:18","guid":{"rendered":"https:\/\/nautical.store\/toode\/w-yawl-mekko\/"},"modified":"2026-03-20T22:56:41","modified_gmt":"2026-03-20T20:56:41","slug":"w-yawl-mekko","status":"publish","type":"product","link":"https:\/\/nautical.store\/fi\/tuote\/w-yawl-mekko\/","title":{"rendered":"PelleP Polo\u2011mekko Yawl"},"content":{"rendered":"<p>Klassinen polomekko, jossa on ripaus retrohenke\u00e4. Mekko on valmistettu pehme\u00e4st\u00e4 puuvillasekoitteesta, ja sen pystysuuntaiset kontrastiraidat ovat saaneet inspiraationsa 1950\u2011luvun purjeregatoista. Tyylik\u00e4s ja ajaton valinta.<\/p>\n<ul>\n<li>Materiaali: 95 % puuvillaa, 5 % elastaania<\/li>\n<li>Piilonapitus, 4 nappia<\/li>\n<li>Kapea vy\u00f6 metallisilla p\u00e4ill\u00e4<\/li>\n<li>P\u2011logokirjailu sel\u00e4ss\u00e4<\/li>\n<li>P\u2011logon metallimerkki vasemmassa hihassa<\/li>\n<li>Normaali istuvuus<\/li>\n<li>Koko M: kokonaispituus 89 cm<\/li>\n<\/ul>\n","protected":false},"excerpt":{"rendered":"<p>Klassinen polomekko, jossa on ripaus retrohenke\u00e4. Mekko on valmistettu pehme\u00e4st\u00e4 puuvillasekoitteesta, ja sen pystysuuntaiset kontrastiraidat ovat saaneet inspiraationsa 1950\u2011luvun purjeregatoista. Tyylik\u00e4s ja ajaton valinta. Materiaali: 95 % puuvillaa, 5 % elastaania Piilonapitus, 4 nappia Kapea vy\u00f6 metallisilla p\u00e4ill\u00e4 P\u2011logokirjailu sel\u00e4ss\u00e4 P\u2011logon metallimerkki vasemmassa hihassa Normaali istuvuus Koko M: kokonaispituus 89 cm<\/p>\n","protected":false},"featured_media":60933,"template":"","meta":{"_acf_changed":false},"pwb-brand":[838],"product_brand":[],"product_cat":[877,593,827],"product_tag":[],"woo-feed-brand":[],"class_list":{"0":"post-61588","1":"product","2":"type-product","3":"status-publish","4":"has-post-thumbnail","6":"pwb-brand-pelle-petterson-fi","7":"product_cat-edullinen-hinta-naiset","8":"product_cat-mekot","9":"product_cat-naiset","11":"first","12":"instock","13":"sale","14":"taxable","15":"shipping-taxable","16":"purchasable","17":"product-type-variable","18":"wvs-archive-product-wrapper"},"acf":[],"brands":[{"id":838,"name":"Pelle Petterson","slug":"pelle-petterson-fi"}],"_links":{"self":[{"href":"https:\/\/nautical.store\/fi\/wp-json\/wp\/v2\/product\/61588","targetHints":{"allow":["GET"]}}],"collection":[{"href":"https:\/\/nautical.store\/fi\/wp-json\/wp\/v2\/product"}],"about":[{"href":"https:\/\/nautical.store\/fi\/wp-json\/wp\/v2\/types\/product"}],"wp:featuredmedia":[{"embeddable":true,"href":"https:\/\/nautical.store\/fi\/wp-json\/wp\/v2\/media\/60933"}],"wp:attachment":[{"href":"https:\/\/nautical.store\/fi\/wp-json\/wp\/v2\/media?parent=61588"}],"wp:term":[{"taxonomy":"pwb-brand","embeddable":true,"href":"https:\/\/nautical.store\/fi\/wp-json\/wp\/v2\/pwb-brand?post=61588"},{"taxonomy":"product_brand","embeddable":true,"href":"https:\/\/nautical.store\/fi\/wp-json\/wp\/v2\/product_brand?post=61588"},{"taxonomy":"product_cat","embeddable":true,"href":"https:\/\/nautical.store\/fi\/wp-json\/wp\/v2\/product_cat?post=61588"},{"taxonomy":"product_tag","embeddable":true,"href":"https:\/\/nautical.store\/fi\/wp-json\/wp\/v2\/product_tag?post=61588"},{"taxonomy":"woo-feed-brand","embeddable":true,"href":"https:\/\/nautical.store\/fi\/wp-json\/wp\/v2\/woo-feed-brand?post=61588"}],"curies":[{"name":"wp","href":"https:\/\/api.w.org\/{rel}","templated":true}]}}