{"id":61593,"date":"2024-04-04T14:13:07","date_gmt":"2024-04-04T11:13:07","guid":{"rendered":"https:\/\/nautical.store\/toode\/yawl-polo\/"},"modified":"2025-05-12T13:25:51","modified_gmt":"2025-05-12T10:25:51","slug":"yawl-polo","status":"publish","type":"product","link":"https:\/\/nautical.store\/fi\/tuote\/yawl-polo\/","title":{"rendered":"Yawl Polo"},"content":{"rendered":"<p>Yawl on klassinen poolopaita, joka on valmistettu pehme\u00e4st\u00e4 puuvillasekoitteesta ja jossa on 1950-luvun purjehduksesta inspiraationsa saaneet kontrastiset pystyraidat, jotka luovat tyylikk\u00e4\u00e4n ja ajattoman ilmeen.<\/p>\n<ul>\n<li>Materiaali 95 % puuvillaa, 5 % elastaania<\/li>\n<li>Piilokiinnitys napeilla<\/li>\n<li>Taitettu yksityiskohta hihan sis\u00e4puolella<\/li>\n<li>P-logokirjonta sel\u00e4ss\u00e4<\/li>\n<li>P-logo-metallimerkki vasemmassa hihassa<\/li>\n<li>S\u00e4\u00e4nn\u00f6llinen istuvuus<\/li>\n<\/ul>\n","protected":false},"excerpt":{"rendered":"<p>Yawl on klassinen poolopaita, joka on valmistettu pehme\u00e4st\u00e4 puuvillasekoitteesta ja jossa on 1950-luvun purjehduksesta inspiraationsa saaneet kontrastiset pystyraidat, jotka luovat tyylikk\u00e4\u00e4n ja ajattoman ilmeen. Materiaali 95 % puuvillaa, 5 % elastaania Piilokiinnitys napeilla Taitettu yksityiskohta hihan sis\u00e4puolella P-logokirjonta sel\u00e4ss\u00e4 P-logo-metallimerkki vasemmassa hihassa S\u00e4\u00e4nn\u00f6llinen istuvuus<\/p>\n","protected":false},"featured_media":60897,"template":"","meta":{"_acf_changed":false},"pwb-brand":[838],"product_brand":[],"product_cat":[777,633],"product_tag":[],"woo-feed-brand":[],"class_list":{"0":"post-61593","1":"product","2":"type-product","3":"status-publish","4":"has-post-thumbnail","6":"pwb-brand-pelle-petterson-fi","7":"product_cat-miehet","8":"product_cat-paidat-fi","10":"first","11":"instock","12":"sale","13":"taxable","14":"shipping-taxable","15":"purchasable","16":"product-type-variable","17":"wvs-archive-product-wrapper"},"acf":[],"brands":[{"id":838,"name":"Pelle Petterson","slug":"pelle-petterson-fi"}],"_links":{"self":[{"href":"https:\/\/nautical.store\/fi\/wp-json\/wp\/v2\/product\/61593","targetHints":{"allow":["GET"]}}],"collection":[{"href":"https:\/\/nautical.store\/fi\/wp-json\/wp\/v2\/product"}],"about":[{"href":"https:\/\/nautical.store\/fi\/wp-json\/wp\/v2\/types\/product"}],"wp:featuredmedia":[{"embeddable":true,"href":"https:\/\/nautical.store\/fi\/wp-json\/wp\/v2\/media\/60897"}],"wp:attachment":[{"href":"https:\/\/nautical.store\/fi\/wp-json\/wp\/v2\/media?parent=61593"}],"wp:term":[{"taxonomy":"pwb-brand","embeddable":true,"href":"https:\/\/nautical.store\/fi\/wp-json\/wp\/v2\/pwb-brand?post=61593"},{"taxonomy":"product_brand","embeddable":true,"href":"https:\/\/nautical.store\/fi\/wp-json\/wp\/v2\/product_brand?post=61593"},{"taxonomy":"product_cat","embeddable":true,"href":"https:\/\/nautical.store\/fi\/wp-json\/wp\/v2\/product_cat?post=61593"},{"taxonomy":"product_tag","embeddable":true,"href":"https:\/\/nautical.store\/fi\/wp-json\/wp\/v2\/product_tag?post=61593"},{"taxonomy":"woo-feed-brand","embeddable":true,"href":"https:\/\/nautical.store\/fi\/wp-json\/wp\/v2\/woo-feed-brand?post=61593"}],"curies":[{"name":"wp","href":"https:\/\/api.w.org\/{rel}","templated":true}]}}