{"id":61603,"date":"2024-04-09T17:01:09","date_gmt":"2024-04-09T14:01:09","guid":{"rendered":"https:\/\/nautical.store\/toode\/xara-swimwear-top\/"},"modified":"2024-10-19T20:40:07","modified_gmt":"2024-10-19T17:40:07","slug":"xara-swimwear-top","status":"publish","type":"product","link":"https:\/\/nautical.store\/fi\/tuote\/xara-swimwear-top\/","title":{"rendered":"Xara Swimwear Top"},"content":{"rendered":"<p>Xara-uimapuvun yl\u00e4osa on mukava s\u00e4\u00e4dett\u00e4vien hihnojen ansiosta, jotka takaavat mukavuuden.<\/p>\n<ul>\n<li>Materiaali: 86 % kierr\u00e4tetty\u00e4 polyesteri\u00e4, 14 % elastaania<\/li>\n<li>Nelisuuntainen stretch-kangas takaa miellytt\u00e4v\u00e4n istuvuuden<\/li>\n<li>Irrotettava pehmuste rintareunoissa<\/li>\n<li>Koko L: leveys 16 cm<\/li>\n<li>Suosittelemme ottamaan isomman koon<\/li>\n<li>Sopii Zewa Swimwear -bikinialushousujen kanssa<\/li>\n<\/ul>\n","protected":false},"excerpt":{"rendered":"<p>Xara-uimapuvun yl\u00e4osa on mukava s\u00e4\u00e4dett\u00e4vien hihnojen ansiosta, jotka takaavat mukavuuden. Materiaali: 86 % kierr\u00e4tetty\u00e4 polyesteri\u00e4, 14 % elastaania Nelisuuntainen stretch-kangas takaa miellytt\u00e4v\u00e4n istuvuuden Irrotettava pehmuste rintareunoissa Koko L: leveys 16 cm Suosittelemme ottamaan isomman koon Sopii Zewa Swimwear -bikinialushousujen kanssa<\/p>\n","protected":false},"featured_media":61375,"template":"","meta":{"_acf_changed":false},"pwb-brand":[1744],"product_brand":[],"product_cat":[629,827],"product_tag":[],"woo-feed-brand":[],"class_list":{"0":"post-61603","1":"product","2":"type-product","3":"status-publish","4":"has-post-thumbnail","6":"pwb-brand-save-the-duck-fi","7":"product_cat-asusteet-naiset","8":"product_cat-naiset","10":"first","11":"instock","12":"taxable","13":"shipping-taxable","14":"purchasable","15":"product-type-variable","16":"wvs-archive-product-wrapper"},"acf":[],"brands":[{"id":1744,"name":"Save the Duck","slug":"save-the-duck-fi"}],"_links":{"self":[{"href":"https:\/\/nautical.store\/fi\/wp-json\/wp\/v2\/product\/61603","targetHints":{"allow":["GET"]}}],"collection":[{"href":"https:\/\/nautical.store\/fi\/wp-json\/wp\/v2\/product"}],"about":[{"href":"https:\/\/nautical.store\/fi\/wp-json\/wp\/v2\/types\/product"}],"wp:featuredmedia":[{"embeddable":true,"href":"https:\/\/nautical.store\/fi\/wp-json\/wp\/v2\/media\/61375"}],"wp:attachment":[{"href":"https:\/\/nautical.store\/fi\/wp-json\/wp\/v2\/media?parent=61603"}],"wp:term":[{"taxonomy":"pwb-brand","embeddable":true,"href":"https:\/\/nautical.store\/fi\/wp-json\/wp\/v2\/pwb-brand?post=61603"},{"taxonomy":"product_brand","embeddable":true,"href":"https:\/\/nautical.store\/fi\/wp-json\/wp\/v2\/product_brand?post=61603"},{"taxonomy":"product_cat","embeddable":true,"href":"https:\/\/nautical.store\/fi\/wp-json\/wp\/v2\/product_cat?post=61603"},{"taxonomy":"product_tag","embeddable":true,"href":"https:\/\/nautical.store\/fi\/wp-json\/wp\/v2\/product_tag?post=61603"},{"taxonomy":"woo-feed-brand","embeddable":true,"href":"https:\/\/nautical.store\/fi\/wp-json\/wp\/v2\/woo-feed-brand?post=61603"}],"curies":[{"name":"wp","href":"https:\/\/api.w.org\/{rel}","templated":true}]}}