{"id":61612,"date":"2024-04-09T16:30:48","date_gmt":"2024-04-09T13:30:48","guid":{"rendered":"https:\/\/nautical.store\/toode\/wiria-swimwear-bikinihousut\/"},"modified":"2025-11-30T14:39:47","modified_gmt":"2025-11-30T12:39:47","slug":"wiria-swimwear-bikinihousut","status":"publish","type":"product","link":"https:\/\/nautical.store\/fi\/tuote\/wiria-swimwear-bikinihousut\/","title":{"rendered":"Wiria bikinialaosa"},"content":{"rendered":"<p><!--StartFragment --><\/p>\n<p>Wiria Swimwear bikinialaosa on mukava lantiolla olevien s\u00e4\u00e4dett\u00e4vien nauhojen ansiosta.<\/p>\n<ul>\n<li>Materiaali: 86 % kierr\u00e4tetty\u00e4 polyesteri\u00e4, 14 % elastaania<\/li>\n<li>Nelj\u00e4\u00e4n suuntaan joustava kangas takaa miellytt\u00e4v\u00e4n istuvuuden<\/li>\n<li>Save the Duck \u2011logo takana keskell\u00e4<\/li>\n<li>Normaali istuvuus<\/li>\n<li>Koko M: leveys noin 32 cm<\/li>\n<\/ul>\n<p><!--EndFragment --><\/p>\n","protected":false},"excerpt":{"rendered":"<p>Wiria bikinialaosa<\/p>\n","protected":false},"featured_media":61351,"template":"","meta":{"_acf_changed":false},"pwb-brand":[1744],"product_brand":[],"product_cat":[629,827],"product_tag":[],"woo-feed-brand":[],"class_list":{"0":"post-61612","1":"product","2":"type-product","3":"status-publish","4":"has-post-thumbnail","6":"pwb-brand-save-the-duck-fi","7":"product_cat-asusteet-naiset","8":"product_cat-naiset","10":"first","11":"instock","12":"taxable","13":"shipping-taxable","14":"purchasable","15":"product-type-variable","16":"wvs-archive-product-wrapper"},"acf":[],"brands":[{"id":1744,"name":"Save the Duck","slug":"save-the-duck-fi"}],"_links":{"self":[{"href":"https:\/\/nautical.store\/fi\/wp-json\/wp\/v2\/product\/61612","targetHints":{"allow":["GET"]}}],"collection":[{"href":"https:\/\/nautical.store\/fi\/wp-json\/wp\/v2\/product"}],"about":[{"href":"https:\/\/nautical.store\/fi\/wp-json\/wp\/v2\/types\/product"}],"wp:featuredmedia":[{"embeddable":true,"href":"https:\/\/nautical.store\/fi\/wp-json\/wp\/v2\/media\/61351"}],"wp:attachment":[{"href":"https:\/\/nautical.store\/fi\/wp-json\/wp\/v2\/media?parent=61612"}],"wp:term":[{"taxonomy":"pwb-brand","embeddable":true,"href":"https:\/\/nautical.store\/fi\/wp-json\/wp\/v2\/pwb-brand?post=61612"},{"taxonomy":"product_brand","embeddable":true,"href":"https:\/\/nautical.store\/fi\/wp-json\/wp\/v2\/product_brand?post=61612"},{"taxonomy":"product_cat","embeddable":true,"href":"https:\/\/nautical.store\/fi\/wp-json\/wp\/v2\/product_cat?post=61612"},{"taxonomy":"product_tag","embeddable":true,"href":"https:\/\/nautical.store\/fi\/wp-json\/wp\/v2\/product_tag?post=61612"},{"taxonomy":"woo-feed-brand","embeddable":true,"href":"https:\/\/nautical.store\/fi\/wp-json\/wp\/v2\/woo-feed-brand?post=61612"}],"curies":[{"name":"wp","href":"https:\/\/api.w.org\/{rel}","templated":true}]}}