{"id":61700,"date":"2024-04-09T15:05:39","date_gmt":"2024-04-09T12:05:39","guid":{"rendered":"https:\/\/nautical.store\/toode\/zewa-bikinihousut\/"},"modified":"2024-04-09T15:05:39","modified_gmt":"2024-04-09T12:05:39","slug":"zewa-bikinihousut","status":"publish","type":"product","link":"https:\/\/nautical.store\/fi\/tuote\/zewa-bikinihousut\/","title":{"rendered":"Zewa Bikinihousut"},"content":{"rendered":"<p>Zewa-bikinihousut ovat tyylikk\u00e4\u00e4t kukkakuvioiset ja eritt\u00e4in mukavat.<\/p>\n<ul>\n<li>Nelisuuntainen stretch-kangas takaa mukavan istuvuuden.<\/li>\n<li>S\u00e4\u00e4nn\u00f6llinen istuvuus<\/li>\n<li>Koko M housujen leveys 34 cm<\/li>\n<li>Sopii yhteen Xara-uimapuvun topin kanssa.<\/li>\n<\/ul>\n","protected":false},"excerpt":{"rendered":"<p>Zewa-bikinihousut ovat tyylikk\u00e4\u00e4t kukkakuvioiset ja eritt\u00e4in mukavat. Nelisuuntainen stretch-kangas takaa mukavan istuvuuden. S\u00e4\u00e4nn\u00f6llinen istuvuus Koko M housujen leveys 34 cm Sopii yhteen Xara-uimapuvun topin kanssa.<\/p>\n","protected":false},"featured_media":61327,"template":"","meta":{"_acf_changed":false},"pwb-brand":[1744],"product_brand":[],"product_cat":[629,827],"product_tag":[],"woo-feed-brand":[],"class_list":{"0":"post-61700","1":"product","2":"type-product","3":"status-publish","4":"has-post-thumbnail","6":"pwb-brand-save-the-duck-fi","7":"product_cat-asusteet-naiset","8":"product_cat-naiset","10":"first","11":"instock","12":"taxable","13":"shipping-taxable","14":"purchasable","15":"product-type-variable","16":"wvs-archive-product-wrapper"},"acf":[],"brands":[{"id":1744,"name":"Save the Duck","slug":"save-the-duck-fi"}],"_links":{"self":[{"href":"https:\/\/nautical.store\/fi\/wp-json\/wp\/v2\/product\/61700","targetHints":{"allow":["GET"]}}],"collection":[{"href":"https:\/\/nautical.store\/fi\/wp-json\/wp\/v2\/product"}],"about":[{"href":"https:\/\/nautical.store\/fi\/wp-json\/wp\/v2\/types\/product"}],"wp:featuredmedia":[{"embeddable":true,"href":"https:\/\/nautical.store\/fi\/wp-json\/wp\/v2\/media\/61327"}],"wp:attachment":[{"href":"https:\/\/nautical.store\/fi\/wp-json\/wp\/v2\/media?parent=61700"}],"wp:term":[{"taxonomy":"pwb-brand","embeddable":true,"href":"https:\/\/nautical.store\/fi\/wp-json\/wp\/v2\/pwb-brand?post=61700"},{"taxonomy":"product_brand","embeddable":true,"href":"https:\/\/nautical.store\/fi\/wp-json\/wp\/v2\/product_brand?post=61700"},{"taxonomy":"product_cat","embeddable":true,"href":"https:\/\/nautical.store\/fi\/wp-json\/wp\/v2\/product_cat?post=61700"},{"taxonomy":"product_tag","embeddable":true,"href":"https:\/\/nautical.store\/fi\/wp-json\/wp\/v2\/product_tag?post=61700"},{"taxonomy":"woo-feed-brand","embeddable":true,"href":"https:\/\/nautical.store\/fi\/wp-json\/wp\/v2\/woo-feed-brand?post=61700"}],"curies":[{"name":"wp","href":"https:\/\/api.w.org\/{rel}","templated":true}]}}