{"id":61705,"date":"2024-04-09T17:51:04","date_gmt":"2024-04-09T14:51:04","guid":{"rendered":"https:\/\/nautical.store\/toode\/drizzle-2-in-1-liivi-2\/"},"modified":"2024-07-30T12:21:35","modified_gmt":"2024-07-30T09:21:35","slug":"drizzle-2-in-1-liivi-2","status":"publish","type":"product","link":"https:\/\/nautical.store\/fi\/tuote\/drizzle-2-in-1-liivi-2\/","title":{"rendered":"DRIZZLE 2 IN 1 LIIVI"},"content":{"rendered":"<p>Liivi ja takki yhdess\u00e4, jossa on irrotettavat hihat.<\/p>\n<ul>\n<li>Valmistettu 3-kerroksisesta Hi:RES-kalvomateriaalista, joka on sek\u00e4 vedenpit\u00e4v\u00e4 ett\u00e4 hengitt\u00e4v\u00e4<\/li>\n<li>Heijastavat yksityiskohdat ja vett\u00e4 hylkiv\u00e4t vetoketjut<\/li>\n<li>Joustava helma hihojen alaosassa<\/li>\n<li>Kaksi vetoketjullista sivutaskua<\/li>\n<li>P-logoheijastin sel\u00e4ss\u00e4<\/li>\n<li>S\u00e4\u00e4dett\u00e4v\u00e4 huppu<\/li>\n<li>Mukana tulee pussi (26 x 21 cm), jonka sis\u00e4ll\u00e4 takki voidaan s\u00e4ilytt\u00e4\u00e4<\/li>\n<li>Koko M: pituus 78 cm, leveys 51 cm<\/li>\n<\/ul>\n","protected":false},"excerpt":{"rendered":"<p>Liivi ja takki yhdess\u00e4, jossa on irrotettavat hihat. Valmistettu 3-kerroksisesta Hi:RES-kalvomateriaalista, joka on sek\u00e4 vedenpit\u00e4v\u00e4 ett\u00e4 hengitt\u00e4v\u00e4 Heijastavat yksityiskohdat ja vett\u00e4 hylkiv\u00e4t vetoketjut Joustava helma hihojen alaosassa Kaksi vetoketjullista sivutaskua P-logoheijastin sel\u00e4ss\u00e4 S\u00e4\u00e4dett\u00e4v\u00e4 huppu Mukana tulee pussi (26 x 21 cm), jonka sis\u00e4ll\u00e4 takki voidaan s\u00e4ilytt\u00e4\u00e4 Koko M: pituus 78 cm, leveys 51 cm<\/p>\n","protected":false},"featured_media":61435,"template":"","meta":{"_acf_changed":false},"pwb-brand":[838],"product_brand":[],"product_cat":[1180,777,1259,1261,702,1269,682],"product_tag":[],"woo-feed-brand":[],"class_list":{"0":"post-61705","1":"product","2":"type-product","3":"status-publish","4":"has-post-thumbnail","6":"pwb-brand-pelle-petterson-fi","7":"product_cat-golf-fi","8":"product_cat-miehet","9":"product_cat-miesten-golfvaatteet","10":"product_cat-miesten-purjehdusvaatteet","11":"product_cat-paallysvaatteet-miehet","12":"product_cat-purjehdus","13":"product_cat-tekniset-vaatteet","15":"first","16":"outofstock","17":"taxable","18":"shipping-taxable","19":"product-type-variable","20":"wvs-archive-product-wrapper"},"acf":[],"brands":[{"id":838,"name":"Pelle Petterson","slug":"pelle-petterson-fi"}],"_links":{"self":[{"href":"https:\/\/nautical.store\/fi\/wp-json\/wp\/v2\/product\/61705","targetHints":{"allow":["GET"]}}],"collection":[{"href":"https:\/\/nautical.store\/fi\/wp-json\/wp\/v2\/product"}],"about":[{"href":"https:\/\/nautical.store\/fi\/wp-json\/wp\/v2\/types\/product"}],"wp:featuredmedia":[{"embeddable":true,"href":"https:\/\/nautical.store\/fi\/wp-json\/wp\/v2\/media\/61435"}],"wp:attachment":[{"href":"https:\/\/nautical.store\/fi\/wp-json\/wp\/v2\/media?parent=61705"}],"wp:term":[{"taxonomy":"pwb-brand","embeddable":true,"href":"https:\/\/nautical.store\/fi\/wp-json\/wp\/v2\/pwb-brand?post=61705"},{"taxonomy":"product_brand","embeddable":true,"href":"https:\/\/nautical.store\/fi\/wp-json\/wp\/v2\/product_brand?post=61705"},{"taxonomy":"product_cat","embeddable":true,"href":"https:\/\/nautical.store\/fi\/wp-json\/wp\/v2\/product_cat?post=61705"},{"taxonomy":"product_tag","embeddable":true,"href":"https:\/\/nautical.store\/fi\/wp-json\/wp\/v2\/product_tag?post=61705"},{"taxonomy":"woo-feed-brand","embeddable":true,"href":"https:\/\/nautical.store\/fi\/wp-json\/wp\/v2\/woo-feed-brand?post=61705"}],"curies":[{"name":"wp","href":"https:\/\/api.w.org\/{rel}","templated":true}]}}