{"id":61734,"date":"2024-03-25T16:23:01","date_gmt":"2024-03-25T14:23:01","guid":{"rendered":"https:\/\/nautical.store\/toode\/aiko-liivi\/"},"modified":"2026-01-22T14:31:24","modified_gmt":"2026-01-22T12:31:24","slug":"aiko-liivi","status":"publish","type":"product","link":"https:\/\/nautical.store\/fi\/tuote\/aiko-liivi\/","title":{"rendered":"Aiko Liivi"},"content":{"rendered":"<p><!--StartFragment --><\/p>\n<p>Kevyt miesten Aiko-liivi.<\/p>\n<ul>\n<li>Kaksi vetoketjullista taskua ja rintatasku<\/li>\n<li>Nappikiinnitys<\/li>\n<li>Oranssi Save the Duck -logo<\/li>\n<li>Plumtech\u00ae-vuori: pehme\u00e4 ja hengitt\u00e4v\u00e4 synteettinen materiaali, jolla on vett\u00e4hylkiv\u00e4t ominaisuudet<\/li>\n<li>Mukana s\u00e4ilytyspussi (24 \u00d7 20 cm), johon liivi mahtuu<\/li>\n<\/ul>\n<p><!--EndFragment --><\/p>\n","protected":false},"excerpt":{"rendered":"<p>Kevyt miesten Aiko-liivi. Kaksi vetoketjullista taskua ja rintatasku Nappikiinnitys Oranssi Save the Duck -logo Plumtech\u00ae-vuori: pehme\u00e4 ja hengitt\u00e4v\u00e4 synteettinen materiaali, jolla on vett\u00e4hylkiv\u00e4t ominaisuudet Mukana s\u00e4ilytyspussi (24 \u00d7 20 cm), johon liivi mahtuu<\/p>\n","protected":false},"featured_media":67667,"template":"","meta":{"_acf_changed":false},"pwb-brand":[1744],"product_brand":[],"product_cat":[876,777,2183,702],"product_tag":[],"woo-feed-brand":[],"class_list":{"0":"post-61734","1":"product","2":"type-product","3":"status-publish","4":"has-post-thumbnail","6":"pwb-brand-save-the-duck-fi","7":"product_cat-edullinen-hinta-miehet-fi","8":"product_cat-miehet","9":"product_cat-outlet-fi","10":"product_cat-paallysvaatteet-miehet","12":"first","13":"instock","14":"sale","15":"taxable","16":"shipping-taxable","17":"purchasable","18":"product-type-variable","19":"wvs-archive-product-wrapper"},"acf":[],"brands":[{"id":1744,"name":"Save the Duck","slug":"save-the-duck-fi"}],"_links":{"self":[{"href":"https:\/\/nautical.store\/fi\/wp-json\/wp\/v2\/product\/61734","targetHints":{"allow":["GET"]}}],"collection":[{"href":"https:\/\/nautical.store\/fi\/wp-json\/wp\/v2\/product"}],"about":[{"href":"https:\/\/nautical.store\/fi\/wp-json\/wp\/v2\/types\/product"}],"wp:featuredmedia":[{"embeddable":true,"href":"https:\/\/nautical.store\/fi\/wp-json\/wp\/v2\/media\/67667"}],"wp:attachment":[{"href":"https:\/\/nautical.store\/fi\/wp-json\/wp\/v2\/media?parent=61734"}],"wp:term":[{"taxonomy":"pwb-brand","embeddable":true,"href":"https:\/\/nautical.store\/fi\/wp-json\/wp\/v2\/pwb-brand?post=61734"},{"taxonomy":"product_brand","embeddable":true,"href":"https:\/\/nautical.store\/fi\/wp-json\/wp\/v2\/product_brand?post=61734"},{"taxonomy":"product_cat","embeddable":true,"href":"https:\/\/nautical.store\/fi\/wp-json\/wp\/v2\/product_cat?post=61734"},{"taxonomy":"product_tag","embeddable":true,"href":"https:\/\/nautical.store\/fi\/wp-json\/wp\/v2\/product_tag?post=61734"},{"taxonomy":"woo-feed-brand","embeddable":true,"href":"https:\/\/nautical.store\/fi\/wp-json\/wp\/v2\/woo-feed-brand?post=61734"}],"curies":[{"name":"wp","href":"https:\/\/api.w.org\/{rel}","templated":true}]}}