{"id":63939,"date":"2024-04-29T16:11:35","date_gmt":"2024-04-29T13:11:35","guid":{"rendered":"https:\/\/nautical.store\/toode\/propulsion-polo\/"},"modified":"2026-03-24T23:34:53","modified_gmt":"2026-03-24T21:34:53","slug":"propulsion-polo","status":"publish","type":"product","link":"https:\/\/nautical.store\/fi\/tuote\/propulsion-polo\/","title":{"rendered":"PelleP Propulsion Polo"},"content":{"rendered":"<p><!--StartFragment --><\/p>\n<p>Tyylik\u00e4s ja moderni pikeepaita, joka yhdist\u00e4\u00e4 muodon ja toiminnallisuuden ja tukee sinua joka hetki, kun tavoittelet parasta suoritustasi. Kevyt ja joustava materiaali liikkuu luonnollisesti mukanasi \u2014 olipa kyseess\u00e4 golfswingi tai nopea purjeen nosto. L\u00e4mpimiss\u00e4 olosuhteissa harjoitellessa kosteutta siirt\u00e4v\u00e4 kangas tarjoaa pehme\u00e4n ja viile\u00e4n tunteen, ja UV50+ suoja pit\u00e4\u00e4 sinut turvassa voimakkaassa auringossa. Normaali istuvuus ja k\u00e4yt\u00e4nn\u00f6llinen vetoketjullinen kaulus tekev\u00e4t paidasta monik\u00e4ytt\u00f6isen. Pelle P:n tunnusomaisiin yksityiskohtiin kuuluvat logopainatus sel\u00e4n keskell\u00e4 ja etuolkap\u00e4\u00e4ll\u00e4 sek\u00e4 True Experience \u2011painatus, joka kulkee elegantisti sivusaumaa pitkin.<\/p>\n<p>Materiaalit: 80 % polyamidia, 20 % elastaania<br \/>\n\u2022 Vetoketjukiinnitys<br \/>\n\u2022 Pelle P \u2011logo vasemmalla olkap\u00e4\u00e4ll\u00e4 ja sel\u00e4ss\u00e4<br \/>\n\u2022 True Experience \u2011painatus, joka kulkee sivusaumaa pitkin<\/p>\n<p><!--EndFragment --><\/p>\n","protected":false},"excerpt":{"rendered":"<p>UV 50+ \u2011suojattu pikeepaita<\/p>\n","protected":false},"featured_media":92541,"template":"","meta":{"_acf_changed":false},"pwb-brand":[838],"product_brand":[],"product_cat":[1180,777,1259,1261,633,1269,682],"product_tag":[],"woo-feed-brand":[],"class_list":{"0":"post-63939","1":"product","2":"type-product","3":"status-publish","4":"has-post-thumbnail","6":"pwb-brand-pelle-petterson-fi","7":"product_cat-golf-fi","8":"product_cat-miehet","9":"product_cat-miesten-golfvaatteet","10":"product_cat-miesten-purjehdusvaatteet","11":"product_cat-paidat-fi","12":"product_cat-purjehdus","13":"product_cat-tekniset-vaatteet","15":"first","16":"instock","17":"sale","18":"taxable","19":"shipping-taxable","20":"purchasable","21":"product-type-variable","22":"wvs-archive-product-wrapper"},"acf":[],"brands":[{"id":838,"name":"Pelle Petterson","slug":"pelle-petterson-fi"}],"_links":{"self":[{"href":"https:\/\/nautical.store\/fi\/wp-json\/wp\/v2\/product\/63939","targetHints":{"allow":["GET"]}}],"collection":[{"href":"https:\/\/nautical.store\/fi\/wp-json\/wp\/v2\/product"}],"about":[{"href":"https:\/\/nautical.store\/fi\/wp-json\/wp\/v2\/types\/product"}],"wp:featuredmedia":[{"embeddable":true,"href":"https:\/\/nautical.store\/fi\/wp-json\/wp\/v2\/media\/92541"}],"wp:attachment":[{"href":"https:\/\/nautical.store\/fi\/wp-json\/wp\/v2\/media?parent=63939"}],"wp:term":[{"taxonomy":"pwb-brand","embeddable":true,"href":"https:\/\/nautical.store\/fi\/wp-json\/wp\/v2\/pwb-brand?post=63939"},{"taxonomy":"product_brand","embeddable":true,"href":"https:\/\/nautical.store\/fi\/wp-json\/wp\/v2\/product_brand?post=63939"},{"taxonomy":"product_cat","embeddable":true,"href":"https:\/\/nautical.store\/fi\/wp-json\/wp\/v2\/product_cat?post=63939"},{"taxonomy":"product_tag","embeddable":true,"href":"https:\/\/nautical.store\/fi\/wp-json\/wp\/v2\/product_tag?post=63939"},{"taxonomy":"woo-feed-brand","embeddable":true,"href":"https:\/\/nautical.store\/fi\/wp-json\/wp\/v2\/woo-feed-brand?post=63939"}],"curies":[{"name":"wp","href":"https:\/\/api.w.org\/{rel}","templated":true}]}}