{"id":63944,"date":"2024-04-29T15:56:55","date_gmt":"2024-04-29T12:56:55","guid":{"rendered":"https:\/\/nautical.store\/toode\/propulsion-rugby-paita\/"},"modified":"2025-05-19T17:41:21","modified_gmt":"2025-05-19T14:41:21","slug":"propulsion-rugby-paita","status":"publish","type":"product","link":"https:\/\/nautical.store\/fi\/tuote\/propulsion-rugby-paita\/","title":{"rendered":"Propulsion Rugby Paita"},"content":{"rendered":"<p>Pitk\u00e4hihainen poolopaita joustavasta kankaasta, joka pit\u00e4\u00e4 kehosi kuivana ja l\u00e4mpim\u00e4n\u00e4.<\/p>\n<ul>\n<li>Materiaali: 80 % polyamidia, 20 % elastaania<\/li>\n<li>UV50+<\/li>\n<li>Pelle P -logo vasemmassa olkap\u00e4\u00e4ss\u00e4 ja sel\u00e4ss\u00e4<\/li>\n<li>True Experience -painatus vasemmalla puolella<\/li>\n<\/ul>\n","protected":false},"excerpt":{"rendered":"<p>Pitk\u00e4hihainen poolopaita joustavasta kankaasta, joka pit\u00e4\u00e4 kehosi kuivana ja l\u00e4mpim\u00e4n\u00e4. Materiaali: 80 % polyamidia, 20 % elastaania UV50+ Pelle P -logo vasemmassa olkap\u00e4\u00e4ss\u00e4 ja sel\u00e4ss\u00e4 True Experience -painatus vasemmalla puolella<\/p>\n","protected":false},"featured_media":63051,"template":"","meta":{"_acf_changed":false},"pwb-brand":[838],"product_brand":[],"product_cat":[1180,777,1259,1261,633,682],"product_tag":[],"woo-feed-brand":[],"class_list":{"0":"post-63944","1":"product","2":"type-product","3":"status-publish","4":"has-post-thumbnail","6":"pwb-brand-pelle-petterson-fi","7":"product_cat-golf-fi","8":"product_cat-miehet","9":"product_cat-miesten-golfvaatteet","10":"product_cat-miesten-purjehdusvaatteet","11":"product_cat-paidat-fi","12":"product_cat-tekniset-vaatteet","14":"first","15":"instock","16":"taxable","17":"shipping-taxable","18":"purchasable","19":"product-type-variable","20":"wvs-archive-product-wrapper"},"acf":[],"brands":[{"id":838,"name":"Pelle Petterson","slug":"pelle-petterson-fi"}],"_links":{"self":[{"href":"https:\/\/nautical.store\/fi\/wp-json\/wp\/v2\/product\/63944","targetHints":{"allow":["GET"]}}],"collection":[{"href":"https:\/\/nautical.store\/fi\/wp-json\/wp\/v2\/product"}],"about":[{"href":"https:\/\/nautical.store\/fi\/wp-json\/wp\/v2\/types\/product"}],"wp:featuredmedia":[{"embeddable":true,"href":"https:\/\/nautical.store\/fi\/wp-json\/wp\/v2\/media\/63051"}],"wp:attachment":[{"href":"https:\/\/nautical.store\/fi\/wp-json\/wp\/v2\/media?parent=63944"}],"wp:term":[{"taxonomy":"pwb-brand","embeddable":true,"href":"https:\/\/nautical.store\/fi\/wp-json\/wp\/v2\/pwb-brand?post=63944"},{"taxonomy":"product_brand","embeddable":true,"href":"https:\/\/nautical.store\/fi\/wp-json\/wp\/v2\/product_brand?post=63944"},{"taxonomy":"product_cat","embeddable":true,"href":"https:\/\/nautical.store\/fi\/wp-json\/wp\/v2\/product_cat?post=63944"},{"taxonomy":"product_tag","embeddable":true,"href":"https:\/\/nautical.store\/fi\/wp-json\/wp\/v2\/product_tag?post=63944"},{"taxonomy":"woo-feed-brand","embeddable":true,"href":"https:\/\/nautical.store\/fi\/wp-json\/wp\/v2\/woo-feed-brand?post=63944"}],"curies":[{"name":"wp","href":"https:\/\/api.w.org\/{rel}","templated":true}]}}