{"id":63954,"date":"2024-04-29T15:25:33","date_gmt":"2024-04-29T12:25:33","guid":{"rendered":"https:\/\/nautical.store\/toode\/n-1200-bermuda-shorts\/"},"modified":"2026-03-30T11:13:23","modified_gmt":"2026-03-30T08:13:23","slug":"n-1200-bermuda-shorts","status":"publish","type":"product","link":"https:\/\/nautical.store\/fi\/tuote\/n-1200-bermuda-shorts\/","title":{"rendered":"N 1200 Bermuda Shorts"},"content":{"rendered":"<div>Vett\u00e4hylkiv\u00e4st\u00e4 ja nopeasti kuivuvasta materiaalista valmistetut shortsit ovat monik\u00e4ytt\u00f6iset, ne sopivat niin veneelle kuin kaupunkiinkin.<\/div>\n<ul>\n<li>Tekniset, nelj\u00e4\u00e4n suuntaan joustavat shortsit, ,joissa kulutusta kest\u00e4v\u00e4t vahvikkeet takapuolessa sek\u00e4 reisiss\u00e4<\/li>\n<li>\n<div>Materiaalit:89% nylon, 11% elastaani<\/div>\n<\/li>\n<li>Vahvikekangas: 72%, 14% polyester, 14% elastaani<\/li>\n<li>Kaksi vetoketjullista s\u00e4\u00e4ritaskua, joissa on sulkulaite<\/li>\n<li>Kaksi vetoketjullista takataskua<\/li>\n<li>Pelle P -kirjailu vasemmassa s\u00e4\u00e4ress\u00e4 ja takavy\u00f6t\u00e4r\u00f6nauhassa<\/li>\n<li>Pelle P -vy\u00f6 mukana\n<div><\/div>\n<\/li>\n<\/ul>\n","protected":false},"excerpt":{"rendered":"<p>Vett\u00e4hylkiv\u00e4st\u00e4 ja nopeasti kuivuvasta materiaalista valmistetut shortsit ovat monik\u00e4ytt\u00f6iset, ne sopivat niin veneelle kuin kaupunkiinkin. Tekniset, nelj\u00e4\u00e4n suuntaan joustavat shortsit, ,joissa kulutusta kest\u00e4v\u00e4t vahvikkeet takapuolessa sek\u00e4 reisiss\u00e4 Materiaalit:89% nylon, 11% elastaani Vahvikekangas: 72%, 14% polyester, 14% elastaani Kaksi vetoketjullista s\u00e4\u00e4ritaskua, joissa on sulkulaite Kaksi vetoketjullista takataskua Pelle P -kirjailu vasemmassa s\u00e4\u00e4ress\u00e4 ja takavy\u00f6t\u00e4r\u00f6nauhassa Pelle P [&hellip;]<\/p>\n","protected":false},"featured_media":66017,"template":"","meta":{"_acf_changed":false},"pwb-brand":[838],"product_brand":[],"product_cat":[640,827,1262,1269,726],"product_tag":[],"woo-feed-brand":[],"class_list":{"0":"post-63954","1":"product","2":"type-product","3":"status-publish","4":"has-post-thumbnail","6":"pwb-brand-pelle-petterson-fi","7":"product_cat-housut-fi","8":"product_cat-naiset","9":"product_cat-naisten-purjehdusvaatteet","10":"product_cat-purjehdus","11":"product_cat-tekniset-vaatteet-naiset","13":"first","14":"instock","15":"taxable","16":"shipping-taxable","17":"purchasable","18":"product-type-variable","19":"wvs-archive-product-wrapper"},"acf":[],"brands":[{"id":838,"name":"Pelle Petterson","slug":"pelle-petterson-fi"}],"_links":{"self":[{"href":"https:\/\/nautical.store\/fi\/wp-json\/wp\/v2\/product\/63954","targetHints":{"allow":["GET"]}}],"collection":[{"href":"https:\/\/nautical.store\/fi\/wp-json\/wp\/v2\/product"}],"about":[{"href":"https:\/\/nautical.store\/fi\/wp-json\/wp\/v2\/types\/product"}],"wp:featuredmedia":[{"embeddable":true,"href":"https:\/\/nautical.store\/fi\/wp-json\/wp\/v2\/media\/66017"}],"wp:attachment":[{"href":"https:\/\/nautical.store\/fi\/wp-json\/wp\/v2\/media?parent=63954"}],"wp:term":[{"taxonomy":"pwb-brand","embeddable":true,"href":"https:\/\/nautical.store\/fi\/wp-json\/wp\/v2\/pwb-brand?post=63954"},{"taxonomy":"product_brand","embeddable":true,"href":"https:\/\/nautical.store\/fi\/wp-json\/wp\/v2\/product_brand?post=63954"},{"taxonomy":"product_cat","embeddable":true,"href":"https:\/\/nautical.store\/fi\/wp-json\/wp\/v2\/product_cat?post=63954"},{"taxonomy":"product_tag","embeddable":true,"href":"https:\/\/nautical.store\/fi\/wp-json\/wp\/v2\/product_tag?post=63954"},{"taxonomy":"woo-feed-brand","embeddable":true,"href":"https:\/\/nautical.store\/fi\/wp-json\/wp\/v2\/woo-feed-brand?post=63954"}],"curies":[{"name":"wp","href":"https:\/\/api.w.org\/{rel}","templated":true}]}}