{"id":63962,"date":"2024-04-29T14:48:10","date_gmt":"2024-04-29T11:48:10","guid":{"rendered":"https:\/\/nautical.store\/toode\/asta-capsleeve\/"},"modified":"2024-10-19T20:31:24","modified_gmt":"2024-10-19T17:31:24","slug":"asta-capsleeve","status":"publish","type":"product","link":"https:\/\/nautical.store\/fi\/tuote\/asta-capsleeve\/","title":{"rendered":"Asta Capsleeve"},"content":{"rendered":"<div class=\"QsQR-j NN8L-8 JT3_zV _8sTSoF MxUWj-\" data-testid=\"pdp-accordion-material_care\">\n<div class=\"JAkf7W ZkIJC- i8_8W0\">\n<div class=\"Z1Xqqm sb1S7G sKmkSN pMa0tB\">\n<div class=\"\">\n<div>Yksinkertainen t-paita viskoosia, jossa on lyhyet hihat. Sopii Asta-housujen tai Asta-hameen kanssa.<\/div>\n<ul>\n<li>P\u00e4\u00e4llikankaan materiaali: 93% viskoosi, 7% elastaani<\/li>\n<li>Py\u00f6re\u00e4 kaula-aukko<\/li>\n<li>Normaali istuvuus<\/li>\n<li>Suora malli<\/li>\n<\/ul>\n<\/div>\n<\/div>\n<\/div>\n<\/div>\n<div class=\"QsQR-j NN8L-8 JT3_zV _8sTSoF MxUWj-\" data-testid=\"pdp-accordion-size_fit\">\n<div class=\"JAkf7W ZkIJC- i8_8W0\">\n<div class=\"Z1Xqqm sb1S7G sKmkSN pMa0tB\"><\/div>\n<\/div>\n<\/div>\n","protected":false},"excerpt":{"rendered":"<p>Yksinkertainen t-paita viskoosia, jossa on lyhyet hihat. Sopii Asta-housujen tai Asta-hameen kanssa. P\u00e4\u00e4llikankaan materiaali: 93% viskoosi, 7% elastaani Py\u00f6re\u00e4 kaula-aukko Normaali istuvuus Suora malli<\/p>\n","protected":false},"featured_media":62943,"template":"","meta":{"_acf_changed":false},"pwb-brand":[836],"product_brand":[],"product_cat":[877,827,590],"product_tag":[],"woo-feed-brand":[],"class_list":{"0":"post-63962","1":"product","2":"type-product","3":"status-publish","4":"has-post-thumbnail","6":"pwb-brand-holebrook-fi","7":"product_cat-edullinen-hinta-naiset","8":"product_cat-naiset","9":"product_cat-paidat","11":"first","12":"instock","13":"sale","14":"taxable","15":"shipping-taxable","16":"purchasable","17":"product-type-variable","18":"wvs-archive-product-wrapper"},"acf":[],"brands":[{"id":836,"name":"Holebrook","slug":"holebrook-fi"}],"_links":{"self":[{"href":"https:\/\/nautical.store\/fi\/wp-json\/wp\/v2\/product\/63962","targetHints":{"allow":["GET"]}}],"collection":[{"href":"https:\/\/nautical.store\/fi\/wp-json\/wp\/v2\/product"}],"about":[{"href":"https:\/\/nautical.store\/fi\/wp-json\/wp\/v2\/types\/product"}],"wp:featuredmedia":[{"embeddable":true,"href":"https:\/\/nautical.store\/fi\/wp-json\/wp\/v2\/media\/62943"}],"wp:attachment":[{"href":"https:\/\/nautical.store\/fi\/wp-json\/wp\/v2\/media?parent=63962"}],"wp:term":[{"taxonomy":"pwb-brand","embeddable":true,"href":"https:\/\/nautical.store\/fi\/wp-json\/wp\/v2\/pwb-brand?post=63962"},{"taxonomy":"product_brand","embeddable":true,"href":"https:\/\/nautical.store\/fi\/wp-json\/wp\/v2\/product_brand?post=63962"},{"taxonomy":"product_cat","embeddable":true,"href":"https:\/\/nautical.store\/fi\/wp-json\/wp\/v2\/product_cat?post=63962"},{"taxonomy":"product_tag","embeddable":true,"href":"https:\/\/nautical.store\/fi\/wp-json\/wp\/v2\/product_tag?post=63962"},{"taxonomy":"woo-feed-brand","embeddable":true,"href":"https:\/\/nautical.store\/fi\/wp-json\/wp\/v2\/woo-feed-brand?post=63962"}],"curies":[{"name":"wp","href":"https:\/\/api.w.org\/{rel}","templated":true}]}}