{"id":63991,"date":"2024-04-29T13:46:13","date_gmt":"2024-04-29T10:46:13","guid":{"rendered":"https:\/\/nautical.store\/toode\/asta-mid-length-vapaa-ajan-mekko\/"},"modified":"2026-03-20T22:08:42","modified_gmt":"2026-03-20T20:08:42","slug":"asta-mid-length-vapaa-ajan-mekko","status":"publish","type":"product","link":"https:\/\/nautical.store\/fi\/tuote\/asta-mid-length-vapaa-ajan-mekko\/","title":{"rendered":"Asta Mid Length Mekko"},"content":{"rendered":"<p><!--StartFragment --><\/p>\n<p>Pehme\u00e4 ja eritt\u00e4in mukava pitk\u00e4 viskoosimekko.<\/p>\n<ul>\n<li>Materiaali: 93 % viskoosia, 7 % elastaania<\/li>\n<li>Py\u00f6re\u00e4 p\u00e4\u00e4ntie<\/li>\n<li>Kiinnitys: nappi<\/li>\n<li>Normaali istuvuus<\/li>\n<li>Liehuva, hieman levenev\u00e4 malli<\/li>\n<li>Pohjepituinen<\/li>\n<li>Hihan pituus: 3\/4\u2011hihat<\/li>\n<li>Koko M: kokonaispituus 120 cm<\/li>\n<\/ul>\n<p><!--EndFragment --><\/p>\n","protected":false},"excerpt":{"rendered":"<p>Pehme\u00e4 ja eritt\u00e4in mukava pitk\u00e4 viskoosimekko. Materiaali: 93 % viskoosia, 7 % elastaania Py\u00f6re\u00e4 p\u00e4\u00e4ntie Kiinnitys: nappi Normaali istuvuus Liehuva, hieman levenev\u00e4 malli Pohjepituinen Hihan pituus: 3\/4\u2011hihat Koko M: kokonaispituus 120 cm<\/p>\n","protected":false},"featured_media":62855,"template":"","meta":{"_acf_changed":false},"pwb-brand":[836],"product_brand":[],"product_cat":[877,593,827,2183],"product_tag":[],"woo-feed-brand":[],"class_list":{"0":"post-63991","1":"product","2":"type-product","3":"status-publish","4":"has-post-thumbnail","6":"pwb-brand-holebrook-fi","7":"product_cat-edullinen-hinta-naiset","8":"product_cat-mekot","9":"product_cat-naiset","10":"product_cat-outlet-fi","12":"first","13":"instock","14":"sale","15":"taxable","16":"shipping-taxable","17":"purchasable","18":"product-type-variable","19":"wvs-archive-product-wrapper"},"acf":[],"brands":[{"id":836,"name":"Holebrook","slug":"holebrook-fi"}],"_links":{"self":[{"href":"https:\/\/nautical.store\/fi\/wp-json\/wp\/v2\/product\/63991","targetHints":{"allow":["GET"]}}],"collection":[{"href":"https:\/\/nautical.store\/fi\/wp-json\/wp\/v2\/product"}],"about":[{"href":"https:\/\/nautical.store\/fi\/wp-json\/wp\/v2\/types\/product"}],"wp:featuredmedia":[{"embeddable":true,"href":"https:\/\/nautical.store\/fi\/wp-json\/wp\/v2\/media\/62855"}],"wp:attachment":[{"href":"https:\/\/nautical.store\/fi\/wp-json\/wp\/v2\/media?parent=63991"}],"wp:term":[{"taxonomy":"pwb-brand","embeddable":true,"href":"https:\/\/nautical.store\/fi\/wp-json\/wp\/v2\/pwb-brand?post=63991"},{"taxonomy":"product_brand","embeddable":true,"href":"https:\/\/nautical.store\/fi\/wp-json\/wp\/v2\/product_brand?post=63991"},{"taxonomy":"product_cat","embeddable":true,"href":"https:\/\/nautical.store\/fi\/wp-json\/wp\/v2\/product_cat?post=63991"},{"taxonomy":"product_tag","embeddable":true,"href":"https:\/\/nautical.store\/fi\/wp-json\/wp\/v2\/product_tag?post=63991"},{"taxonomy":"woo-feed-brand","embeddable":true,"href":"https:\/\/nautical.store\/fi\/wp-json\/wp\/v2\/woo-feed-brand?post=63991"}],"curies":[{"name":"wp","href":"https:\/\/api.w.org\/{rel}","templated":true}]}}