{"id":63998,"date":"2024-04-29T13:15:12","date_gmt":"2024-04-29T10:15:12","guid":{"rendered":"https:\/\/nautical.store\/toode\/asta-maksihame\/"},"modified":"2025-10-12T14:45:44","modified_gmt":"2025-10-12T11:45:44","slug":"asta-maksihame","status":"publish","type":"product","link":"https:\/\/nautical.store\/fi\/tuote\/asta-maksihame\/","title":{"rendered":"Asta-hame"},"content":{"rendered":"<p>Mukava hame pehme\u00e4st\u00e4 viskoosisekoitteesta. Joustava vy\u00f6t\u00e4r\u00f6 takaa erinomaisen k\u00e4ytt\u00f6mukavuuden, ja edess\u00e4 on huomaamaton p\u00e4\u00e4llekk\u00e4inen halkio. Sivutaskut ja pieni logo sivussa viimeistelev\u00e4t ilmeen.<\/p>\n<p>\u2022 Pehme\u00e4 viskoosisekoitus<br \/>\n\u2022 Joustava vy\u00f6t\u00e4r\u00f6<br \/>\n\u2022 Sivutaskut ja halkio edess\u00e4<br \/>\n\u2022 Normaali mitoitus, pituus pohkeisiin<br \/>\n\u2022 Valmistettu Euroopassa<br \/>\n\u2022 93 % viskoosi \/ 7 % elastaani<\/p>\n","protected":false},"excerpt":{"rendered":"<p>Mukava hame pehme\u00e4st\u00e4 viskoosisekoitteesta. Joustava vy\u00f6t\u00e4r\u00f6 takaa erinomaisen k\u00e4ytt\u00f6mukavuuden, ja edess\u00e4 on huomaamaton p\u00e4\u00e4llekk\u00e4inen halkio. Sivutaskut ja pieni logo sivussa viimeistelev\u00e4t ilmeen. \u2022 Pehme\u00e4 viskoosisekoitus \u2022 Joustava vy\u00f6t\u00e4r\u00f6 \u2022 Sivutaskut ja halkio edess\u00e4 \u2022 Normaali mitoitus, pituus pohkeisiin \u2022 Valmistettu Euroopassa \u2022 93 % viskoosi \/ 7 % elastaani<\/p>\n","protected":false},"featured_media":62804,"template":"","meta":{"_acf_changed":false},"pwb-brand":[836],"product_brand":[],"product_cat":[877,639,827],"product_tag":[],"woo-feed-brand":[],"class_list":{"0":"post-63998","1":"product","2":"type-product","3":"status-publish","4":"has-post-thumbnail","6":"pwb-brand-holebrook-fi","7":"product_cat-edullinen-hinta-naiset","8":"product_cat-hameet","9":"product_cat-naiset","11":"first","12":"instock","13":"sale","14":"taxable","15":"shipping-taxable","16":"purchasable","17":"product-type-variable","18":"wvs-archive-product-wrapper"},"acf":[],"brands":[{"id":836,"name":"Holebrook","slug":"holebrook-fi"}],"_links":{"self":[{"href":"https:\/\/nautical.store\/fi\/wp-json\/wp\/v2\/product\/63998","targetHints":{"allow":["GET"]}}],"collection":[{"href":"https:\/\/nautical.store\/fi\/wp-json\/wp\/v2\/product"}],"about":[{"href":"https:\/\/nautical.store\/fi\/wp-json\/wp\/v2\/types\/product"}],"wp:featuredmedia":[{"embeddable":true,"href":"https:\/\/nautical.store\/fi\/wp-json\/wp\/v2\/media\/62804"}],"wp:attachment":[{"href":"https:\/\/nautical.store\/fi\/wp-json\/wp\/v2\/media?parent=63998"}],"wp:term":[{"taxonomy":"pwb-brand","embeddable":true,"href":"https:\/\/nautical.store\/fi\/wp-json\/wp\/v2\/pwb-brand?post=63998"},{"taxonomy":"product_brand","embeddable":true,"href":"https:\/\/nautical.store\/fi\/wp-json\/wp\/v2\/product_brand?post=63998"},{"taxonomy":"product_cat","embeddable":true,"href":"https:\/\/nautical.store\/fi\/wp-json\/wp\/v2\/product_cat?post=63998"},{"taxonomy":"product_tag","embeddable":true,"href":"https:\/\/nautical.store\/fi\/wp-json\/wp\/v2\/product_tag?post=63998"},{"taxonomy":"woo-feed-brand","embeddable":true,"href":"https:\/\/nautical.store\/fi\/wp-json\/wp\/v2\/woo-feed-brand?post=63998"}],"curies":[{"name":"wp","href":"https:\/\/api.w.org\/{rel}","templated":true}]}}