{"id":64008,"date":"2024-04-26T16:23:28","date_gmt":"2024-04-26T13:23:28","guid":{"rendered":"https:\/\/nautical.store\/toode\/asta-v-neck-t-paita\/"},"modified":"2025-06-09T14:05:35","modified_gmt":"2025-06-09T11:05:35","slug":"asta-v-neck-t-paita","status":"publish","type":"product","link":"https:\/\/nautical.store\/fi\/tuote\/asta-v-neck-t-paita\/","title":{"rendered":"Asta V-Neck T-Paita"},"content":{"rendered":"<div class=\"QsQR-j NN8L-8 JT3_zV _8sTSoF MxUWj-\" data-testid=\"pdp-accordion-details\">\n<div class=\"JAkf7W ZkIJC- i8_8W0\">\n<div class=\"Z1Xqqm sb1S7G sKmkSN pMa0tB\">Superjoustava laadukas T-paita, jossa edess\u00e4 leikkaus antamassa kivasti tilaa. Aivan mahtavan miellytt\u00e4v\u00e4, vilpoinen materiaali.<\/div>\n<div class=\"Z1Xqqm sb1S7G sKmkSN pMa0tB\">93% viskoosi, 7% elastaani<\/div>\n<div class=\"Z1Xqqm sb1S7G sKmkSN pMa0tB\">Pesu 40 astetta<\/div>\n<\/div>\n<\/div>\n<div class=\"QsQR-j NN8L-8 JT3_zV _8sTSoF MxUWj-\" data-testid=\"pdp-accordion-size_fit\">\n<div class=\"_0xLoFW FCIprz\"><\/div>\n<div class=\"JAkf7W ZkIJC- i8_8W0\">\n<div class=\"Z1Xqqm sb1S7G sKmkSN pMa0tB\"><\/div>\n<\/div>\n<\/div>\n","protected":false},"excerpt":{"rendered":"<p>Laadukas T-paita<\/p>\n","protected":false},"featured_media":62749,"template":"","meta":{"_acf_changed":false},"pwb-brand":[836],"product_brand":[],"product_cat":[877,827,2183,590],"product_tag":[],"woo-feed-brand":[],"class_list":{"0":"post-64008","1":"product","2":"type-product","3":"status-publish","4":"has-post-thumbnail","6":"pwb-brand-holebrook-fi","7":"product_cat-edullinen-hinta-naiset","8":"product_cat-naiset","9":"product_cat-outlet-fi","10":"product_cat-paidat","12":"first","13":"instock","14":"sale","15":"taxable","16":"shipping-taxable","17":"purchasable","18":"product-type-variable","19":"wvs-archive-product-wrapper"},"acf":[],"brands":[{"id":836,"name":"Holebrook","slug":"holebrook-fi"}],"_links":{"self":[{"href":"https:\/\/nautical.store\/fi\/wp-json\/wp\/v2\/product\/64008","targetHints":{"allow":["GET"]}}],"collection":[{"href":"https:\/\/nautical.store\/fi\/wp-json\/wp\/v2\/product"}],"about":[{"href":"https:\/\/nautical.store\/fi\/wp-json\/wp\/v2\/types\/product"}],"wp:featuredmedia":[{"embeddable":true,"href":"https:\/\/nautical.store\/fi\/wp-json\/wp\/v2\/media\/62749"}],"wp:attachment":[{"href":"https:\/\/nautical.store\/fi\/wp-json\/wp\/v2\/media?parent=64008"}],"wp:term":[{"taxonomy":"pwb-brand","embeddable":true,"href":"https:\/\/nautical.store\/fi\/wp-json\/wp\/v2\/pwb-brand?post=64008"},{"taxonomy":"product_brand","embeddable":true,"href":"https:\/\/nautical.store\/fi\/wp-json\/wp\/v2\/product_brand?post=64008"},{"taxonomy":"product_cat","embeddable":true,"href":"https:\/\/nautical.store\/fi\/wp-json\/wp\/v2\/product_cat?post=64008"},{"taxonomy":"product_tag","embeddable":true,"href":"https:\/\/nautical.store\/fi\/wp-json\/wp\/v2\/product_tag?post=64008"},{"taxonomy":"woo-feed-brand","embeddable":true,"href":"https:\/\/nautical.store\/fi\/wp-json\/wp\/v2\/woo-feed-brand?post=64008"}],"curies":[{"name":"wp","href":"https:\/\/api.w.org\/{rel}","templated":true}]}}