{"id":64016,"date":"2024-04-26T23:20:46","date_gmt":"2024-04-26T20:20:46","guid":{"rendered":"https:\/\/nautical.store\/toode\/asta-tee-mekko\/"},"modified":"2026-03-20T22:46:09","modified_gmt":"2026-03-20T20:46:09","slug":"asta-tee-mekko","status":"publish","type":"product","link":"https:\/\/nautical.store\/fi\/tuote\/asta-tee-mekko\/","title":{"rendered":"Asta Tee Mekko"},"content":{"rendered":"<p><!--StartFragment --><\/p>\n<p>Mukava viskoosista valmistettu T\u2011paitamallinen mekko, jossa on py\u00f6re\u00e4 p\u00e4\u00e4ntie. Pehme\u00e4 viskoosi takaa miellytt\u00e4v\u00e4n istuvuuden.<\/p>\n<ul>\n<li>Materiaali: 93 % viskoosia, 7 % elastaania<\/li>\n<li>Halkiot helmassa sivuilla<\/li>\n<li>Logo vasemmassa helmakulmassa<\/li>\n<li>Koko M: kokonaispituus 91 cm<\/li>\n<\/ul>\n<p><!--EndFragment --><\/p>\n","protected":false},"excerpt":{"rendered":"<p>Mukava viskoosista valmistettu T\u2011paitamallinen mekko, jossa on py\u00f6re\u00e4 p\u00e4\u00e4ntie. Pehme\u00e4 viskoosi takaa miellytt\u00e4v\u00e4n istuvuuden. Materiaali: 93 % viskoosia, 7 % elastaania Halkiot helmassa sivuilla Logo vasemmassa helmakulmassa Koko M: kokonaispituus 91 cm<\/p>\n","protected":false},"featured_media":62768,"template":"","meta":{"_acf_changed":false},"pwb-brand":[836],"product_brand":[],"product_cat":[877,593,827],"product_tag":[],"woo-feed-brand":[],"class_list":{"0":"post-64016","1":"product","2":"type-product","3":"status-publish","4":"has-post-thumbnail","6":"pwb-brand-holebrook-fi","7":"product_cat-edullinen-hinta-naiset","8":"product_cat-mekot","9":"product_cat-naiset","11":"first","12":"instock","13":"sale","14":"taxable","15":"shipping-taxable","16":"purchasable","17":"product-type-variable","18":"wvs-archive-product-wrapper"},"acf":[],"brands":[{"id":836,"name":"Holebrook","slug":"holebrook-fi"}],"_links":{"self":[{"href":"https:\/\/nautical.store\/fi\/wp-json\/wp\/v2\/product\/64016","targetHints":{"allow":["GET"]}}],"collection":[{"href":"https:\/\/nautical.store\/fi\/wp-json\/wp\/v2\/product"}],"about":[{"href":"https:\/\/nautical.store\/fi\/wp-json\/wp\/v2\/types\/product"}],"wp:featuredmedia":[{"embeddable":true,"href":"https:\/\/nautical.store\/fi\/wp-json\/wp\/v2\/media\/62768"}],"wp:attachment":[{"href":"https:\/\/nautical.store\/fi\/wp-json\/wp\/v2\/media?parent=64016"}],"wp:term":[{"taxonomy":"pwb-brand","embeddable":true,"href":"https:\/\/nautical.store\/fi\/wp-json\/wp\/v2\/pwb-brand?post=64016"},{"taxonomy":"product_brand","embeddable":true,"href":"https:\/\/nautical.store\/fi\/wp-json\/wp\/v2\/product_brand?post=64016"},{"taxonomy":"product_cat","embeddable":true,"href":"https:\/\/nautical.store\/fi\/wp-json\/wp\/v2\/product_cat?post=64016"},{"taxonomy":"product_tag","embeddable":true,"href":"https:\/\/nautical.store\/fi\/wp-json\/wp\/v2\/product_tag?post=64016"},{"taxonomy":"woo-feed-brand","embeddable":true,"href":"https:\/\/nautical.store\/fi\/wp-json\/wp\/v2\/woo-feed-brand?post=64016"}],"curies":[{"name":"wp","href":"https:\/\/api.w.org\/{rel}","templated":true}]}}