{"id":64024,"date":"2024-04-26T15:49:47","date_gmt":"2024-04-26T12:49:47","guid":{"rendered":"https:\/\/nautical.store\/toode\/beppe-polo\/"},"modified":"2025-08-08T18:26:08","modified_gmt":"2025-08-08T15:26:08","slug":"beppe-polo","status":"publish","type":"product","link":"https:\/\/nautical.store\/fi\/tuote\/beppe-polo\/","title":{"rendered":"Beppe Polo"},"content":{"rendered":"<p><!--StartFragment --><\/p>\n<p>Klassinen pikeepaita pehme\u00e4st\u00e4 luomupuuvillasta<\/p>\n<ul>\n<li>Materiaali: 100 % luomupuuvillaa<\/li>\n<li>Edess\u00e4 2 nappia ja kaulus<\/li>\n<li>Vasen hiha koristeltu brodeeratulla logolla<\/li>\n<li>Tavallinen istuvuus \u2013 mukava ja siisti arkik\u00e4ytt\u00f6\u00f6n<\/li>\n<\/ul>\n<p><!--EndFragment --><\/p>\n","protected":false},"excerpt":{"rendered":"<p>Klassinen pikeepaita pehme\u00e4st\u00e4 luomupuuvillasta Materiaali: 100 % luomupuuvillaa Edess\u00e4 2 nappia ja kaulus Vasen hiha koristeltu brodeeratulla logolla Tavallinen istuvuus \u2013 mukava ja siisti arkik\u00e4ytt\u00f6\u00f6n<\/p>\n","protected":false},"featured_media":83633,"template":"","meta":{"_acf_changed":false},"pwb-brand":[836],"product_brand":[],"product_cat":[876,777,633],"product_tag":[],"woo-feed-brand":[],"class_list":{"0":"post-64024","1":"product","2":"type-product","3":"status-publish","4":"has-post-thumbnail","6":"pwb-brand-holebrook-fi","7":"product_cat-edullinen-hinta-miehet-fi","8":"product_cat-miehet","9":"product_cat-paidat-fi","11":"first","12":"instock","13":"sale","14":"taxable","15":"shipping-taxable","16":"purchasable","17":"product-type-variable","18":"wvs-archive-product-wrapper"},"acf":[],"brands":[{"id":836,"name":"Holebrook","slug":"holebrook-fi"}],"_links":{"self":[{"href":"https:\/\/nautical.store\/fi\/wp-json\/wp\/v2\/product\/64024","targetHints":{"allow":["GET"]}}],"collection":[{"href":"https:\/\/nautical.store\/fi\/wp-json\/wp\/v2\/product"}],"about":[{"href":"https:\/\/nautical.store\/fi\/wp-json\/wp\/v2\/types\/product"}],"wp:featuredmedia":[{"embeddable":true,"href":"https:\/\/nautical.store\/fi\/wp-json\/wp\/v2\/media\/83633"}],"wp:attachment":[{"href":"https:\/\/nautical.store\/fi\/wp-json\/wp\/v2\/media?parent=64024"}],"wp:term":[{"taxonomy":"pwb-brand","embeddable":true,"href":"https:\/\/nautical.store\/fi\/wp-json\/wp\/v2\/pwb-brand?post=64024"},{"taxonomy":"product_brand","embeddable":true,"href":"https:\/\/nautical.store\/fi\/wp-json\/wp\/v2\/product_brand?post=64024"},{"taxonomy":"product_cat","embeddable":true,"href":"https:\/\/nautical.store\/fi\/wp-json\/wp\/v2\/product_cat?post=64024"},{"taxonomy":"product_tag","embeddable":true,"href":"https:\/\/nautical.store\/fi\/wp-json\/wp\/v2\/product_tag?post=64024"},{"taxonomy":"woo-feed-brand","embeddable":true,"href":"https:\/\/nautical.store\/fi\/wp-json\/wp\/v2\/woo-feed-brand?post=64024"}],"curies":[{"name":"wp","href":"https:\/\/api.w.org\/{rel}","templated":true}]}}