{"id":64035,"date":"2024-04-25T15:08:43","date_gmt":"2024-04-25T12:08:43","guid":{"rendered":"https:\/\/nautical.store\/toode\/emily-mekko\/"},"modified":"2024-07-30T11:44:33","modified_gmt":"2024-07-30T08:44:33","slug":"emily-mekko","status":"publish","type":"product","link":"https:\/\/nautical.store\/fi\/tuote\/emily-mekko\/","title":{"rendered":"Emily Mekko"},"content":{"rendered":"<p>Kevyt kes\u00e4raitamekko puuvillan ja pellavan sekoituksesta. Sopii k\u00e4ytett\u00e4v\u00e4ksi lenkkareiden kanssa.<\/p>\n<ul>\n<li>Materiaali: 55 % pellavaa, 45 % puuvillaa<\/li>\n<li>V-p\u00e4\u00e4ntie<\/li>\n<li>Irrotettava leve\u00e4 vy\u00f6<\/li>\n<li>Hengitt\u00e4v\u00e4\u00e4 pellavaa<\/li>\n<li>S\u00e4\u00e4nn\u00f6llinen istuvuus<\/li>\n<\/ul>\n","protected":false},"excerpt":{"rendered":"<p>Kevyt kes\u00e4raitamekko puuvillan ja pellavan sekoituksesta. Sopii k\u00e4ytett\u00e4v\u00e4ksi lenkkareiden kanssa. Materiaali: 55 % pellavaa, 45 % puuvillaa V-p\u00e4\u00e4ntie Irrotettava leve\u00e4 vy\u00f6 Hengitt\u00e4v\u00e4\u00e4 pellavaa S\u00e4\u00e4nn\u00f6llinen istuvuus<\/p>\n","protected":false},"featured_media":62637,"template":"","meta":{"_acf_changed":false},"pwb-brand":[836],"product_brand":[],"product_cat":[877,593,827],"product_tag":[],"woo-feed-brand":[],"class_list":{"0":"post-64035","1":"product","2":"type-product","3":"status-publish","4":"has-post-thumbnail","6":"pwb-brand-holebrook-fi","7":"product_cat-edullinen-hinta-naiset","8":"product_cat-mekot","9":"product_cat-naiset","11":"first","12":"outofstock","13":"taxable","14":"shipping-taxable","15":"product-type-variable","16":"wvs-archive-product-wrapper"},"acf":[],"brands":[{"id":836,"name":"Holebrook","slug":"holebrook-fi"}],"_links":{"self":[{"href":"https:\/\/nautical.store\/fi\/wp-json\/wp\/v2\/product\/64035","targetHints":{"allow":["GET"]}}],"collection":[{"href":"https:\/\/nautical.store\/fi\/wp-json\/wp\/v2\/product"}],"about":[{"href":"https:\/\/nautical.store\/fi\/wp-json\/wp\/v2\/types\/product"}],"wp:featuredmedia":[{"embeddable":true,"href":"https:\/\/nautical.store\/fi\/wp-json\/wp\/v2\/media\/62637"}],"wp:attachment":[{"href":"https:\/\/nautical.store\/fi\/wp-json\/wp\/v2\/media?parent=64035"}],"wp:term":[{"taxonomy":"pwb-brand","embeddable":true,"href":"https:\/\/nautical.store\/fi\/wp-json\/wp\/v2\/pwb-brand?post=64035"},{"taxonomy":"product_brand","embeddable":true,"href":"https:\/\/nautical.store\/fi\/wp-json\/wp\/v2\/product_brand?post=64035"},{"taxonomy":"product_cat","embeddable":true,"href":"https:\/\/nautical.store\/fi\/wp-json\/wp\/v2\/product_cat?post=64035"},{"taxonomy":"product_tag","embeddable":true,"href":"https:\/\/nautical.store\/fi\/wp-json\/wp\/v2\/product_tag?post=64035"},{"taxonomy":"woo-feed-brand","embeddable":true,"href":"https:\/\/nautical.store\/fi\/wp-json\/wp\/v2\/woo-feed-brand?post=64035"}],"curies":[{"name":"wp","href":"https:\/\/api.w.org\/{rel}","templated":true}]}}