{"id":64040,"date":"2024-04-25T13:35:09","date_gmt":"2024-04-25T10:35:09","guid":{"rendered":"https:\/\/nautical.store\/toode\/emily-hame\/"},"modified":"2025-10-12T14:47:55","modified_gmt":"2025-10-12T11:47:55","slug":"emily-hame","status":"publish","type":"product","link":"https:\/\/nautical.store\/fi\/tuote\/emily-hame\/","title":{"rendered":"Emily Hame"},"content":{"rendered":"<p>Kevyt ja ihastuttava Holebrook-hame ilmavasta pellava\u2013puuvillasekoitteesta. Hengitt\u00e4v\u00e4 materiaali tuntuu miellytt\u00e4v\u00e4lt\u00e4 p\u00e4\u00e4ll\u00e4, ja pitk\u00e4 A-linjainen leikkaus laskeutuu kauniisti. Raitakuosi tuo raikkaan ilmeen, ja k\u00e4yt\u00e4nn\u00f6lliset sivutaskut viimeistelev\u00e4t kokonaisuuden.<br \/>\n\u2022 Hengitt\u00e4v\u00e4 pellavasekoite<br \/>\n\u2022 Pitk\u00e4 A-linjainen malli<br \/>\n\u2022 Raitakuosi<br \/>\n\u2022 Sivutaskut<br \/>\n\u2022 Normaali mitoitus<br \/>\n\u2022 55 % pellavaa, 45 % puuvillaa<\/p>\n","protected":false},"excerpt":{"rendered":"<p>Kevyt ja ihastuttava Holebrook-hame ilmavasta pellava\u2013puuvillasekoitteesta. Hengitt\u00e4v\u00e4 materiaali tuntuu miellytt\u00e4v\u00e4lt\u00e4 p\u00e4\u00e4ll\u00e4, ja pitk\u00e4 A-linjainen leikkaus laskeutuu kauniisti. Raitakuosi tuo raikkaan ilmeen, ja k\u00e4yt\u00e4nn\u00f6lliset sivutaskut viimeistelev\u00e4t kokonaisuuden. \u2022 Hengitt\u00e4v\u00e4 pellavasekoite \u2022 Pitk\u00e4 A-linjainen malli \u2022 Raitakuosi \u2022 Sivutaskut \u2022 Normaali mitoitus \u2022 55 % pellavaa, 45 % puuvillaa<\/p>\n","protected":false},"featured_media":62600,"template":"","meta":{"_acf_changed":false},"pwb-brand":[836],"product_brand":[],"product_cat":[877,639,827],"product_tag":[],"woo-feed-brand":[],"class_list":{"0":"post-64040","1":"product","2":"type-product","3":"status-publish","4":"has-post-thumbnail","6":"pwb-brand-holebrook-fi","7":"product_cat-edullinen-hinta-naiset","8":"product_cat-hameet","9":"product_cat-naiset","11":"first","12":"instock","13":"sale","14":"taxable","15":"shipping-taxable","16":"purchasable","17":"product-type-variable","18":"wvs-archive-product-wrapper"},"acf":[],"brands":[{"id":836,"name":"Holebrook","slug":"holebrook-fi"}],"_links":{"self":[{"href":"https:\/\/nautical.store\/fi\/wp-json\/wp\/v2\/product\/64040","targetHints":{"allow":["GET"]}}],"collection":[{"href":"https:\/\/nautical.store\/fi\/wp-json\/wp\/v2\/product"}],"about":[{"href":"https:\/\/nautical.store\/fi\/wp-json\/wp\/v2\/types\/product"}],"wp:featuredmedia":[{"embeddable":true,"href":"https:\/\/nautical.store\/fi\/wp-json\/wp\/v2\/media\/62600"}],"wp:attachment":[{"href":"https:\/\/nautical.store\/fi\/wp-json\/wp\/v2\/media?parent=64040"}],"wp:term":[{"taxonomy":"pwb-brand","embeddable":true,"href":"https:\/\/nautical.store\/fi\/wp-json\/wp\/v2\/pwb-brand?post=64040"},{"taxonomy":"product_brand","embeddable":true,"href":"https:\/\/nautical.store\/fi\/wp-json\/wp\/v2\/product_brand?post=64040"},{"taxonomy":"product_cat","embeddable":true,"href":"https:\/\/nautical.store\/fi\/wp-json\/wp\/v2\/product_cat?post=64040"},{"taxonomy":"product_tag","embeddable":true,"href":"https:\/\/nautical.store\/fi\/wp-json\/wp\/v2\/product_tag?post=64040"},{"taxonomy":"woo-feed-brand","embeddable":true,"href":"https:\/\/nautical.store\/fi\/wp-json\/wp\/v2\/woo-feed-brand?post=64040"}],"curies":[{"name":"wp","href":"https:\/\/api.w.org\/{rel}","templated":true}]}}