{"id":64074,"date":"2024-04-22T13:54:15","date_gmt":"2024-04-22T10:54:15","guid":{"rendered":"https:\/\/nautical.store\/toode\/isabella-tee\/"},"modified":"2026-01-22T23:21:46","modified_gmt":"2026-01-22T21:21:46","slug":"isabella-tee","status":"publish","type":"product","link":"https:\/\/nautical.store\/fi\/tuote\/isabella-tee\/","title":{"rendered":"Isabella\u2011neulepusero"},"content":{"rendered":"<p><!--StartFragment --><\/p>\n<p>Puuvillainen, T\u2011paidan mallinen neulepusero. Yksinkertainen ja tyylik\u00e4s design, avaralla istuvuudella.<\/p>\n<ul>\n<li>100 % slub\u2011puuvillaa<\/li>\n<li>Py\u00f6re\u00e4 p\u00e4\u00e4ntie<\/li>\n<li>V\u00e4lj\u00e4 istuvuus<\/li>\n<li>Valmistettu Euroopassa<\/li>\n<li>Slub\u2011puuvilla: langassa on tarkoituksella ep\u00e4s\u00e4\u00e4nn\u00f6llisi\u00e4, hieman paksumpia ja ohuempia kohtia, jotka tuovat pintaan kevyen tekstuurin<\/li>\n<\/ul>\n<p><!--EndFragment --><\/p>\n","protected":false},"excerpt":{"rendered":"<p>Puuvillainen, T\u2011paidan mallinen neulepusero. Yksinkertainen ja tyylik\u00e4s design, avaralla istuvuudella. 100 % slub\u2011puuvillaa Py\u00f6re\u00e4 p\u00e4\u00e4ntie V\u00e4lj\u00e4 istuvuus Valmistettu Euroopassa Slub\u2011puuvilla: langassa on tarkoituksella ep\u00e4s\u00e4\u00e4nn\u00f6llisi\u00e4, hieman paksumpia ja ohuempia kohtia, jotka tuovat pintaan kevyen tekstuurin<\/p>\n","protected":false},"featured_media":62327,"template":"","meta":{"_acf_changed":false},"pwb-brand":[836],"product_brand":[],"product_cat":[877,827,601],"product_tag":[],"woo-feed-brand":[],"class_list":{"0":"post-64074","1":"product","2":"type-product","3":"status-publish","4":"has-post-thumbnail","6":"pwb-brand-holebrook-fi","7":"product_cat-edullinen-hinta-naiset","8":"product_cat-naiset","9":"product_cat-neuleet","11":"first","12":"outofstock","13":"sale","14":"taxable","15":"shipping-taxable","16":"purchasable","17":"product-type-variable","18":"wvs-archive-product-wrapper"},"acf":[],"brands":[{"id":836,"name":"Holebrook","slug":"holebrook-fi"}],"_links":{"self":[{"href":"https:\/\/nautical.store\/fi\/wp-json\/wp\/v2\/product\/64074","targetHints":{"allow":["GET"]}}],"collection":[{"href":"https:\/\/nautical.store\/fi\/wp-json\/wp\/v2\/product"}],"about":[{"href":"https:\/\/nautical.store\/fi\/wp-json\/wp\/v2\/types\/product"}],"wp:featuredmedia":[{"embeddable":true,"href":"https:\/\/nautical.store\/fi\/wp-json\/wp\/v2\/media\/62327"}],"wp:attachment":[{"href":"https:\/\/nautical.store\/fi\/wp-json\/wp\/v2\/media?parent=64074"}],"wp:term":[{"taxonomy":"pwb-brand","embeddable":true,"href":"https:\/\/nautical.store\/fi\/wp-json\/wp\/v2\/pwb-brand?post=64074"},{"taxonomy":"product_brand","embeddable":true,"href":"https:\/\/nautical.store\/fi\/wp-json\/wp\/v2\/product_brand?post=64074"},{"taxonomy":"product_cat","embeddable":true,"href":"https:\/\/nautical.store\/fi\/wp-json\/wp\/v2\/product_cat?post=64074"},{"taxonomy":"product_tag","embeddable":true,"href":"https:\/\/nautical.store\/fi\/wp-json\/wp\/v2\/product_tag?post=64074"},{"taxonomy":"woo-feed-brand","embeddable":true,"href":"https:\/\/nautical.store\/fi\/wp-json\/wp\/v2\/woo-feed-brand?post=64074"}],"curies":[{"name":"wp","href":"https:\/\/api.w.org\/{rel}","templated":true}]}}